{"id":96,"date":"2015-06-02T18:27:49","date_gmt":"2015-06-02T18:27:49","guid":{"rendered":"http:\/\/asesoriabaix.es\/?page_id=96"},"modified":"2024-03-26T15:58:39","modified_gmt":"2024-03-26T14:58:39","slug":"contacte","status":"publish","type":"page","link":"https:\/\/www.asesoriabaix.es\/ca\/contacte\/","title":{"rendered":"Contacte"},"content":{"rendered":"<p>[et_pb_section fb_built=&#8221;1&#8243; fullwidth=&#8221;on&#8221; _builder_version=&#8221;4.20.0&#8243; _module_preset=&#8221;default&#8221; min_height=&#8221;40%&#8221; global_colors_info=&#8221;{}&#8221;][et_pb_fullwidth_header text_orientation=&#8221;center&#8221; _builder_version=&#8221;4.20.0&#8243; _module_preset=&#8221;default&#8221; title_font_size=&#8221;4em&#8221; background_color=&#8221;#FFFFFF&#8221; background_image=&#8221;https:\/\/www.asesoriabaix.es\/wp-content\/uploads\/2023\/03\/contacto.jpg&#8221; min_height=&#8221;500px&#8221; height=&#8221;500px&#8221; max_height=&#8221;500px&#8221; custom_margin=&#8221;0px||||false|false&#8221; custom_padding=&#8221;160px||||false|false&#8221; custom_css_title=&#8221;display: inline-block!important;||background: rgba(21,20,20,0.80);||padding: 0.1em 0.2em;||border-radius: 8px;&#8221; global_colors_info=&#8221;{}&#8221;][\/et_pb_fullwidth_header][\/et_pb_section][et_pb_section fb_built=&#8221;1&#8243; _builder_version=&#8221;4.19.5&#8243; _module_preset=&#8221;default&#8221; global_colors_info=&#8221;{}&#8221;][et_pb_row _builder_version=&#8221;4.19.5&#8243; _module_preset=&#8221;default&#8221; global_colors_info=&#8221;{}&#8221;][et_pb_column type=&#8221;4_4&#8243; _builder_version=&#8221;4.19.5&#8243; _module_preset=&#8221;default&#8221; global_colors_info=&#8221;{}&#8221;][et_pb_text _builder_version=&#8221;4.20.0&#8243; _module_preset=&#8221;default&#8221; text_font_size=&#8221;1.2em&#8221; text_line_height=&#8221;1.8em&#8221; link_font=&#8221;|700|||on||||&#8221; link_text_color=&#8221;#195908&#8243; header_font_size=&#8221;2.4em&#8221; header_2_font_size=&#8221;1.8em&#8221; global_colors_info=&#8221;{}&#8221;]<\/p>\n<h1 style=\"text-align: center;\">Asesor\u00eda Baix Llobregat<\/h1>\n<h2 style=\"text-align: center;\">Contacto\u00a0<\/h2>\n<p>[\/et_pb_text][\/et_pb_column][\/et_pb_row][et_pb_row column_structure=&#8221;1_2,1_2&#8243; _builder_version=&#8221;4.19.5&#8243; _module_preset=&#8221;default&#8221; global_colors_info=&#8221;{}&#8221;][et_pb_column type=&#8221;1_2&#8243; _builder_version=&#8221;4.19.5&#8243; _module_preset=&#8221;default&#8221; global_colors_info=&#8221;{}&#8221;][et_pb_text _builder_version=&#8221;4.20.0&#8243; _module_preset=&#8221;default&#8221; text_font_size=&#8221;1.2em&#8221; text_line_height=&#8221;1.8em&#8221; link_font=&#8221;|700|||on||||&#8221; link_text_color=&#8221;#670202&#8243; header_font_size=&#8221;2.4em&#8221; header_2_font_size=&#8221;1.8em&#8221; global_colors_info=&#8221;{}&#8221;]<\/p>\n<p style=\"text-align: center;\">Pje. Francesc Layret, 9-11 (Plaza)<\/p>\n<p style=\"text-align: center;\">08940 CORNELLA DE LLOBREGAT<\/p>\n<p style=\"text-align: center;\"><a href=\"https:\/\/goo.gl\/maps\/otTkTCosHXnTCbPn9\" title=\"Enlace a la localizaci\u00f3n de Baix Asesoramiento en Google Maps\">Veure la localitzaci\u00f3 a Google Maps<\/a><\/p>\n<p style=\"text-align: center;\">Tel: 93 474 21 02<\/p>\n<p style=\"text-align: center;\">e-mail: <a href=\"mailto:consultas@asesoriabaix.com\" title=\"Enviar correo electr\u00f3nico a consultas@asesoriabaix.com\">consultas@asesoriabaix.com<\/a><\/p>\n<p style=\"text-align: center;\">Els nostres horaris son:<\/p>\n<p style=\"text-align: center;\">De dilluns a dijous:<\/p>\n<p style=\"text-align: center;\">de 9:00 a 14:00 hores y de 15:30 a 18:30 hores,<\/p>\n<p style=\"text-align: center;\">els divendres:<\/p>\n<p style=\"text-align: center;\">de 9:00 a 14:00 horas.<\/p>\n<p style=\"text-align: center;\">\n<p>[\/et_pb_text][\/et_pb_column][et_pb_column type=&#8221;1_2&#8243; _builder_version=&#8221;4.19.5&#8243; _module_preset=&#8221;default&#8221; global_colors_info=&#8221;{}&#8221;][et_pb_image src=&#8221;https:\/\/www.asesoriabaix.es\/wp-content\/uploads\/2023\/03\/mapa.jpg&#8221; alt=&#8221;Mapa de localizaci\u00f3 de Baix Asesoramiento y gesti\u00f3n&#8221; title_text=&#8221;mapa&#8221; align=&#8221;center&#8221; _builder_version=&#8221;4.20.0&#8243; _module_preset=&#8221;default&#8221; global_colors_info=&#8221;{}&#8221;][\/et_pb_image][\/et_pb_column][\/et_pb_row][\/et_pb_section][et_pb_section fb_built=&#8221;1&#8243; _builder_version=&#8221;4.19.5&#8243; _module_preset=&#8221;default&#8221; custom_padding=&#8221;5px||7px|||&#8221; border_width_top=&#8221;1px&#8221; global_colors_info=&#8221;{}&#8221;][et_pb_row _builder_version=&#8221;4.20.0&#8243; _module_preset=&#8221;default&#8221; global_colors_info=&#8221;{}&#8221;][et_pb_column type=&#8221;4_4&#8243; _builder_version=&#8221;4.20.0&#8243; _module_preset=&#8221;default&#8221; global_colors_info=&#8221;{}&#8221;][et_pb_text _builder_version=&#8221;4.20.0&#8243; _module_preset=&#8221;default&#8221; text_font=&#8221;|700|||||||&#8221; text_font_size=&#8221;16px&#8221; custom_margin=&#8221;||-5px|||&#8221; global_colors_info=&#8221;{}&#8221;]<\/p>\n<p style=\"text-align: center;\">P\u00e1gina web creada y financiada con fondos del Kit Digital<\/p>\n<p>[\/et_pb_text][\/et_pb_column][\/et_pb_row][et_pb_row column_structure=&#8221;1_2,1_2&#8243; _builder_version=&#8221;4.19.5&#8243; _module_preset=&#8221;default&#8221; global_colors_info=&#8221;{}&#8221;][et_pb_column type=&#8221;1_2&#8243; _builder_version=&#8221;4.19.5&#8243; _module_preset=&#8221;default&#8221; global_colors_info=&#8221;{}&#8221;][et_pb_image src=&#8221;https:\/\/www.asesoriabaix.es\/wp-content\/uploads\/2023\/03\/financiado-ue.jpg&#8221; alt=&#8221;Financiado por la Uni\u00f3n Europea &#8211; Next Generation EU&#8221; title_text=&#8221;Logotipo de la financiaci\u00f3n de la Uni\u00f3n Europea&#8221; align=&#8221;center&#8221; _builder_version=&#8221;4.20.0&#8243; _module_preset=&#8221;default&#8221; global_colors_info=&#8221;{}&#8221;][\/et_pb_image][\/et_pb_column][et_pb_column type=&#8221;1_2&#8243; _builder_version=&#8221;4.19.5&#8243; _module_preset=&#8221;default&#8221; global_colors_info=&#8221;{}&#8221;][et_pb_image src=&#8221;https:\/\/www.asesoriabaix.es\/wp-content\/uploads\/2023\/03\/planrecuperacion.jpg&#8221; alt=&#8221;Gobierno de Espa\u00f1a, plan de recuperaci\u00f3n, transformaci\u00f3n y resiliencia&#8221; title_text=&#8221;Logotipo plan recuperacion Gobierno de Espa\u00f1a&#8221; align=&#8221;center&#8221; _builder_version=&#8221;4.20.0&#8243; _module_preset=&#8221;default&#8221; global_colors_info=&#8221;{}&#8221;][\/et_pb_image][\/et_pb_column][\/et_pb_row][\/et_pb_section]<\/p>\n","protected":false},"excerpt":{"rendered":"<p>Asesor\u00eda Baix Llobregat Contacto\u00a0Pje. Francesc Layret, 9-11 (Plaza) 08940 CORNELLA DE LLOBREGAT Veure la localitzaci\u00f3 a Google Maps Tel: 93 474 21 02 e-mail: consultas@asesoriabaix.com Els nostres horaris son: De dilluns a dijous: de 9:00 a 14:00 hores y de 15:30 a 18:30 hores, els divendres: de 9:00 a 14:00 horas. P\u00e1gina web creada y [&hellip;]<\/p>\n","protected":false},"author":3,"featured_media":0,"parent":0,"menu_order":0,"comment_status":"closed","ping_status":"closed","template":"","meta":{"_et_pb_use_builder":"on","_et_pb_old_content":"","_et_gb_content_width":"1080"},"yoast_head":"<!-- This site is optimized with the Yoast SEO plugin v20.2.1 - https:\/\/yoast.com\/wordpress\/plugins\/seo\/ -->\n<title>Contacte - Assessoria Baix<\/title>\n<meta name=\"description\" content=\"Adre\u00e7a : Pje. Francesc Layret, 9-11 (Pla\u00e7a) 08940 CORNELLA DE LLOBREGAT Tel: 93 474 21 02 e-mail: consultas@asesoriabaix.com\" \/>\n<meta name=\"robots\" content=\"index, follow, max-snippet:-1, max-image-preview:large, max-video-preview:-1\" \/>\n<link rel=\"canonical\" href=\"https:\/\/www.asesoriabaix.es\/ca\/contacte\/\" \/>\n<meta property=\"og:locale\" content=\"ca_ES\" \/>\n<meta property=\"og:type\" content=\"article\" \/>\n<meta property=\"og:title\" content=\"Contacte - Assessoria Baix\" \/>\n<meta property=\"og:description\" content=\"Adre\u00e7a : Pje. Francesc Layret, 9-11 (Pla\u00e7a) 08940 CORNELLA DE LLOBREGAT Tel: 93 474 21 02 e-mail: consultas@asesoriabaix.com\" \/>\n<meta property=\"og:url\" content=\"https:\/\/www.asesoriabaix.es\/ca\/contacte\/\" \/>\n<meta property=\"og:site_name\" content=\"Baix Asesoramiento y Gesti\u00f3n\" \/>\n<meta property=\"article:modified_time\" content=\"2024-03-26T14:58:39+00:00\" \/>\n<meta name=\"twitter:card\" content=\"summary_large_image\" \/>\n<meta name=\"twitter:label1\" content=\"Temps estimat de lectura\" \/>\n\t<meta name=\"twitter:data1\" content=\"1 minut\" \/>\n<script type=\"application\/ld+json\" class=\"yoast-schema-graph\">{\"@context\":\"https:\/\/schema.org\",\"@graph\":[{\"@type\":\"WebPage\",\"@id\":\"https:\/\/www.asesoriabaix.es\/ca\/contacte\/\",\"url\":\"https:\/\/www.asesoriabaix.es\/ca\/contacte\/\",\"name\":\"Contacte - Assessoria Baix\",\"isPartOf\":{\"@id\":\"https:\/\/www.asesoriabaix.es\/ca\/#website\"},\"datePublished\":\"2015-06-02T18:27:49+00:00\",\"dateModified\":\"2024-03-26T14:58:39+00:00\",\"description\":\"Adre\u00e7a : Pje. Francesc Layret, 9-11 (Pla\u00e7a) 08940 CORNELLA DE LLOBREGAT Tel: 93 474 21 02 e-mail: consultas@asesoriabaix.com\",\"breadcrumb\":{\"@id\":\"https:\/\/www.asesoriabaix.es\/ca\/contacte\/#breadcrumb\"},\"inLanguage\":\"ca\",\"potentialAction\":[{\"@type\":\"ReadAction\",\"target\":[\"https:\/\/www.asesoriabaix.es\/ca\/contacte\/\"]}]},{\"@type\":\"BreadcrumbList\",\"@id\":\"https:\/\/www.asesoriabaix.es\/ca\/contacte\/#breadcrumb\",\"itemListElement\":[{\"@type\":\"ListItem\",\"position\":1,\"name\":\"Portada\",\"item\":\"https:\/\/www.asesoriabaix.es\/ca\/\"},{\"@type\":\"ListItem\",\"position\":2,\"name\":\"Contacte\"}]},{\"@type\":\"WebSite\",\"@id\":\"https:\/\/www.asesoriabaix.es\/ca\/#website\",\"url\":\"https:\/\/www.asesoriabaix.es\/ca\/\",\"name\":\"Asesoria Baix Llobregat - BAIX\",\"description\":\"Asesoramiento y gesti\u00f3n\",\"publisher\":{\"@id\":\"https:\/\/www.asesoriabaix.es\/ca\/#organization\"},\"potentialAction\":[{\"@type\":\"SearchAction\",\"target\":{\"@type\":\"EntryPoint\",\"urlTemplate\":\"https:\/\/www.asesoriabaix.es\/ca\/?s={search_term_string}\"},\"query-input\":\"required name=search_term_string\"}],\"inLanguage\":\"ca\"},{\"@type\":\"Organization\",\"@id\":\"https:\/\/www.asesoriabaix.es\/ca\/#organization\",\"name\":\"Baix Asesoramiento Y Gestion SL\",\"url\":\"https:\/\/www.asesoriabaix.es\/ca\/\",\"logo\":{\"@type\":\"ImageObject\",\"inLanguage\":\"ca\",\"@id\":\"https:\/\/www.asesoriabaix.es\/ca\/#\/schema\/logo\/image\/\",\"url\":\"https:\/\/www.asesoriabaix.es\/wp-content\/uploads\/2023\/03\/baix-logo.png\",\"contentUrl\":\"https:\/\/www.asesoriabaix.es\/wp-content\/uploads\/2023\/03\/baix-logo.png\",\"width\":390,\"height\":129,\"caption\":\"Baix Asesoramiento Y Gestion SL\"},\"image\":{\"@id\":\"https:\/\/www.asesoriabaix.es\/ca\/#\/schema\/logo\/image\/\"}}]}<\/script>\n<!-- \/ Yoast SEO plugin. -->","yoast_head_json":{"title":"Contacte - Assessoria Baix","description":"Adre\u00e7a : Pje. Francesc Layret, 9-11 (Pla\u00e7a) 08940 CORNELLA DE LLOBREGAT Tel: 93 474 21 02 e-mail: consultas@asesoriabaix.com","robots":{"index":"index","follow":"follow","max-snippet":"max-snippet:-1","max-image-preview":"max-image-preview:large","max-video-preview":"max-video-preview:-1"},"canonical":"https:\/\/www.asesoriabaix.es\/ca\/contacte\/","og_locale":"ca_ES","og_type":"article","og_title":"Contacte - Assessoria Baix","og_description":"Adre\u00e7a : Pje. Francesc Layret, 9-11 (Pla\u00e7a) 08940 CORNELLA DE LLOBREGAT Tel: 93 474 21 02 e-mail: consultas@asesoriabaix.com","og_url":"https:\/\/www.asesoriabaix.es\/ca\/contacte\/","og_site_name":"Baix Asesoramiento y Gesti\u00f3n","article_modified_time":"2024-03-26T14:58:39+00:00","twitter_card":"summary_large_image","twitter_misc":{"Temps estimat de lectura":"1 minut"},"schema":{"@context":"https:\/\/schema.org","@graph":[{"@type":"WebPage","@id":"https:\/\/www.asesoriabaix.es\/ca\/contacte\/","url":"https:\/\/www.asesoriabaix.es\/ca\/contacte\/","name":"Contacte - Assessoria Baix","isPartOf":{"@id":"https:\/\/www.asesoriabaix.es\/ca\/#website"},"datePublished":"2015-06-02T18:27:49+00:00","dateModified":"2024-03-26T14:58:39+00:00","description":"Adre\u00e7a : Pje. Francesc Layret, 9-11 (Pla\u00e7a) 08940 CORNELLA DE LLOBREGAT Tel: 93 474 21 02 e-mail: consultas@asesoriabaix.com","breadcrumb":{"@id":"https:\/\/www.asesoriabaix.es\/ca\/contacte\/#breadcrumb"},"inLanguage":"ca","potentialAction":[{"@type":"ReadAction","target":["https:\/\/www.asesoriabaix.es\/ca\/contacte\/"]}]},{"@type":"BreadcrumbList","@id":"https:\/\/www.asesoriabaix.es\/ca\/contacte\/#breadcrumb","itemListElement":[{"@type":"ListItem","position":1,"name":"Portada","item":"https:\/\/www.asesoriabaix.es\/ca\/"},{"@type":"ListItem","position":2,"name":"Contacte"}]},{"@type":"WebSite","@id":"https:\/\/www.asesoriabaix.es\/ca\/#website","url":"https:\/\/www.asesoriabaix.es\/ca\/","name":"Asesoria Baix Llobregat - BAIX","description":"Asesoramiento y gesti\u00f3n","publisher":{"@id":"https:\/\/www.asesoriabaix.es\/ca\/#organization"},"potentialAction":[{"@type":"SearchAction","target":{"@type":"EntryPoint","urlTemplate":"https:\/\/www.asesoriabaix.es\/ca\/?s={search_term_string}"},"query-input":"required name=search_term_string"}],"inLanguage":"ca"},{"@type":"Organization","@id":"https:\/\/www.asesoriabaix.es\/ca\/#organization","name":"Baix Asesoramiento Y Gestion SL","url":"https:\/\/www.asesoriabaix.es\/ca\/","logo":{"@type":"ImageObject","inLanguage":"ca","@id":"https:\/\/www.asesoriabaix.es\/ca\/#\/schema\/logo\/image\/","url":"https:\/\/www.asesoriabaix.es\/wp-content\/uploads\/2023\/03\/baix-logo.png","contentUrl":"https:\/\/www.asesoriabaix.es\/wp-content\/uploads\/2023\/03\/baix-logo.png","width":390,"height":129,"caption":"Baix Asesoramiento Y Gestion SL"},"image":{"@id":"https:\/\/www.asesoriabaix.es\/ca\/#\/schema\/logo\/image\/"}}]}},"_links":{"self":[{"href":"https:\/\/www.asesoriabaix.es\/ca\/wp-json\/wp\/v2\/pages\/96"}],"collection":[{"href":"https:\/\/www.asesoriabaix.es\/ca\/wp-json\/wp\/v2\/pages"}],"about":[{"href":"https:\/\/www.asesoriabaix.es\/ca\/wp-json\/wp\/v2\/types\/page"}],"author":[{"embeddable":true,"href":"https:\/\/www.asesoriabaix.es\/ca\/wp-json\/wp\/v2\/users\/3"}],"replies":[{"embeddable":true,"href":"https:\/\/www.asesoriabaix.es\/ca\/wp-json\/wp\/v2\/comments?post=96"}],"version-history":[{"count":20,"href":"https:\/\/www.asesoriabaix.es\/ca\/wp-json\/wp\/v2\/pages\/96\/revisions"}],"predecessor-version":[{"id":2871,"href":"https:\/\/www.asesoriabaix.es\/ca\/wp-json\/wp\/v2\/pages\/96\/revisions\/2871"}],"wp:attachment":[{"href":"https:\/\/www.asesoriabaix.es\/ca\/wp-json\/wp\/v2\/media?parent=96"}],"curies":[{"name":"wp","href":"https:\/\/api.w.org\/{rel}","templated":true}]}}