{"id":78,"date":"2015-06-02T18:19:19","date_gmt":"2015-06-02T18:19:19","guid":{"rendered":"http:\/\/asesoriabaix.es\/?page_id=78"},"modified":"2023-09-20T08:29:29","modified_gmt":"2023-09-20T07:29:29","slug":"juridic","status":"publish","type":"page","link":"https:\/\/www.asesoriabaix.es\/ca\/juridic\/","title":{"rendered":"Jur\u00eddic"},"content":{"rendered":"<p>[et_pb_section fb_built=&#8221;1&#8243; fullwidth=&#8221;on&#8221; _builder_version=&#8221;4.20.0&#8243; _module_preset=&#8221;default&#8221; min_height=&#8221;40%&#8221; global_colors_info=&#8221;{}&#8221;][et_pb_fullwidth_header text_orientation=&#8221;center&#8221; _builder_version=&#8221;4.20.0&#8243; _module_preset=&#8221;default&#8221; title_font_size=&#8221;4em&#8221; background_color=&#8221;#FFFFFF&#8221; background_image=&#8221;https:\/\/www.asesoriabaix.es\/wp-content\/uploads\/2023\/03\/areajuridica.jpg&#8221; min_height=&#8221;500px&#8221; height=&#8221;500px&#8221; max_height=&#8221;500px&#8221; custom_margin=&#8221;0px||||false|false&#8221; custom_padding=&#8221;160px||||false|false&#8221; custom_css_title=&#8221;display: inline-block!important;||background: rgba(21,20,20,0.80);||padding: 0.1em 0.2em;||border-radius: 8px;&#8221; global_colors_info=&#8221;{}&#8221;][\/et_pb_fullwidth_header][\/et_pb_section][et_pb_section fb_built=&#8221;1&#8243; _builder_version=&#8221;4.19.5&#8243; _module_preset=&#8221;default&#8221; global_colors_info=&#8221;{}&#8221;][et_pb_row _builder_version=&#8221;4.19.5&#8243; _module_preset=&#8221;default&#8221; global_colors_info=&#8221;{}&#8221;][et_pb_column type=&#8221;4_4&#8243; _builder_version=&#8221;4.19.5&#8243; _module_preset=&#8221;default&#8221; global_colors_info=&#8221;{}&#8221;][et_pb_text _builder_version=&#8221;4.20.0&#8243; _module_preset=&#8221;default&#8221; text_font_size=&#8221;1.2em&#8221; text_line_height=&#8221;1.8em&#8221; link_font=&#8221;|700|||on||||&#8221; link_text_color=&#8221;#195908&#8243; header_font_size=&#8221;2.4em&#8221; header_2_font_size=&#8221;1.8em&#8221; hover_enabled=&#8221;0&#8243; global_colors_info=&#8221;{}&#8221; sticky_enabled=&#8221;0&#8243;]<\/p>\n<h1 style=\"text-align: center;\">Assessoria Baix Llobregat<\/h1>\n<h2 style=\"text-align: center;\">\u00c0rea Jur\u00eddica<\/h2>\n<p><span style=\"font-weight: 400;\">L&#8217;\u00e0rea jur\u00eddica d&#8217;una assessoria es dedica a brindar assessorament i solucions en mat\u00e8ria legal als seus clients. Els professionals que treballen en aquesta \u00e0rea tenen una formaci\u00f3 jur\u00eddica espec\u00edfica i estan especialitzats en diferents branques del dret, com ara el dret civil, el dret mercantil, el dret laboral, el dret fiscal, entre d&#8217;altres.<\/span><span style=\"font-weight: 400;\"><\/span><\/p>\n<p><span style=\"font-weight: 400;\">Entre les funcions de l&#8217;\u00e0rea jur\u00eddica de la nostra assessoria s&#8217;inclouen:<\/span>oversias relacionadas con la aplicaci\u00f3n de sanciones disciplinarias en el \u00e1mbito laboral.<\/p>\n<p>&nbsp;<\/p>\n<h2>Assessorament jur\u00eddic laboral<\/h2>\n<p>&nbsp;<\/p>\n<p>Oferim serveis d&#8217;assessorament jur\u00eddic laboral per a empreses i empleats. <strong>El nostre equip d&#8217;experts en dret laboral brinda assist\u00e8ncia en la gesti\u00f3 de contractes laborals, resoluci\u00f3 de conflictes laborals, compliment de normatives laborals<\/strong>, entre altres aspectes legals relacionats amb l&#8217;\u00e0mbit laboral. Ens enfoquem a garantir el compliment dels drets laborals i afavorir un ambient de treball just i equitatiu.<\/p>\n<p>&nbsp;<\/p>\n<h3>Acomiadaments disciplinaris<\/h3>\n<p><span style=\"font-weight: 400;\">Accions de terminaci\u00f3 laboral realitzades per l&#8217;ocupador degut a un incompliment greu per part del treballador.<\/span><\/p>\n<p>&nbsp;<\/p>\n<h3>Extincions objectives<\/h3>\n<p>Finalitzaci\u00f3 d&#8217;un contracte laboral per causes espec\u00edfiques i alienes a la voluntat de les parts, com a reestructuracions, ineptitud del treballador o causes econ\u00f2miques.<span style=\"font-weight: 400;\"><\/span><\/p>\n<p><span style=\"font-weight: 400;\"><\/span><\/p>\n<h3>Expedients Regulaci\u00f3 Ocupaci\u00f3 referent a l&#8217;extinci\u00f3 del contracte<\/h3>\n<p><span style=\"font-weight: 400;\">Procediments legals que permeten a l&#8217;empresa acabar contractes de treball degut a motius econ\u00f2mics o productius.<\/span><\/p>\n<p>&nbsp;<\/p>\n<h3>Expedients Regulaci\u00f3 Ocupaci\u00f3 referent a la suspensi\u00f3 temporal dels contractes<\/h3>\n<p><span style=\"font-weight: 400;\">Procediments legals que permeten a l&#8217;empresa suspendre temporalment els contractes de treball degut a circumst\u00e0ncies excepcionals, com a crisis econ\u00f2miques.<\/span><\/p>\n<p>&nbsp;<\/p>\n<h3>Expedients Regulaci\u00f3 Ocupaci\u00f3 per for\u00e7a major<\/h3>\n<p><span style=\"font-weight: 400;\">Procediments legals que permeten a l&#8217;empresa suspendre o acabar contractes de treball degut a esdeveniments imprevisibles i externs que impedeixen la continu\u00eftat del negoci.<\/span><\/p>\n<p>&nbsp;<\/p>\n<h3>Intervenci\u00f3 davant la Inspecci\u00f3 de Treball i Seguretat Social<\/h3>\n<p><span style=\"font-weight: 400;\">Acte de respondre i presentar proves o mediacions enfront de l&#8217;autoritat governamental que supervisa el compliment de les lleis laborals i de seguretat social.<\/span><\/p>\n<p>&nbsp;<\/p>\n<h3>Intervencions davant les Inspecci\u00f3 Tribut\u00e0ria<\/h3>\n<p><span style=\"font-weight: 400;\">\u00a0<\/span><span style=\"font-weight: 400;\">Acte de respondre i presentar proves o mediacions enfront de l&#8217;autoritat governamental encarregada de la supervisi\u00f3 i aplicaci\u00f3 de lleis fiscals.<\/span><\/p>\n<p>&nbsp;<\/p>\n<h3>Impugnaci\u00f3 de les actes d&#8217;Infracci\u00f3 i Liquidaci\u00f3, tant en Via Administrativa com Contenci\u00f3s-Administrativa<\/h3>\n<p><span style=\"font-weight: 400;\">Acte de presentar una apel\u00b7laci\u00f3 o recurs legal contra les decisions i c\u00e0rrecs determinats per l&#8217;autoritat fiscal en l&#8217;\u00e0mbit administratiu o en els tribunals.<\/span><\/p>\n<p>&nbsp;<\/p>\n<h3>Modificaci\u00f3 Substancial Condicions de Treball (art. 41 E.T.)<\/h3>\n<p><span style=\"font-weight: 400;\">Canvis significatius en les condicions laborals establertes contractualment, els quals poden donar lloc a una negociaci\u00f3 o sol\u00b7licitud de consentiment de l&#8217;empleat.<\/span><\/p>\n<p>&nbsp;<\/p>\n<h3>Intervenci\u00f3 tant en els Jutjats socials, com els Tribunals Superiors de Just\u00edcia, com a Tribunal Suprem en relaci\u00f3 a les anteriors<\/h3>\n<p>Representaci\u00f3 enfront dels diferents nivells de la jurisdicci\u00f3 laboral en relaci\u00f3 amb els assumptes esmentats anteriorment.<\/p>\n<p>&nbsp;<\/p>\n<h3>Expedients contradictoris i sancions disciplinaries en mat\u00e8ria laboral<\/h3>\n<p>Procediments legals que involucren la presentaci\u00f3 i resoluci\u00f3 de controv\u00e8rsies relacionades amb l&#8217;aplicaci\u00f3 de sancions disciplin\u00e0ries en l&#8217;\u00e0mbit laboral.<\/p>\n<p>[\/et_pb_text][et_pb_button button_url=&#8221;https:\/\/www.asesoriabaix.es\/ca\/contacte\/&#8221; button_text=&#8221;Contacte&#8221; button_alignment=&#8221;center&#8221; _builder_version=&#8221;4.20.0&#8243; _module_preset=&#8221;default&#8221; custom_button=&#8221;on&#8221; button_text_color=&#8221;#FFFFFF&#8221; button_bg_color=&#8221;#670202&#8243; button_border_width=&#8221;0px&#8221; button_use_icon=&#8221;off&#8221; global_colors_info=&#8221;{}&#8221; button_text_size__hover_enabled=&#8221;on|hover&#8221; button_border_width__hover_enabled=&#8221;on|hover&#8221; button_border_width__hover=&#8221;0px&#8221; button_border_radius__hover_enabled=&#8221;on|desktop&#8221; button_border_radius__hover=&#8221;3px&#8221; theme_builder_area=&#8221;post_content&#8221;][\/et_pb_button][\/et_pb_column][\/et_pb_row][\/et_pb_section][et_pb_section fb_built=&#8221;1&#8243; _builder_version=&#8221;4.19.5&#8243; _module_preset=&#8221;default&#8221; custom_padding=&#8221;5px||7px|||&#8221; border_width_top=&#8221;1px&#8221; global_module=&#8221;2723&#8243; global_colors_info=&#8221;{}&#8221;][et_pb_row _builder_version=&#8221;4.20.0&#8243; _module_preset=&#8221;default&#8221; custom_padding=&#8221;||9px|||&#8221; global_colors_info=&#8221;{}&#8221;][et_pb_column type=&#8221;4_4&#8243; _builder_version=&#8221;4.20.0&#8243; _module_preset=&#8221;default&#8221; global_colors_info=&#8221;{}&#8221;][et_pb_text _builder_version=&#8221;4.20.0&#8243; _module_preset=&#8221;default&#8221; text_font=&#8221;|700|||||||&#8221; text_font_size=&#8221;17px&#8221; custom_margin=&#8221;||3px|||&#8221; global_colors_info=&#8221;{}&#8221;]<\/p>\n<p style=\"text-align: center;\">P\u00e0gina web creada i finan\u00e7ada amb fons del Kit Digital<\/p>\n<p>[\/et_pb_text][\/et_pb_column][\/et_pb_row][et_pb_row column_structure=&#8221;1_2,1_2&#8243; _builder_version=&#8221;4.19.5&#8243; _module_preset=&#8221;default&#8221; global_colors_info=&#8221;{}&#8221;][et_pb_column type=&#8221;1_2&#8243; _builder_version=&#8221;4.19.5&#8243; _module_preset=&#8221;default&#8221; global_colors_info=&#8221;{}&#8221;][et_pb_image src=&#8221;https:\/\/www.asesoriabaix.es\/wp-content\/uploads\/2023\/03\/financiado-ue.jpg&#8221; alt=&#8221;Finan\u00e7at per la Uni\u00f3 Europea &#8211; Next Generation EU&#8221; title_text=&#8221;financiado ue&#8221; align=&#8221;center&#8221; _builder_version=&#8221;4.19.5&#8243; _module_preset=&#8221;default&#8221; global_colors_info=&#8221;{}&#8221;][\/et_pb_image][\/et_pb_column][et_pb_column type=&#8221;1_2&#8243; _builder_version=&#8221;4.19.5&#8243; _module_preset=&#8221;default&#8221; global_colors_info=&#8221;{}&#8221;][et_pb_image src=&#8221;https:\/\/www.asesoriabaix.es\/wp-content\/uploads\/2023\/03\/planrecuperacion.jpg&#8221; alt=&#8221;Gobierno de Espa\u00f1a, plan  de recuperaci\u00f3n, transformaci\u00f3n y resiliencia&#8221; title_text=&#8221;Logotipo plan recuperacion&#8221; align=&#8221;center&#8221; _builder_version=&#8221;4.19.5&#8243; _module_preset=&#8221;default&#8221; global_colors_info=&#8221;{}&#8221;][\/et_pb_image][\/et_pb_column][\/et_pb_row][\/et_pb_section]<\/p>\n","protected":false},"excerpt":{"rendered":"<p>Assessoria Baix Llobregat \u00c0rea Jur\u00eddica L&#8217;\u00e0rea jur\u00eddica d&#8217;una assessoria es dedica a brindar assessorament i solucions en mat\u00e8ria legal als seus clients. Els professionals que treballen en aquesta \u00e0rea tenen una formaci\u00f3 jur\u00eddica espec\u00edfica i estan especialitzats en diferents branques del dret, com ara el dret civil, el dret mercantil, el dret laboral, el dret [&hellip;]<\/p>\n","protected":false},"author":3,"featured_media":0,"parent":0,"menu_order":0,"comment_status":"closed","ping_status":"closed","template":"","meta":{"_et_pb_use_builder":"on","_et_pb_old_content":"<h1>\u00c1rea Jur\u00eddica<\/h1>\n<p style=\"text-align: center;\"><a href=\"http:\/\/asesoriabaix.es\/wp-content\/uploads\/2015\/06\/6.jpg\"><img class=\"alignnone size-medium wp-image-16\" src=\"http:\/\/asesoriabaix.es\/wp-content\/uploads\/2015\/06\/6-300x225.jpg\" alt=\"Jur\u00eddica\" width=\"300\" height=\"225\" \/><\/a><\/p>\n\n<h3>Derecho Laboral<\/h3>\n<ul>\n \t<li>Despidos disciplinarios<\/li>\n \t<li>Extinciones objetivas<\/li>\n \t<li>Expedientes Regulaci\u00f3n Empleo referente a la extinci\u00f3n del contrato<\/li>\n \t<li>Expedientes Regulaci\u00f3n Empleo referente a la suspensi\u00f3n temporal de los contratos<\/li>\n \t<li>Expedientes Regulaci\u00f3n Empleo por fuerza mayor<\/li>\n \t<li>Intervenci\u00f3n ante la Inspecci\u00f3n de Trabajo y Seguridad Social<\/li>\n \t<li>Intervenciones ante las Inspecci\u00f3n Tributaria<\/li>\n \t<li>Impugnaci\u00f3n de las actas de Infracci\u00f3n y Liquidaci\u00f3n, tanto en V\u00eda Administrativa como Contencioso-Administrativa<\/li>\n \t<li>Tramitaci\u00f3n Incapacidades permanentes<\/li>\n \t<li>Modificaci\u00f3n Sustancial Condiciones de Trabajo (art. 41 E.T.)<\/li>\n \t<li>Descuelgues de Convenio<\/li>\n \t<li>Intervenci\u00f3n tanto en los Juzgados de lo Social, como los Tribunales Superiores de Justicia, como Tribunal Supremo en relaci\u00f3n a las anteriores<\/li>\n<\/ul>\n<h3>Extranjer\u00eda<\/h3>\n<ul>\n \t<li>Permiso de trabajo inicial<\/li>\n \t<li>Permiso arraigo social<\/li>\n \t<li>Permiso arraigo laboral<\/li>\n \t<li>Nacionalidades<\/li>\n \t<li>Recursos v\u00eda administrativa<\/li>\n \t<li>Recursos contenciosos administrativos<\/li>\n<\/ul>","_et_gb_content_width":"1080"},"yoast_head":"<!-- This site is optimized with the Yoast SEO plugin v20.2.1 - https:\/\/yoast.com\/wordpress\/plugins\/seo\/ -->\n<title>Jur\u00eddic - Assessoria Baix Llobregat - Baix<\/title>\n<meta name=\"description\" content=\"Assessorament jur\u00eddic laboral. Oferim serveis d&#039;assessorament jur\u00eddic laboral per a empreses i empleats. Dret laboral.\" \/>\n<meta name=\"robots\" content=\"index, follow, max-snippet:-1, max-image-preview:large, max-video-preview:-1\" \/>\n<link rel=\"canonical\" href=\"https:\/\/www.asesoriabaix.es\/ca\/juridic\/\" \/>\n<meta property=\"og:locale\" content=\"ca_ES\" \/>\n<meta property=\"og:type\" content=\"article\" \/>\n<meta property=\"og:title\" content=\"Jur\u00eddic - Assessoria Baix Llobregat - Baix\" \/>\n<meta property=\"og:description\" content=\"Assessorament jur\u00eddic laboral. Oferim serveis d&#039;assessorament jur\u00eddic laboral per a empreses i empleats. Dret laboral.\" \/>\n<meta property=\"og:url\" content=\"https:\/\/www.asesoriabaix.es\/ca\/juridic\/\" \/>\n<meta property=\"og:site_name\" content=\"Baix Asesoramiento y Gesti\u00f3n\" \/>\n<meta property=\"article:modified_time\" content=\"2023-09-20T07:29:29+00:00\" \/>\n<meta name=\"twitter:card\" content=\"summary_large_image\" \/>\n<meta name=\"twitter:label1\" content=\"Temps estimat de lectura\" \/>\n\t<meta name=\"twitter:data1\" content=\"2 minuts\" \/>\n<script type=\"application\/ld+json\" class=\"yoast-schema-graph\">{\"@context\":\"https:\/\/schema.org\",\"@graph\":[{\"@type\":\"WebPage\",\"@id\":\"https:\/\/www.asesoriabaix.es\/ca\/juridic\/\",\"url\":\"https:\/\/www.asesoriabaix.es\/ca\/juridic\/\",\"name\":\"Jur\u00eddic - Assessoria Baix Llobregat - Baix\",\"isPartOf\":{\"@id\":\"https:\/\/www.asesoriabaix.es\/ca\/#website\"},\"datePublished\":\"2015-06-02T18:19:19+00:00\",\"dateModified\":\"2023-09-20T07:29:29+00:00\",\"description\":\"Assessorament jur\u00eddic laboral. Oferim serveis d'assessorament jur\u00eddic laboral per a empreses i empleats. Dret laboral.\",\"breadcrumb\":{\"@id\":\"https:\/\/www.asesoriabaix.es\/ca\/juridic\/#breadcrumb\"},\"inLanguage\":\"ca\",\"potentialAction\":[{\"@type\":\"ReadAction\",\"target\":[\"https:\/\/www.asesoriabaix.es\/ca\/juridic\/\"]}]},{\"@type\":\"BreadcrumbList\",\"@id\":\"https:\/\/www.asesoriabaix.es\/ca\/juridic\/#breadcrumb\",\"itemListElement\":[{\"@type\":\"ListItem\",\"position\":1,\"name\":\"Portada\",\"item\":\"https:\/\/www.asesoriabaix.es\/ca\/\"},{\"@type\":\"ListItem\",\"position\":2,\"name\":\"Jur\u00eddic\"}]},{\"@type\":\"WebSite\",\"@id\":\"https:\/\/www.asesoriabaix.es\/ca\/#website\",\"url\":\"https:\/\/www.asesoriabaix.es\/ca\/\",\"name\":\"Asesoria Baix Llobregat - BAIX\",\"description\":\"Asesoramiento y gesti\u00f3n\",\"publisher\":{\"@id\":\"https:\/\/www.asesoriabaix.es\/ca\/#organization\"},\"potentialAction\":[{\"@type\":\"SearchAction\",\"target\":{\"@type\":\"EntryPoint\",\"urlTemplate\":\"https:\/\/www.asesoriabaix.es\/ca\/?s={search_term_string}\"},\"query-input\":\"required name=search_term_string\"}],\"inLanguage\":\"ca\"},{\"@type\":\"Organization\",\"@id\":\"https:\/\/www.asesoriabaix.es\/ca\/#organization\",\"name\":\"Baix Asesoramiento Y Gestion SL\",\"url\":\"https:\/\/www.asesoriabaix.es\/ca\/\",\"logo\":{\"@type\":\"ImageObject\",\"inLanguage\":\"ca\",\"@id\":\"https:\/\/www.asesoriabaix.es\/ca\/#\/schema\/logo\/image\/\",\"url\":\"https:\/\/www.asesoriabaix.es\/wp-content\/uploads\/2023\/03\/baix-logo.png\",\"contentUrl\":\"https:\/\/www.asesoriabaix.es\/wp-content\/uploads\/2023\/03\/baix-logo.png\",\"width\":390,\"height\":129,\"caption\":\"Baix Asesoramiento Y Gestion SL\"},\"image\":{\"@id\":\"https:\/\/www.asesoriabaix.es\/ca\/#\/schema\/logo\/image\/\"}}]}<\/script>\n<!-- \/ Yoast SEO plugin. -->","yoast_head_json":{"title":"Jur\u00eddic - Assessoria Baix Llobregat - Baix","description":"Assessorament jur\u00eddic laboral. Oferim serveis d'assessorament jur\u00eddic laboral per a empreses i empleats. Dret laboral.","robots":{"index":"index","follow":"follow","max-snippet":"max-snippet:-1","max-image-preview":"max-image-preview:large","max-video-preview":"max-video-preview:-1"},"canonical":"https:\/\/www.asesoriabaix.es\/ca\/juridic\/","og_locale":"ca_ES","og_type":"article","og_title":"Jur\u00eddic - Assessoria Baix Llobregat - Baix","og_description":"Assessorament jur\u00eddic laboral. Oferim serveis d'assessorament jur\u00eddic laboral per a empreses i empleats. Dret laboral.","og_url":"https:\/\/www.asesoriabaix.es\/ca\/juridic\/","og_site_name":"Baix Asesoramiento y Gesti\u00f3n","article_modified_time":"2023-09-20T07:29:29+00:00","twitter_card":"summary_large_image","twitter_misc":{"Temps estimat de lectura":"2 minuts"},"schema":{"@context":"https:\/\/schema.org","@graph":[{"@type":"WebPage","@id":"https:\/\/www.asesoriabaix.es\/ca\/juridic\/","url":"https:\/\/www.asesoriabaix.es\/ca\/juridic\/","name":"Jur\u00eddic - Assessoria Baix Llobregat - Baix","isPartOf":{"@id":"https:\/\/www.asesoriabaix.es\/ca\/#website"},"datePublished":"2015-06-02T18:19:19+00:00","dateModified":"2023-09-20T07:29:29+00:00","description":"Assessorament jur\u00eddic laboral. Oferim serveis d'assessorament jur\u00eddic laboral per a empreses i empleats. Dret laboral.","breadcrumb":{"@id":"https:\/\/www.asesoriabaix.es\/ca\/juridic\/#breadcrumb"},"inLanguage":"ca","potentialAction":[{"@type":"ReadAction","target":["https:\/\/www.asesoriabaix.es\/ca\/juridic\/"]}]},{"@type":"BreadcrumbList","@id":"https:\/\/www.asesoriabaix.es\/ca\/juridic\/#breadcrumb","itemListElement":[{"@type":"ListItem","position":1,"name":"Portada","item":"https:\/\/www.asesoriabaix.es\/ca\/"},{"@type":"ListItem","position":2,"name":"Jur\u00eddic"}]},{"@type":"WebSite","@id":"https:\/\/www.asesoriabaix.es\/ca\/#website","url":"https:\/\/www.asesoriabaix.es\/ca\/","name":"Asesoria Baix Llobregat - BAIX","description":"Asesoramiento y gesti\u00f3n","publisher":{"@id":"https:\/\/www.asesoriabaix.es\/ca\/#organization"},"potentialAction":[{"@type":"SearchAction","target":{"@type":"EntryPoint","urlTemplate":"https:\/\/www.asesoriabaix.es\/ca\/?s={search_term_string}"},"query-input":"required name=search_term_string"}],"inLanguage":"ca"},{"@type":"Organization","@id":"https:\/\/www.asesoriabaix.es\/ca\/#organization","name":"Baix Asesoramiento Y Gestion SL","url":"https:\/\/www.asesoriabaix.es\/ca\/","logo":{"@type":"ImageObject","inLanguage":"ca","@id":"https:\/\/www.asesoriabaix.es\/ca\/#\/schema\/logo\/image\/","url":"https:\/\/www.asesoriabaix.es\/wp-content\/uploads\/2023\/03\/baix-logo.png","contentUrl":"https:\/\/www.asesoriabaix.es\/wp-content\/uploads\/2023\/03\/baix-logo.png","width":390,"height":129,"caption":"Baix Asesoramiento Y Gestion SL"},"image":{"@id":"https:\/\/www.asesoriabaix.es\/ca\/#\/schema\/logo\/image\/"}}]}},"_links":{"self":[{"href":"https:\/\/www.asesoriabaix.es\/ca\/wp-json\/wp\/v2\/pages\/78"}],"collection":[{"href":"https:\/\/www.asesoriabaix.es\/ca\/wp-json\/wp\/v2\/pages"}],"about":[{"href":"https:\/\/www.asesoriabaix.es\/ca\/wp-json\/wp\/v2\/types\/page"}],"author":[{"embeddable":true,"href":"https:\/\/www.asesoriabaix.es\/ca\/wp-json\/wp\/v2\/users\/3"}],"replies":[{"embeddable":true,"href":"https:\/\/www.asesoriabaix.es\/ca\/wp-json\/wp\/v2\/comments?post=78"}],"version-history":[{"count":11,"href":"https:\/\/www.asesoriabaix.es\/ca\/wp-json\/wp\/v2\/pages\/78\/revisions"}],"predecessor-version":[{"id":2825,"href":"https:\/\/www.asesoriabaix.es\/ca\/wp-json\/wp\/v2\/pages\/78\/revisions\/2825"}],"wp:attachment":[{"href":"https:\/\/www.asesoriabaix.es\/ca\/wp-json\/wp\/v2\/media?parent=78"}],"curies":[{"name":"wp","href":"https:\/\/api.w.org\/{rel}","templated":true}]}}