{"id":69,"date":"2015-06-02T18:02:19","date_gmt":"2015-06-02T18:02:19","guid":{"rendered":"http:\/\/asesoriabaix.es\/?page_id=69"},"modified":"2023-09-19T10:22:37","modified_gmt":"2023-09-19T09:22:37","slug":"laboral","status":"publish","type":"page","link":"https:\/\/www.asesoriabaix.es\/ca\/laboral\/","title":{"rendered":"Laboral"},"content":{"rendered":"<p>[et_pb_section fb_built=&#8221;1&#8243; fullwidth=&#8221;on&#8221; _builder_version=&#8221;4.20.0&#8243; _module_preset=&#8221;default&#8221; min_height=&#8221;40%&#8221; global_colors_info=&#8221;{}&#8221;][et_pb_fullwidth_header text_orientation=&#8221;center&#8221; _builder_version=&#8221;4.20.0&#8243; _module_preset=&#8221;default&#8221; title_font_size=&#8221;4em&#8221; background_color=&#8221;#FFFFFF&#8221; background_image=&#8221;https:\/\/www.asesoriabaix.es\/wp-content\/uploads\/2023\/03\/arealaboral.jpg&#8221; min_height=&#8221;500px&#8221; height=&#8221;500px&#8221; max_height=&#8221;500px&#8221; custom_margin=&#8221;0px||||false|false&#8221; custom_padding=&#8221;160px||||false|false&#8221; custom_css_title=&#8221;display: inline-block!important;||background: rgba(21,20,20,0.80);||padding: 0.1em 0.2em;||border-radius: 8px;&#8221; global_colors_info=&#8221;{}&#8221;][\/et_pb_fullwidth_header][\/et_pb_section][et_pb_section fb_built=&#8221;1&#8243; _builder_version=&#8221;4.19.5&#8243; _module_preset=&#8221;default&#8221; global_colors_info=&#8221;{}&#8221;][et_pb_row _builder_version=&#8221;4.19.5&#8243; _module_preset=&#8221;default&#8221; global_colors_info=&#8221;{}&#8221;][et_pb_column type=&#8221;4_4&#8243; _builder_version=&#8221;4.19.5&#8243; _module_preset=&#8221;default&#8221; global_colors_info=&#8221;{}&#8221;][et_pb_text _builder_version=&#8221;4.20.0&#8243; _module_preset=&#8221;default&#8221; text_font_size=&#8221;1.2em&#8221; text_line_height=&#8221;1.8em&#8221; link_font=&#8221;|700|||on||||&#8221; link_text_color=&#8221;#195908&#8243; header_font_size=&#8221;2.4em&#8221; header_2_font_size=&#8221;1.8em&#8221; hover_enabled=&#8221;0&#8243; global_colors_info=&#8221;{}&#8221; sticky_enabled=&#8221;0&#8243;]<\/p>\n<h1 style=\"text-align: center;\">Assessoria Baix Llobregat<\/h1>\n<h2 style=\"text-align: center;\">\u00c0rea Laboral<\/h2>\n<p><span style=\"font-weight: 400;\">L&#8217;\u00e0rea laboral \u00e9s una de les \u00e0rees m\u00e9s importants en una assessoria, ja que s&#8217;encarrega de brindar assessorament i solucions en mat\u00e8ria de relacions laborals i recursos humans. L&#8217;assessor laboral s&#8217;encarrega d&#8217;orientar als seus clients en el compliment de les seves obligacions laborals i de buscar estrat\u00e8gies per a la gesti\u00f3 eficient dels recursos humans.<\/span><\/p>\n<p><span style=\"font-weight: 400;\">En l&#8217;\u00e0rea laboral <\/span><b>aportem solucions<\/b><span style=\"font-weight: 400;\"> i recomanacions a les empreses i treballadors per a les correctes relacions laborals que considerem un eix fonamental en la gesti\u00f3 dels recursos humans.<\/span><\/p>\n<p><span style=\"font-weight: 400;\">El nostre objectiu \u00e9s <\/span><b>assessorar i gestionar<\/b><span style=\"font-weight: 400;\"> l&#8217;administraci\u00f3 de personal per aportar seguretat i tranquil\u00b7litat.<\/span><\/p>\n<p><span style=\"font-weight: 400;\">A continuaci\u00f3 destaquem alguns dels tr\u00e0mits que duem a terme en la l\u00ednia de la <\/span><b>gesti\u00f3 i l&#8217;assessorament integral tant a empreses com a treballadors:<\/b><\/p>\n<ul>\n<li style=\"font-weight: 400;\" aria-level=\"1\"><span style=\"font-weight: 400;\">Confecci\u00f3 de n\u00f2mines i finiquits<\/span><\/li>\n<li style=\"font-weight: 400;\" aria-level=\"1\"><span style=\"font-weight: 400;\">Confecci\u00f3 de liquidaci\u00f3 de quotes a la Tresoreria General de la Seguretat Social<\/span><\/li>\n<li style=\"font-weight: 400;\" aria-level=\"1\"><span style=\"font-weight: 400;\">Estudi i realitzaci\u00f3 de contractes de treball, aix\u00ed com la seva presentaci\u00f3 davant l&#8217;administraci\u00f3<\/span><\/li>\n<li style=\"font-weight: 400;\" aria-level=\"1\"><span style=\"font-weight: 400;\">Altes, baixes i variacions de dades de treballadors a la Seguretat Social<\/span><\/li>\n<li style=\"font-weight: 400;\" aria-level=\"1\"><span style=\"font-weight: 400;\">Seguiment del conveni col\u00b7lectiu d&#8217;aplicaci\u00f3<\/span><\/li>\n<li style=\"font-weight: 400;\" aria-level=\"1\"><span style=\"font-weight: 400;\">Tramitaci\u00f3 de parts d&#8217;accidents de treball<\/span><\/li>\n<li style=\"font-weight: 400;\" aria-level=\"1\"><span style=\"font-weight: 400;\">Desnonaments col\u00b7lectius i individuals<\/span><\/li>\n<li style=\"font-weight: 400;\" aria-level=\"1\"><span style=\"font-weight: 400;\">Altes, baixes i variacions de dades de treballadors aut\u00f2noms<\/span><\/li>\n<li style=\"font-weight: 400;\" aria-level=\"1\"><span style=\"font-weight: 400;\">Altes d&#8217;empreses en els diferents r\u00e8gims del sistema de Seguretat Social<\/span><\/li>\n<li style=\"font-weight: 400;\" aria-level=\"1\"><span style=\"font-weight: 400;\">Sol\u00b7licitud de pensions i prestacions (jubilaci\u00f3, invalidesa, mort i superviv\u00e8ncia, etc.)<\/span><\/li>\n<li style=\"font-weight: 400;\" aria-level=\"1\"><span style=\"font-weight: 400;\">Altes, baixes, variacions, contractes i acomiadaments d&#8217;empleats de la llar<\/span><\/li>\n<li style=\"font-weight: 400;\" aria-level=\"1\"><span style=\"font-weight: 400;\">Altes i baixes conveni especial<\/span><\/li>\n<li style=\"font-weight: 400;\" aria-level=\"1\"><span style=\"font-weight: 400;\">En general qualsevol altre tr\u00e0mit en el marc laboral<\/span><\/li>\n<\/ul>\n<p><span style=\"font-weight: 400;\"><\/span><\/p>\n<h3>Confecci\u00f3 de n\u00f2mines, contractes i quitances<\/h3>\n<p>Oferim serveis de confecci\u00f3 de n\u00f2mines, contractes i quitances, assegurant-nos de complir amb totes les regulacions laborals vigents. Simplifica les teves responsabilitats administratives i legals amb la nostra ajuda.<\/p>\n<p>&nbsp;<\/p>\n<h3>Altes d&#8217;empreses en els diferents r\u00e8gims del sistema de Seguretat Social<\/h3>\n<p>T&#8217;oferim assessorament i tr\u00e0mits per a donar d&#8217;alta la teva empresa en els diferents r\u00e8gims del sistema de Seguretat Social. Ens assegurem que compleixis amb totes les exig\u00e8ncies legals i et brindem el suport necessari per a comen\u00e7ar la teva activitat empresarial de manera legal i segura.<\/p>\n<p>&nbsp;<\/p>\n<h3>Sol\u00b7licitud de pensions i prestacions (jubilaci\u00f3, invalidesa, mort i superviv\u00e8ncia)<\/h3>\n<p>Si necessites sol\u00b7licitar una pensi\u00f3 i prestacions com la jubilaci\u00f3, invalidesa, mort o superviv\u00e8ncia, som aqu\u00ed per a ajudar-te. Et proporcionem assessorament i gestionem tots els tr\u00e0mits necessaris perqu\u00e8 puguis rebre les prestacions econ\u00f2miques a les quals tens dret. El nostre objectiu \u00e9s facilitar-te l&#8217;acc\u00e9s als recursos que necessites en moments de necessitat, brindant-te un servei eficient i de qualitat.<\/p>\n<p>&nbsp;<\/p>\n<h3>Contractaci\u00f3 treballadora de la llar<\/h3>\n<p>Si est\u00e0s buscant contractar una empleada de la llar, t&#8217;oferim el nostre servei d&#8217;assessorament i gesti\u00f3 per a facilitar el proc\u00e9s de contractaci\u00f3. T&#8217;ajudarem a entendre els requisits legals i oferirem assist\u00e8ncia en l&#8217;elaboraci\u00f3 del contracte de treball i en els tr\u00e0mits administratius necessaris. El nostre objectiu \u00e9s assegurar que compleixis amb totes les obligacions legals i garantir una relaci\u00f3 laboral justa i transparent. Confia en nosaltres per a simplificar el proc\u00e9s i assegurar que totes les parts involucrades estiguin protegides.<\/p>\n<p>[\/et_pb_text][et_pb_button button_url=&#8221;https:\/\/www.asesoriabaix.es\/ca\/contacte\/&#8221; button_text=&#8221;Contacte&#8221; button_alignment=&#8221;center&#8221; _builder_version=&#8221;4.20.0&#8243; _module_preset=&#8221;default&#8221; custom_button=&#8221;on&#8221; button_text_color=&#8221;#FFFFFF&#8221; button_bg_color=&#8221;#670202&#8243; button_border_width=&#8221;0px&#8221; button_use_icon=&#8221;off&#8221; global_colors_info=&#8221;{}&#8221; button_text_size__hover_enabled=&#8221;on|hover&#8221; button_border_width__hover_enabled=&#8221;on|hover&#8221; button_border_width__hover=&#8221;0px&#8221; button_border_radius__hover_enabled=&#8221;on|desktop&#8221; button_border_radius__hover=&#8221;3px&#8221; theme_builder_area=&#8221;post_content&#8221;][\/et_pb_button][\/et_pb_column][\/et_pb_row][\/et_pb_section][et_pb_section fb_built=&#8221;1&#8243; _builder_version=&#8221;4.19.5&#8243; _module_preset=&#8221;default&#8221; custom_padding=&#8221;5px||7px|||&#8221; border_width_top=&#8221;1px&#8221; global_module=&#8221;2723&#8243; global_colors_info=&#8221;{}&#8221;][et_pb_row _builder_version=&#8221;4.20.0&#8243; _module_preset=&#8221;default&#8221; custom_padding=&#8221;||9px|||&#8221; global_colors_info=&#8221;{}&#8221;][et_pb_column type=&#8221;4_4&#8243; _builder_version=&#8221;4.20.0&#8243; _module_preset=&#8221;default&#8221; global_colors_info=&#8221;{}&#8221;][et_pb_text _builder_version=&#8221;4.20.0&#8243; _module_preset=&#8221;default&#8221; text_font=&#8221;|700|||||||&#8221; text_font_size=&#8221;17px&#8221; custom_margin=&#8221;||3px|||&#8221; global_colors_info=&#8221;{}&#8221;]<\/p>\n<p style=\"text-align: center;\">P\u00e0gina web creada i finan\u00e7ada amb fons del Kit Digital<\/p>\n<p>[\/et_pb_text][\/et_pb_column][\/et_pb_row][et_pb_row column_structure=&#8221;1_2,1_2&#8243; _builder_version=&#8221;4.19.5&#8243; _module_preset=&#8221;default&#8221; global_colors_info=&#8221;{}&#8221;][et_pb_column type=&#8221;1_2&#8243; _builder_version=&#8221;4.19.5&#8243; _module_preset=&#8221;default&#8221; global_colors_info=&#8221;{}&#8221;][et_pb_image src=&#8221;https:\/\/www.asesoriabaix.es\/wp-content\/uploads\/2023\/03\/financiado-ue.jpg&#8221; alt=&#8221;Finan\u00e7at per la Uni\u00f3 Europea &#8211; Next Generation EU&#8221; title_text=&#8221;financiado ue&#8221; align=&#8221;center&#8221; _builder_version=&#8221;4.19.5&#8243; _module_preset=&#8221;default&#8221; global_colors_info=&#8221;{}&#8221;][\/et_pb_image][\/et_pb_column][et_pb_column type=&#8221;1_2&#8243; _builder_version=&#8221;4.19.5&#8243; _module_preset=&#8221;default&#8221; global_colors_info=&#8221;{}&#8221;][et_pb_image src=&#8221;https:\/\/www.asesoriabaix.es\/wp-content\/uploads\/2023\/03\/planrecuperacion.jpg&#8221; alt=&#8221;Gobierno de Espa\u00f1a, plan  de recuperaci\u00f3n, transformaci\u00f3n y resiliencia&#8221; title_text=&#8221;Logotipo plan recuperacion&#8221; align=&#8221;center&#8221; _builder_version=&#8221;4.19.5&#8243; _module_preset=&#8221;default&#8221; global_colors_info=&#8221;{}&#8221;][\/et_pb_image][\/et_pb_column][\/et_pb_row][\/et_pb_section]<\/p>\n","protected":false},"excerpt":{"rendered":"<p>Assessoria Baix Llobregat \u00c0rea Laboral L&#8217;\u00e0rea laboral \u00e9s una de les \u00e0rees m\u00e9s importants en una assessoria, ja que s&#8217;encarrega de brindar assessorament i solucions en mat\u00e8ria de relacions laborals i recursos humans. L&#8217;assessor laboral s&#8217;encarrega d&#8217;orientar als seus clients en el compliment de les seves obligacions laborals i de buscar estrat\u00e8gies per a la [&hellip;]<\/p>\n","protected":false},"author":3,"featured_media":0,"parent":0,"menu_order":0,"comment_status":"closed","ping_status":"closed","template":"","meta":{"_et_pb_use_builder":"on","_et_pb_old_content":"<h1>\u00c1rea Laboral<\/h1>\nEn el \u00e1rea laboral <strong>aportamos soluciones<\/strong> y recomendaciones a las empresas y trabajadores para las correctas relaciones laborales que consideramos un eje fundamental en la gesti\u00f3n de los recursos humanos.\n\nNuestro objetivo es <strong>asesorar y gestionar<\/strong> la administraci\u00f3n de personal para aportar seguridad y tranquilidad.\n\nA continuaci\u00f3n destacamos algunos de los tr\u00e1mites que llevamos a cabo en la l\u00ednea de la <strong>gesti\u00f3n y el asesoramiento integral tanto a empresas como a trabajadores:<\/strong>\n\n<a href=\"http:\/\/asesoriabaix.es\/wp-content\/uploads\/2015\/06\/maquinaant.jpg\"><img class=\" size-medium wp-image-25 aligncenter\" src=\"http:\/\/asesoriabaix.es\/wp-content\/uploads\/2015\/06\/maquinaant-300x280.jpg\" alt=\"maquinaant\" width=\"300\" height=\"280\" \/><\/a>\n<ul class=\"ulcont\">\n \t<li>- Confecci\u00f3n de n\u00f3minas y finiquitos<\/li>\n \t<li>- Confecci\u00f3n de seguros sociales<\/li>\n \t<li>- Estudio y realizaci\u00f3n de contratos de trabajo, as\u00ed como su presentaci\u00f3n ante la administraci\u00f3n<\/li>\n \t<li>- Altas, bajas y variaciones de datos de trabajadores en la Seguridad Social<\/li>\n \t<li>- Seguimiento del convenio colectivo de aplicaci\u00f3n<\/li>\n \t<li>- Tramitaci\u00f3n de partes de accidentes de trabajo<\/li>\n \t<li>- Despidos colectivos e individuales<\/li>\n \t<li>- Altas, bajas y variaciones de datos de trabajadores aut\u00f3nomos<\/li>\n \t<li>- Confecci\u00f3n de contratos de trabajadores aut\u00f3nomos econ\u00f3micamente dependientes<\/li>\n \t<li>- Estudio y tramitaci\u00f3n de la capitalizaci\u00f3n del pago \u00fanico del desempleo<\/li>\n \t<li>- Altas de empresas en los diferentes reg\u00edmenes del sistema de Seguridad Social<\/li>\n \t<li>- Solicitud de pensiones y prestaciones (jubilaci\u00f3n, invalidez, etc.)<\/li>\n \t<li>- Altas,bajas,variaciones,contratos y despidos de empleados de hogar<\/li>\n \t<li>- Altas y bajas convenio especial<\/li>\n \t<li>- En general cualquier otro tr\u00e1mite en el marco laboral<\/li>\n<\/ul>","_et_gb_content_width":"1080"},"yoast_head":"<!-- This site is optimized with the Yoast SEO plugin v20.2.1 - https:\/\/yoast.com\/wordpress\/plugins\/seo\/ -->\n<title>Laboral - Assessora Baix Llobregat - Baix<\/title>\n<meta name=\"description\" content=\"\u00c0rea laboral. Confecci\u00f3 de n\u00f2mines, contractes i quitances; altes d&#039;empreses, sol\u00b7licitud de pensions i prestacions tipus jubilaci\u00f3 o invalidesa i molt m\u00e9s.\" \/>\n<meta name=\"robots\" content=\"index, follow, max-snippet:-1, max-image-preview:large, max-video-preview:-1\" \/>\n<link rel=\"canonical\" href=\"https:\/\/www.asesoriabaix.es\/ca\/laboral\/\" \/>\n<meta property=\"og:locale\" content=\"ca_ES\" \/>\n<meta property=\"og:type\" content=\"article\" \/>\n<meta property=\"og:title\" content=\"Laboral - Assessora Baix Llobregat - Baix\" \/>\n<meta property=\"og:description\" content=\"\u00c0rea laboral. Confecci\u00f3 de n\u00f2mines, contractes i quitances; altes d&#039;empreses, sol\u00b7licitud de pensions i prestacions tipus jubilaci\u00f3 o invalidesa i molt m\u00e9s.\" \/>\n<meta property=\"og:url\" content=\"https:\/\/www.asesoriabaix.es\/ca\/laboral\/\" \/>\n<meta property=\"og:site_name\" content=\"Baix Asesoramiento y Gesti\u00f3n\" \/>\n<meta property=\"article:modified_time\" content=\"2023-09-19T09:22:37+00:00\" \/>\n<meta name=\"twitter:card\" content=\"summary_large_image\" \/>\n<meta name=\"twitter:label1\" content=\"Temps estimat de lectura\" \/>\n\t<meta name=\"twitter:data1\" content=\"3 minuts\" \/>\n<script type=\"application\/ld+json\" class=\"yoast-schema-graph\">{\"@context\":\"https:\/\/schema.org\",\"@graph\":[{\"@type\":\"WebPage\",\"@id\":\"https:\/\/www.asesoriabaix.es\/ca\/laboral\/\",\"url\":\"https:\/\/www.asesoriabaix.es\/ca\/laboral\/\",\"name\":\"Laboral - Assessora Baix Llobregat - Baix\",\"isPartOf\":{\"@id\":\"https:\/\/www.asesoriabaix.es\/ca\/#website\"},\"datePublished\":\"2015-06-02T18:02:19+00:00\",\"dateModified\":\"2023-09-19T09:22:37+00:00\",\"description\":\"\u00c0rea laboral. Confecci\u00f3 de n\u00f2mines, contractes i quitances; altes d'empreses, sol\u00b7licitud de pensions i prestacions tipus jubilaci\u00f3 o invalidesa i molt m\u00e9s.\",\"breadcrumb\":{\"@id\":\"https:\/\/www.asesoriabaix.es\/ca\/laboral\/#breadcrumb\"},\"inLanguage\":\"ca\",\"potentialAction\":[{\"@type\":\"ReadAction\",\"target\":[\"https:\/\/www.asesoriabaix.es\/ca\/laboral\/\"]}]},{\"@type\":\"BreadcrumbList\",\"@id\":\"https:\/\/www.asesoriabaix.es\/ca\/laboral\/#breadcrumb\",\"itemListElement\":[{\"@type\":\"ListItem\",\"position\":1,\"name\":\"Portada\",\"item\":\"https:\/\/www.asesoriabaix.es\/ca\/\"},{\"@type\":\"ListItem\",\"position\":2,\"name\":\"Laboral\"}]},{\"@type\":\"WebSite\",\"@id\":\"https:\/\/www.asesoriabaix.es\/ca\/#website\",\"url\":\"https:\/\/www.asesoriabaix.es\/ca\/\",\"name\":\"Asesoria Baix Llobregat - BAIX\",\"description\":\"Asesoramiento y gesti\u00f3n\",\"publisher\":{\"@id\":\"https:\/\/www.asesoriabaix.es\/ca\/#organization\"},\"potentialAction\":[{\"@type\":\"SearchAction\",\"target\":{\"@type\":\"EntryPoint\",\"urlTemplate\":\"https:\/\/www.asesoriabaix.es\/ca\/?s={search_term_string}\"},\"query-input\":\"required name=search_term_string\"}],\"inLanguage\":\"ca\"},{\"@type\":\"Organization\",\"@id\":\"https:\/\/www.asesoriabaix.es\/ca\/#organization\",\"name\":\"Baix Asesoramiento Y Gestion SL\",\"url\":\"https:\/\/www.asesoriabaix.es\/ca\/\",\"logo\":{\"@type\":\"ImageObject\",\"inLanguage\":\"ca\",\"@id\":\"https:\/\/www.asesoriabaix.es\/ca\/#\/schema\/logo\/image\/\",\"url\":\"https:\/\/www.asesoriabaix.es\/wp-content\/uploads\/2023\/03\/baix-logo.png\",\"contentUrl\":\"https:\/\/www.asesoriabaix.es\/wp-content\/uploads\/2023\/03\/baix-logo.png\",\"width\":390,\"height\":129,\"caption\":\"Baix Asesoramiento Y Gestion SL\"},\"image\":{\"@id\":\"https:\/\/www.asesoriabaix.es\/ca\/#\/schema\/logo\/image\/\"}}]}<\/script>\n<!-- \/ Yoast SEO plugin. -->","yoast_head_json":{"title":"Laboral - Assessora Baix Llobregat - Baix","description":"\u00c0rea laboral. Confecci\u00f3 de n\u00f2mines, contractes i quitances; altes d'empreses, sol\u00b7licitud de pensions i prestacions tipus jubilaci\u00f3 o invalidesa i molt m\u00e9s.","robots":{"index":"index","follow":"follow","max-snippet":"max-snippet:-1","max-image-preview":"max-image-preview:large","max-video-preview":"max-video-preview:-1"},"canonical":"https:\/\/www.asesoriabaix.es\/ca\/laboral\/","og_locale":"ca_ES","og_type":"article","og_title":"Laboral - Assessora Baix Llobregat - Baix","og_description":"\u00c0rea laboral. Confecci\u00f3 de n\u00f2mines, contractes i quitances; altes d'empreses, sol\u00b7licitud de pensions i prestacions tipus jubilaci\u00f3 o invalidesa i molt m\u00e9s.","og_url":"https:\/\/www.asesoriabaix.es\/ca\/laboral\/","og_site_name":"Baix Asesoramiento y Gesti\u00f3n","article_modified_time":"2023-09-19T09:22:37+00:00","twitter_card":"summary_large_image","twitter_misc":{"Temps estimat de lectura":"3 minuts"},"schema":{"@context":"https:\/\/schema.org","@graph":[{"@type":"WebPage","@id":"https:\/\/www.asesoriabaix.es\/ca\/laboral\/","url":"https:\/\/www.asesoriabaix.es\/ca\/laboral\/","name":"Laboral - Assessora Baix Llobregat - Baix","isPartOf":{"@id":"https:\/\/www.asesoriabaix.es\/ca\/#website"},"datePublished":"2015-06-02T18:02:19+00:00","dateModified":"2023-09-19T09:22:37+00:00","description":"\u00c0rea laboral. Confecci\u00f3 de n\u00f2mines, contractes i quitances; altes d'empreses, sol\u00b7licitud de pensions i prestacions tipus jubilaci\u00f3 o invalidesa i molt m\u00e9s.","breadcrumb":{"@id":"https:\/\/www.asesoriabaix.es\/ca\/laboral\/#breadcrumb"},"inLanguage":"ca","potentialAction":[{"@type":"ReadAction","target":["https:\/\/www.asesoriabaix.es\/ca\/laboral\/"]}]},{"@type":"BreadcrumbList","@id":"https:\/\/www.asesoriabaix.es\/ca\/laboral\/#breadcrumb","itemListElement":[{"@type":"ListItem","position":1,"name":"Portada","item":"https:\/\/www.asesoriabaix.es\/ca\/"},{"@type":"ListItem","position":2,"name":"Laboral"}]},{"@type":"WebSite","@id":"https:\/\/www.asesoriabaix.es\/ca\/#website","url":"https:\/\/www.asesoriabaix.es\/ca\/","name":"Asesoria Baix Llobregat - BAIX","description":"Asesoramiento y gesti\u00f3n","publisher":{"@id":"https:\/\/www.asesoriabaix.es\/ca\/#organization"},"potentialAction":[{"@type":"SearchAction","target":{"@type":"EntryPoint","urlTemplate":"https:\/\/www.asesoriabaix.es\/ca\/?s={search_term_string}"},"query-input":"required name=search_term_string"}],"inLanguage":"ca"},{"@type":"Organization","@id":"https:\/\/www.asesoriabaix.es\/ca\/#organization","name":"Baix Asesoramiento Y Gestion SL","url":"https:\/\/www.asesoriabaix.es\/ca\/","logo":{"@type":"ImageObject","inLanguage":"ca","@id":"https:\/\/www.asesoriabaix.es\/ca\/#\/schema\/logo\/image\/","url":"https:\/\/www.asesoriabaix.es\/wp-content\/uploads\/2023\/03\/baix-logo.png","contentUrl":"https:\/\/www.asesoriabaix.es\/wp-content\/uploads\/2023\/03\/baix-logo.png","width":390,"height":129,"caption":"Baix Asesoramiento Y Gestion SL"},"image":{"@id":"https:\/\/www.asesoriabaix.es\/ca\/#\/schema\/logo\/image\/"}}]}},"_links":{"self":[{"href":"https:\/\/www.asesoriabaix.es\/ca\/wp-json\/wp\/v2\/pages\/69"}],"collection":[{"href":"https:\/\/www.asesoriabaix.es\/ca\/wp-json\/wp\/v2\/pages"}],"about":[{"href":"https:\/\/www.asesoriabaix.es\/ca\/wp-json\/wp\/v2\/types\/page"}],"author":[{"embeddable":true,"href":"https:\/\/www.asesoriabaix.es\/ca\/wp-json\/wp\/v2\/users\/3"}],"replies":[{"embeddable":true,"href":"https:\/\/www.asesoriabaix.es\/ca\/wp-json\/wp\/v2\/comments?post=69"}],"version-history":[{"count":13,"href":"https:\/\/www.asesoriabaix.es\/ca\/wp-json\/wp\/v2\/pages\/69\/revisions"}],"predecessor-version":[{"id":2809,"href":"https:\/\/www.asesoriabaix.es\/ca\/wp-json\/wp\/v2\/pages\/69\/revisions\/2809"}],"wp:attachment":[{"href":"https:\/\/www.asesoriabaix.es\/ca\/wp-json\/wp\/v2\/media?parent=69"}],"curies":[{"name":"wp","href":"https:\/\/api.w.org\/{rel}","templated":true}]}}