{"id":63,"date":"2015-06-02T17:56:42","date_gmt":"2015-06-02T17:56:42","guid":{"rendered":"http:\/\/asesoriabaix.es\/?page_id=63"},"modified":"2023-09-20T08:14:49","modified_gmt":"2023-09-20T07:14:49","slug":"contable","status":"publish","type":"page","link":"https:\/\/www.asesoriabaix.es\/ca\/contable\/","title":{"rendered":"Comptable"},"content":{"rendered":"<p>[et_pb_section fb_built=&#8221;1&#8243; fullwidth=&#8221;on&#8221; _builder_version=&#8221;4.20.0&#8243; _module_preset=&#8221;default&#8221; min_height=&#8221;40%&#8221; global_colors_info=&#8221;{}&#8221;][et_pb_fullwidth_header text_orientation=&#8221;center&#8221; _builder_version=&#8221;4.20.0&#8243; _module_preset=&#8221;default&#8221; title_font_size=&#8221;4em&#8221; background_color=&#8221;#FFFFFF&#8221; background_image=&#8221;https:\/\/www.asesoriabaix.es\/wp-content\/uploads\/2023\/03\/areacontable.jpg&#8221; min_height=&#8221;500px&#8221; height=&#8221;500px&#8221; max_height=&#8221;500px&#8221; custom_margin=&#8221;0px||||false|false&#8221; custom_padding=&#8221;160px||||false|false&#8221; custom_css_title=&#8221;display: inline-block!important;||background: rgba(21,20,20,0.80);||padding: 0.1em 0.2em;||border-radius: 8px;&#8221; global_colors_info=&#8221;{}&#8221;][\/et_pb_fullwidth_header][\/et_pb_section][et_pb_section fb_built=&#8221;1&#8243; _builder_version=&#8221;4.19.5&#8243; _module_preset=&#8221;default&#8221; global_colors_info=&#8221;{}&#8221;][et_pb_row _builder_version=&#8221;4.19.5&#8243; _module_preset=&#8221;default&#8221; global_colors_info=&#8221;{}&#8221;][et_pb_column type=&#8221;4_4&#8243; _builder_version=&#8221;4.19.5&#8243; _module_preset=&#8221;default&#8221; global_colors_info=&#8221;{}&#8221;][et_pb_text _builder_version=&#8221;4.20.0&#8243; _module_preset=&#8221;default&#8221; text_font_size=&#8221;1.2em&#8221; text_line_height=&#8221;1.8em&#8221; link_font=&#8221;|700|||on||||&#8221; link_text_color=&#8221;#195908&#8243; header_font_size=&#8221;2.4em&#8221; header_2_font_size=&#8221;1.8em&#8221; hover_enabled=&#8221;0&#8243; global_colors_info=&#8221;{}&#8221; sticky_enabled=&#8221;0&#8243;]<\/p>\n<h1 style=\"text-align: center;\">Assessoria Baix Llobregat<\/h1>\n<h2 style=\"text-align: center;\">\u00c0rea Comptable<\/h2>\n<p>&nbsp;<\/p>\n<p><span style=\"font-weight: 400;\">L&#8217;\u00e0rea comptable s&#8217;encarrega de portar la comptabilitat dels clients i proporcionar-los informaci\u00f3 financera rellevant per a la presa de decisions. L&#8217;assessor comptable \u00e9s l&#8217;encarregat de garantir el compliment de totes les obligacions comptables i fiscals.<\/span><\/p>\n<p><span style=\"font-weight: 400;\">La <\/span><b>comptabilitat<\/b><span style=\"font-weight: 400;\"> no es limita a controlar el compliment dels llibres comptables obligatoris per Llei. De fet tamb\u00e9 constitueix un <\/span><b>element fonamental<\/b><span style=\"font-weight: 400;\"> per al control operatiu <\/span><b>de l&#8217;empresa.<\/b><\/p>\n<p><span style=\"font-weight: 400;\">El nostre <b>sistema de treball<\/b> s&#8217;adaptar\u00e0 a les necessitats del client, buscant un flux d&#8217;informaci\u00f3 <b>fluid i efica\u00e7.<\/b><\/span><span style=\"font-weight: 400;\"><\/span><\/p>\n<p><span style=\"font-weight: 400;\"><b><\/b><\/span><\/p>\n<h3><span style=\"font-weight: 400;\">Els nostres serveis inclouen:<\/span><\/h3>\n<ul>\n<li style=\"font-weight: 400;\" aria-level=\"1\"><span style=\"font-weight: 400;\">Planificaci\u00f3 i direcci\u00f3 comptable per a societats i persones f\u00edsiques<\/span><\/li>\n<li style=\"font-weight: 400;\" aria-level=\"1\"><span style=\"font-weight: 400;\">Comptabilitzaci\u00f3 de les operacions de la societat<\/span><\/li>\n<li style=\"font-weight: 400;\" aria-level=\"1\"><span style=\"font-weight: 400;\">Confecci\u00f3 dels Llibres Oficials obligatoris (Diari, Inventari i Comptes Anuals, Mem\u00f2ria anual)<\/span><\/li>\n<li style=\"font-weight: 400;\" aria-level=\"1\"><span style=\"font-weight: 400;\">Estudi i confecci\u00f3 dels estats comptables amb la periodicitat requerida per cada un dels nostres clients<\/span><\/li>\n<li style=\"font-weight: 400;\" aria-level=\"1\"><span style=\"font-weight: 400;\">An\u00e0lisi i comentari peri\u00f2dic del resultat dels balan\u00e7os<\/span><\/li>\n<li style=\"font-weight: 400;\" aria-level=\"1\"><span style=\"font-weight: 400;\">Formulari de les Comptes Anuals i dip\u00f2sit de les mateixes en el Registre Mercantil corresponent<\/span><\/li>\n<\/ul>\n<p><span style=\"font-weight: 400;\">En definitiva, l&#8217;\u00e0rea comptable en una assessoria \u00e9s fonamental per portar un control financer adequat i garantir el compliment de les obligacions legals i fiscals. A m\u00e9s, proporciona informaci\u00f3 financera rellevant per a la presa de decisions dels clients.<\/span><\/p>\n<p>&nbsp;<\/p>\n<h3>Planificaci\u00f3 i direcci\u00f3 comptable per a Societats i Persones F\u00edsiques<\/h3>\n<p>Oferim serveis de planificaci\u00f3 i direcci\u00f3 comptable tant per a societats com per a persones f\u00edsiques. Ens encarreguem d&#8217;organitzar i gestionar de manera efectiva els registres financers i comptables dels nostres clients, assegurant una correcta planificaci\u00f3 dels seus recursos i una direcci\u00f3 s\u00f2lida en mat\u00e8ria comptable.<\/p>\n<p>&nbsp;<\/p>\n<h3>Comptabilitzaci\u00f3 de les operacions de la Societat<\/h3>\n<p>Realitzem la comptabilitzaci\u00f3 precisa i minuciosa de totes les operacions de la societat, assegurant l&#8217;exactitud i fiabilitat de la informaci\u00f3 financera. El nostre equip d&#8217;experts comptadors s&#8217;encarregar\u00e0 de registrar totes les transaccions financeres de l&#8217;empresa de manera adequada i oportuna.<\/p>\n<p>&nbsp;<\/p>\n<h3>Confecci\u00f3 dels Llibres Oficials obligatoris (Diari, Inventari i Comptes Anuals, Mem\u00f2ria anual)<\/h3>\n<p>Ens ocupem de l&#8217;elaboraci\u00f3 i manteniment dels llibres oficials que exigeix la legislaci\u00f3 vigent, com el Diari, Inventari i Comptes Anuals, aix\u00ed com la Mem\u00f2ria anual. El nostre objectiu \u00e9s assegurar el compliment dels requisits legals i facilitar als nostres clients un correcte seguiment de la seva informaci\u00f3 comptable.<\/p>\n<p>&nbsp;<\/p>\n<h3>Estudi i confecci\u00f3 dels estats comptables amb la periodicitat requerida per cadascun dels nostres clients<\/h3>\n<p>Realitzem un estudi exhaustiu dels estats comptables dels nostres clients, confeccionant informes i reportis financers. Adaptem la nostra periodicitat d&#8217;an\u00e0lisi i presentaci\u00f3 d&#8217;informes a les necessitats espec\u00edfiques de cada client, garantint el compliment dels terminis establerts.<\/p>\n<p>&nbsp;<\/p>\n<h3>An\u00e0lisi i comentari peri\u00f2dic del resultat dels balan\u00e7os<\/h3>\n<p>Proporcionem una an\u00e0lisi detallada i un comentari peri\u00f2dic del resultat dels balan\u00e7os financers, amb la finalitat de brindar als nostres clients una visi\u00f3 clara i precisa de la seva situaci\u00f3 econ\u00f2mica. Oferim recomanacions i estrat\u00e8gies per a optimitzar el seu rendiment financer i aconseguir les seves metes.<\/p>\n<p>&nbsp;<\/p>\n<h3>Formulari dels Comptes Anuals i dip\u00f2sit de les mateixes en el Registre Mercantil corresponent<\/h3>\n<p>Ens ocupem de l&#8217;elaboraci\u00f3 i emplenament prec\u00eds del formulari dels Comptes Anuals i del seu dip\u00f2sit en el Registre Mercantil corresponent. El nostre equip s&#8217;assegura de seguir tots els procediments legals i administratius necessaris per a garantir la correcta presentaci\u00f3 dels informes financers.<\/p>\n<p>[\/et_pb_text][et_pb_button button_url=&#8221;https:\/\/www.asesoriabaix.es\/ca\/contacte\/&#8221; button_text=&#8221;Contacte&#8221; button_alignment=&#8221;center&#8221; _builder_version=&#8221;4.20.0&#8243; _module_preset=&#8221;default&#8221; custom_button=&#8221;on&#8221; button_text_color=&#8221;#FFFFFF&#8221; button_bg_color=&#8221;#670202&#8243; button_border_width=&#8221;0px&#8221; button_use_icon=&#8221;off&#8221; global_colors_info=&#8221;{}&#8221; button_text_size__hover_enabled=&#8221;on|hover&#8221; button_border_width__hover_enabled=&#8221;on|hover&#8221; button_border_width__hover=&#8221;0px&#8221; button_border_radius__hover_enabled=&#8221;on|desktop&#8221; button_border_radius__hover=&#8221;3px&#8221; theme_builder_area=&#8221;post_content&#8221;][\/et_pb_button][\/et_pb_column][\/et_pb_row][\/et_pb_section][et_pb_section fb_built=&#8221;1&#8243; _builder_version=&#8221;4.19.5&#8243; _module_preset=&#8221;default&#8221; custom_padding=&#8221;5px||7px|||&#8221; border_width_top=&#8221;1px&#8221; global_module=&#8221;2723&#8243; global_colors_info=&#8221;{}&#8221;][et_pb_row _builder_version=&#8221;4.20.0&#8243; _module_preset=&#8221;default&#8221; custom_padding=&#8221;||9px|||&#8221; global_colors_info=&#8221;{}&#8221;][et_pb_column type=&#8221;4_4&#8243; _builder_version=&#8221;4.20.0&#8243; _module_preset=&#8221;default&#8221; global_colors_info=&#8221;{}&#8221;][et_pb_text _builder_version=&#8221;4.20.0&#8243; _module_preset=&#8221;default&#8221; text_font=&#8221;|700|||||||&#8221; text_font_size=&#8221;17px&#8221; custom_margin=&#8221;||3px|||&#8221; global_colors_info=&#8221;{}&#8221;]<\/p>\n<p style=\"text-align: center;\">P\u00e0gina web creada i finan\u00e7ada amb fons del Kit Digital<\/p>\n<p>[\/et_pb_text][\/et_pb_column][\/et_pb_row][et_pb_row column_structure=&#8221;1_2,1_2&#8243; _builder_version=&#8221;4.19.5&#8243; _module_preset=&#8221;default&#8221; global_colors_info=&#8221;{}&#8221;][et_pb_column type=&#8221;1_2&#8243; _builder_version=&#8221;4.19.5&#8243; _module_preset=&#8221;default&#8221; global_colors_info=&#8221;{}&#8221;][et_pb_image src=&#8221;https:\/\/www.asesoriabaix.es\/wp-content\/uploads\/2023\/03\/financiado-ue.jpg&#8221; alt=&#8221;Finan\u00e7at per la Uni\u00f3 Europea &#8211; Next Generation EU&#8221; title_text=&#8221;financiado ue&#8221; align=&#8221;center&#8221; _builder_version=&#8221;4.19.5&#8243; _module_preset=&#8221;default&#8221; global_colors_info=&#8221;{}&#8221;][\/et_pb_image][\/et_pb_column][et_pb_column type=&#8221;1_2&#8243; _builder_version=&#8221;4.19.5&#8243; _module_preset=&#8221;default&#8221; global_colors_info=&#8221;{}&#8221;][et_pb_image src=&#8221;https:\/\/www.asesoriabaix.es\/wp-content\/uploads\/2023\/03\/planrecuperacion.jpg&#8221; alt=&#8221;Gobierno de Espa\u00f1a, plan  de recuperaci\u00f3n, transformaci\u00f3n y resiliencia&#8221; title_text=&#8221;Logotipo plan recuperacion&#8221; align=&#8221;center&#8221; _builder_version=&#8221;4.19.5&#8243; _module_preset=&#8221;default&#8221; global_colors_info=&#8221;{}&#8221;][\/et_pb_image][\/et_pb_column][\/et_pb_row][\/et_pb_section]<\/p>\n","protected":false},"excerpt":{"rendered":"<p>Assessoria Baix Llobregat \u00c0rea Comptable &nbsp; L&#8217;\u00e0rea comptable s&#8217;encarrega de portar la comptabilitat dels clients i proporcionar-los informaci\u00f3 financera rellevant per a la presa de decisions. L&#8217;assessor comptable \u00e9s l&#8217;encarregat de garantir el compliment de totes les obligacions comptables i fiscals. La comptabilitat no es limita a controlar el compliment dels llibres comptables obligatoris per [&hellip;]<\/p>\n","protected":false},"author":3,"featured_media":0,"parent":0,"menu_order":0,"comment_status":"closed","ping_status":"closed","template":"","meta":{"_et_pb_use_builder":"on","_et_pb_old_content":"<h1>\u00c1rea Contable<\/h1>\nLa <strong>contabilidad<\/strong> no se limita a controlar la cumplimentaci\u00f3n de los libros contables obligatorios por Ley. De hecho tambi\u00e9n constituye un <strong>elemento fundamental<\/strong> para el control operativo <strong>de la empresa.<\/strong>\n\nNuestro <strong>sistema de trabajo<\/strong> se adaptar\u00e1 a las necesidades del cliente, buscando un flujo de informaci\u00f3n <strong>fluido y eficaz.<\/strong>\n<p style=\"text-align: center;\"><a href=\"http:\/\/asesoriabaix.es\/wp-content\/uploads\/2015\/06\/calcula.jpg\"><img class=\"alignnone size-medium wp-image-20\" src=\"http:\/\/asesoriabaix.es\/wp-content\/uploads\/2015\/06\/calcula-300x225.jpg\" alt=\"Baix\" width=\"300\" height=\"225\" \/><\/a><\/p>\n\n<h3>Nuestros servicios engloban:<\/h3>\n<ul class=\"ulcont\">\n \t<li>- Planificaci\u00f3n y direcci\u00f3n contable para Sociedades y Personas F\u00edsicas<\/li>\n \t<li>- Contabilizaci\u00f3n de las operaciones de la Sociedad<\/li>\n \t<li>- Confecci\u00f3n de los Libros Oficiales obligatorios (Diario, Inventario y Cuentas Anuales, Memoria anual)<\/li>\n \t<li>- Estudio y confecci\u00f3n de los estados contables con la periodicidad requerida por cada uno de nuestros clientes<\/li>\n \t<li>- An\u00e1lisis y comentario peri\u00f3dico del resultado de los balances<\/li>\n \t<li>- Formulario de las Cuentas Anuales y dep\u00f3sito de las mismas en el Registro Mercantil correspondiente<\/li>\n<\/ul>","_et_gb_content_width":"1080"},"yoast_head":"<!-- This site is optimized with the Yoast SEO plugin v20.2.1 - https:\/\/yoast.com\/wordpress\/plugins\/seo\/ -->\n<title>Comptable - Assessoria Baix - Baix<\/title>\n<meta name=\"description\" content=\"\u00c0rea Comptable. Confecci\u00f3 de llibres oficials obligatoris, comptes anuals, diari, inventari i molt m\u00e9s.\" \/>\n<meta name=\"robots\" content=\"index, follow, max-snippet:-1, max-image-preview:large, max-video-preview:-1\" \/>\n<link rel=\"canonical\" href=\"https:\/\/www.asesoriabaix.es\/ca\/contable\/\" \/>\n<meta property=\"og:locale\" content=\"ca_ES\" \/>\n<meta property=\"og:type\" content=\"article\" \/>\n<meta property=\"og:title\" content=\"Comptable - Assessoria Baix - Baix\" \/>\n<meta property=\"og:description\" content=\"\u00c0rea Comptable. Confecci\u00f3 de llibres oficials obligatoris, comptes anuals, diari, inventari i molt m\u00e9s.\" \/>\n<meta property=\"og:url\" content=\"https:\/\/www.asesoriabaix.es\/ca\/contable\/\" \/>\n<meta property=\"og:site_name\" content=\"Baix Asesoramiento y Gesti\u00f3n\" \/>\n<meta property=\"article:modified_time\" content=\"2023-09-20T07:14:49+00:00\" \/>\n<meta name=\"twitter:card\" content=\"summary_large_image\" \/>\n<meta name=\"twitter:label1\" content=\"Temps estimat de lectura\" \/>\n\t<meta name=\"twitter:data1\" content=\"4 minuts\" \/>\n<script type=\"application\/ld+json\" class=\"yoast-schema-graph\">{\"@context\":\"https:\/\/schema.org\",\"@graph\":[{\"@type\":\"WebPage\",\"@id\":\"https:\/\/www.asesoriabaix.es\/ca\/contable\/\",\"url\":\"https:\/\/www.asesoriabaix.es\/ca\/contable\/\",\"name\":\"Comptable - Assessoria Baix - Baix\",\"isPartOf\":{\"@id\":\"https:\/\/www.asesoriabaix.es\/ca\/#website\"},\"datePublished\":\"2015-06-02T17:56:42+00:00\",\"dateModified\":\"2023-09-20T07:14:49+00:00\",\"description\":\"\u00c0rea Comptable. Confecci\u00f3 de llibres oficials obligatoris, comptes anuals, diari, inventari i molt m\u00e9s.\",\"breadcrumb\":{\"@id\":\"https:\/\/www.asesoriabaix.es\/ca\/contable\/#breadcrumb\"},\"inLanguage\":\"ca\",\"potentialAction\":[{\"@type\":\"ReadAction\",\"target\":[\"https:\/\/www.asesoriabaix.es\/ca\/contable\/\"]}]},{\"@type\":\"BreadcrumbList\",\"@id\":\"https:\/\/www.asesoriabaix.es\/ca\/contable\/#breadcrumb\",\"itemListElement\":[{\"@type\":\"ListItem\",\"position\":1,\"name\":\"Portada\",\"item\":\"https:\/\/www.asesoriabaix.es\/ca\/\"},{\"@type\":\"ListItem\",\"position\":2,\"name\":\"Comptable\"}]},{\"@type\":\"WebSite\",\"@id\":\"https:\/\/www.asesoriabaix.es\/ca\/#website\",\"url\":\"https:\/\/www.asesoriabaix.es\/ca\/\",\"name\":\"Asesoria Baix Llobregat - BAIX\",\"description\":\"Asesoramiento y gesti\u00f3n\",\"publisher\":{\"@id\":\"https:\/\/www.asesoriabaix.es\/ca\/#organization\"},\"potentialAction\":[{\"@type\":\"SearchAction\",\"target\":{\"@type\":\"EntryPoint\",\"urlTemplate\":\"https:\/\/www.asesoriabaix.es\/ca\/?s={search_term_string}\"},\"query-input\":\"required name=search_term_string\"}],\"inLanguage\":\"ca\"},{\"@type\":\"Organization\",\"@id\":\"https:\/\/www.asesoriabaix.es\/ca\/#organization\",\"name\":\"Baix Asesoramiento Y Gestion SL\",\"url\":\"https:\/\/www.asesoriabaix.es\/ca\/\",\"logo\":{\"@type\":\"ImageObject\",\"inLanguage\":\"ca\",\"@id\":\"https:\/\/www.asesoriabaix.es\/ca\/#\/schema\/logo\/image\/\",\"url\":\"https:\/\/www.asesoriabaix.es\/wp-content\/uploads\/2023\/03\/baix-logo.png\",\"contentUrl\":\"https:\/\/www.asesoriabaix.es\/wp-content\/uploads\/2023\/03\/baix-logo.png\",\"width\":390,\"height\":129,\"caption\":\"Baix Asesoramiento Y Gestion SL\"},\"image\":{\"@id\":\"https:\/\/www.asesoriabaix.es\/ca\/#\/schema\/logo\/image\/\"}}]}<\/script>\n<!-- \/ Yoast SEO plugin. -->","yoast_head_json":{"title":"Comptable - Assessoria Baix - Baix","description":"\u00c0rea Comptable. Confecci\u00f3 de llibres oficials obligatoris, comptes anuals, diari, inventari i molt m\u00e9s.","robots":{"index":"index","follow":"follow","max-snippet":"max-snippet:-1","max-image-preview":"max-image-preview:large","max-video-preview":"max-video-preview:-1"},"canonical":"https:\/\/www.asesoriabaix.es\/ca\/contable\/","og_locale":"ca_ES","og_type":"article","og_title":"Comptable - Assessoria Baix - Baix","og_description":"\u00c0rea Comptable. Confecci\u00f3 de llibres oficials obligatoris, comptes anuals, diari, inventari i molt m\u00e9s.","og_url":"https:\/\/www.asesoriabaix.es\/ca\/contable\/","og_site_name":"Baix Asesoramiento y Gesti\u00f3n","article_modified_time":"2023-09-20T07:14:49+00:00","twitter_card":"summary_large_image","twitter_misc":{"Temps estimat de lectura":"4 minuts"},"schema":{"@context":"https:\/\/schema.org","@graph":[{"@type":"WebPage","@id":"https:\/\/www.asesoriabaix.es\/ca\/contable\/","url":"https:\/\/www.asesoriabaix.es\/ca\/contable\/","name":"Comptable - Assessoria Baix - Baix","isPartOf":{"@id":"https:\/\/www.asesoriabaix.es\/ca\/#website"},"datePublished":"2015-06-02T17:56:42+00:00","dateModified":"2023-09-20T07:14:49+00:00","description":"\u00c0rea Comptable. Confecci\u00f3 de llibres oficials obligatoris, comptes anuals, diari, inventari i molt m\u00e9s.","breadcrumb":{"@id":"https:\/\/www.asesoriabaix.es\/ca\/contable\/#breadcrumb"},"inLanguage":"ca","potentialAction":[{"@type":"ReadAction","target":["https:\/\/www.asesoriabaix.es\/ca\/contable\/"]}]},{"@type":"BreadcrumbList","@id":"https:\/\/www.asesoriabaix.es\/ca\/contable\/#breadcrumb","itemListElement":[{"@type":"ListItem","position":1,"name":"Portada","item":"https:\/\/www.asesoriabaix.es\/ca\/"},{"@type":"ListItem","position":2,"name":"Comptable"}]},{"@type":"WebSite","@id":"https:\/\/www.asesoriabaix.es\/ca\/#website","url":"https:\/\/www.asesoriabaix.es\/ca\/","name":"Asesoria Baix Llobregat - BAIX","description":"Asesoramiento y gesti\u00f3n","publisher":{"@id":"https:\/\/www.asesoriabaix.es\/ca\/#organization"},"potentialAction":[{"@type":"SearchAction","target":{"@type":"EntryPoint","urlTemplate":"https:\/\/www.asesoriabaix.es\/ca\/?s={search_term_string}"},"query-input":"required name=search_term_string"}],"inLanguage":"ca"},{"@type":"Organization","@id":"https:\/\/www.asesoriabaix.es\/ca\/#organization","name":"Baix Asesoramiento Y Gestion SL","url":"https:\/\/www.asesoriabaix.es\/ca\/","logo":{"@type":"ImageObject","inLanguage":"ca","@id":"https:\/\/www.asesoriabaix.es\/ca\/#\/schema\/logo\/image\/","url":"https:\/\/www.asesoriabaix.es\/wp-content\/uploads\/2023\/03\/baix-logo.png","contentUrl":"https:\/\/www.asesoriabaix.es\/wp-content\/uploads\/2023\/03\/baix-logo.png","width":390,"height":129,"caption":"Baix Asesoramiento Y Gestion SL"},"image":{"@id":"https:\/\/www.asesoriabaix.es\/ca\/#\/schema\/logo\/image\/"}}]}},"_links":{"self":[{"href":"https:\/\/www.asesoriabaix.es\/ca\/wp-json\/wp\/v2\/pages\/63"}],"collection":[{"href":"https:\/\/www.asesoriabaix.es\/ca\/wp-json\/wp\/v2\/pages"}],"about":[{"href":"https:\/\/www.asesoriabaix.es\/ca\/wp-json\/wp\/v2\/types\/page"}],"author":[{"embeddable":true,"href":"https:\/\/www.asesoriabaix.es\/ca\/wp-json\/wp\/v2\/users\/3"}],"replies":[{"embeddable":true,"href":"https:\/\/www.asesoriabaix.es\/ca\/wp-json\/wp\/v2\/comments?post=63"}],"version-history":[{"count":12,"href":"https:\/\/www.asesoriabaix.es\/ca\/wp-json\/wp\/v2\/pages\/63\/revisions"}],"predecessor-version":[{"id":2817,"href":"https:\/\/www.asesoriabaix.es\/ca\/wp-json\/wp\/v2\/pages\/63\/revisions\/2817"}],"wp:attachment":[{"href":"https:\/\/www.asesoriabaix.es\/ca\/wp-json\/wp\/v2\/media?parent=63"}],"curies":[{"name":"wp","href":"https:\/\/api.w.org\/{rel}","templated":true}]}}