{"id":56,"date":"2015-06-02T15:12:13","date_gmt":"2015-06-02T15:12:13","guid":{"rendered":"http:\/\/asesoriabaix.es\/?page_id=56"},"modified":"2023-09-19T10:10:23","modified_gmt":"2023-09-19T09:10:23","slug":"fiscal","status":"publish","type":"page","link":"https:\/\/www.asesoriabaix.es\/ca\/fiscal\/","title":{"rendered":"Fiscal"},"content":{"rendered":"<p>[et_pb_section fb_built=&#8221;1&#8243; fullwidth=&#8221;on&#8221; _builder_version=&#8221;4.20.0&#8243; _module_preset=&#8221;default&#8221; min_height=&#8221;40%&#8221; global_colors_info=&#8221;{}&#8221;][et_pb_fullwidth_header text_orientation=&#8221;center&#8221; _builder_version=&#8221;4.20.0&#8243; _module_preset=&#8221;default&#8221; title_font_size=&#8221;4em&#8221; background_color=&#8221;#FFFFFF&#8221; background_image=&#8221;https:\/\/www.asesoriabaix.es\/wp-content\/uploads\/2023\/03\/areafiscal.jpg&#8221; min_height=&#8221;500px&#8221; height=&#8221;500px&#8221; max_height=&#8221;500px&#8221; custom_margin=&#8221;0px||||false|false&#8221; custom_padding=&#8221;160px||||false|false&#8221; custom_css_title=&#8221;display: inline-block!important;||background: rgba(21,20,20,0.80);||padding: 0.1em 0.2em;||border-radius: 8px;&#8221; global_colors_info=&#8221;{}&#8221;][\/et_pb_fullwidth_header][\/et_pb_section][et_pb_section fb_built=&#8221;1&#8243; _builder_version=&#8221;4.19.5&#8243; _module_preset=&#8221;default&#8221; global_colors_info=&#8221;{}&#8221;][et_pb_row _builder_version=&#8221;4.19.5&#8243; _module_preset=&#8221;default&#8221; global_colors_info=&#8221;{}&#8221;][et_pb_column type=&#8221;4_4&#8243; _builder_version=&#8221;4.19.5&#8243; _module_preset=&#8221;default&#8221; global_colors_info=&#8221;{}&#8221;][et_pb_text _builder_version=&#8221;4.20.0&#8243; _module_preset=&#8221;default&#8221; text_font_size=&#8221;1.2em&#8221; text_line_height=&#8221;1.8em&#8221; link_font=&#8221;|700|||on||||&#8221; link_text_color=&#8221;#195908&#8243; header_font_size=&#8221;2.4em&#8221; header_2_font_size=&#8221;1.8em&#8221; global_colors_info=&#8221;{}&#8221; custom_margin=&#8221;||46px|||&#8221;]<\/p>\n<h1 style=\"text-align: center;\">Assessoria Baix Llobregat<\/h1>\n<h2 style=\"text-align: center;\">\u00c0rea Fiscal<\/h2>\n<p><span style=\"font-weight: 400;\"><\/span><\/p>\n<p><span style=\"font-weight: 400;\">L&#8217;\u00e0rea fiscal \u00e9s una de les \u00e0rees m\u00e9s importants en una assessoria, ja que s&#8217;encarrega de brindar assessorament i solucions en mat\u00e8ria d&#8217;impostos i tributs. <strong>L&#8217;assessor fiscal s&#8217;encarrega d&#8217;orientar als seus clients en el compliment de les seves obligacions fiscals i de buscar les millors estrat\u00e8gies.<\/strong><\/span><\/p>\n<p>Disposar d&#8217;un adequat assessorament fiscal i tributari \u00e9s vital per al desenvolupament de qualsevol empresa. <strong>L&#8217;Assessoria Baix li proporcionar\u00e0 les recomanacions necess\u00e0ries per a una correcta planificaci\u00f3 fiscal<\/strong>, i estar\u00e0 sempre a la seva disposici\u00f3 per a resoldre de manera r\u00e0pida i efica\u00e7 qualsevol dubte o consulta.<\/p>\n<p>Els nostres serveis fiscals s\u00f3n complets i abasten diverses \u00e0rees. <strong>Oferim assessoria fiscal integral per a garantir que els nostres clients compleixin amb totes les normatives i regulacions tribut\u00e0ries.<\/strong><\/p>\n<p>A m\u00e9s, brindem <em>assist\u00e8ncia, representaci\u00f3 i defensa davant els \u00f2rgans de la Inspecci\u00f3 dels Tributs.<\/em><\/p>\n<p><strong>Tamb\u00e9 oferim<\/strong> <em>suport en la preparaci\u00f3 i presentaci\u00f3 de declaracions d&#8217;impostos<\/em>. Ens encarreguem de confeccionar <em>les declaracions d&#8217;IVA i els resums anuals corresponents<\/em>. A m\u00e9s, assistim en el <em>pagament a compte de l&#8217;Impost sobre la Renda de les Persones F\u00edsiques (IRPF) tant en estimaci\u00f3 objectiva com directa<\/em>. Realitzem les <em>declaracions anuals d&#8217;IRPF i\/o Patrimoni<\/em>, aix\u00ed com la <em>declaraci\u00f3 anual de l&#8217;impost de societats<\/em> i els pagaments a compte relacionats.<\/p>\n<p><strong>Els nostres serveis<\/strong> tamb\u00e9 inclouen la <em>presentaci\u00f3 de la declaraci\u00f3 recapitulativa d&#8217;Operacions Intracomunit\u00e0ries, el compliment de les obligacions en el sistema Intrastat i la declaraci\u00f3 d&#8217;Operacions amb Tercers. A m\u00e9s, ens ocupem de l&#8217;Impost sobre Activitats Econ\u00f2miques i brindem assessorament i gesti\u00f3 en l&#8217;ajornament i\/o fraccionament de deutes tributaris.<\/em><\/p>\n<p>Estem preparats per a atendre qualsevol requeriment de l&#8217;Ag\u00e8ncia Estatal d&#8217;Administraci\u00f3 Tribut\u00e0ria (AEAT) i ens encarreguem de les declaracions censals relacionades amb l&#8217;inici d&#8217;activitat, baixes, variacions, entre altres tr\u00e0mits.<\/p>\n<p>Finalment, ens ocupem de la <em>retenci\u00f3 de l&#8217;IRPF procedent de lloguers<\/em>, assegurant-nos que els nostres clients compleixin amb les seves obligacions fiscals en aquesta \u00e0rea espec\u00edfica.<\/p>\n<p>&nbsp;<\/p>\n<h3>Confecci\u00f3 declaraci\u00f3 de la renda<\/h3>\n<p>El nostre equip d&#8217;experts s&#8217;encarregar\u00e0 de realitzar la confecci\u00f3 de la teva declaraci\u00f3 de la renda, assegurant-te de maximitzar el teu retorn fiscal i mantenir els teus impostos en ordre. A m\u00e9s, t&#8217;assistirem en cada etapa del proc\u00e9s, eliminant qualsevol preocupaci\u00f3 que puguis tenir.<\/p>\n<p>&nbsp;<\/p>\n<h3>Notificacions electr\u00f2niques hisenda i seguretat social<\/h3>\n<p>Ens ocupem de les notificacions electr\u00f2niques d&#8217;hisenda i seguretat social, garantint que no et perdis cap comunicaci\u00f3 important. D&#8217;igual manera, ens encarregarem de la declaraci\u00f3 d&#8217;impostos i la domiciliaci\u00f3 de les teves societats, facilitant la gesti\u00f3 fiscal del teu negoci.<\/p>\n<p>&nbsp;<\/p>\n<h3>Declaraci\u00f3 d&#8217;impostos<\/h3>\n<p>No m\u00e9s maldecaps tractant d&#8217;entendre i completar els tediosos formularis d&#8217;impostos. En Assessoria Baix ens encarreguem de realitzar i presentar la teva declaraci\u00f3 d&#8217;impostos de manera precisa.<\/p>\n<p>&nbsp;<\/p>\n<h3>Domiciliaci\u00f3 de societats<\/h3>\n<p>Oblida&#8217;t de les complicacions de la gesti\u00f3 fiscal de la teva empresa. En Assessoria Baix t&#8217;oferim l&#8217;opci\u00f3 de domiciliar les teves societats perqu\u00e8 puguis gestionar els teus impostos i tr\u00e0mits de manera eficient i sense preocupacions.<\/p>\n<p>&nbsp;<\/p>\n<h3>Impost renda de persones f\u00edsiques (IRPF)<\/h3>\n<p>Si ets una persona f\u00edsica, no et preocupis, comptem amb especialistes en l&#8217;Impost sobre la Renda de Persones F\u00edsiques (IRPF) que t&#8217;ajudaran a realitzar la confecci\u00f3 de la teva declaraci\u00f3 i a resoldre qualsevol dubte que puguis tenir en relaci\u00f3 a guanys i p\u00e8rdues patrimonials.<\/p>\n<p>&nbsp;<\/p>\n<h3>Guany i p\u00e8rdua patrimonial<\/h3>\n<p>El nostre equip d&#8217;experts fiscals est\u00e0 capacitat per a realitzar una an\u00e0lisi exhaustiva dels teus moviments financers, identificar les transaccions rellevants i calcular el resultat obtingut. Ja sigui que hagis obtingut guanys per transaccions immobili\u00e0ries, inversions en Borsa o qualsevol altre actiu, o hagis sofert p\u00e8rdues, ens encarregarem de preparar la documentaci\u00f3 necess\u00e0ria i presentar-les.<\/p>\n<p>&nbsp;<\/p>\n<h3>Sol\u00b7licitar ajuda mare treballadora<\/h3>\n<p>Si ets mare treballadora, estarem encantats d&#8217;assessorar-te i ajudar-te a sol\u00b7licitar qualsevol ajuda a la qual puguis tenir dret.<\/p>\n<p>[\/et_pb_text][et_pb_button button_url=&#8221;https:\/\/www.asesoriabaix.es\/ca\/contacte\/&#8221; button_text=&#8221;Contacte&#8221; button_alignment=&#8221;center&#8221; _builder_version=&#8221;4.20.0&#8243; _module_preset=&#8221;default&#8221; custom_button=&#8221;on&#8221; button_text_color=&#8221;#FFFFFF&#8221; button_bg_color=&#8221;#670202&#8243; button_border_width=&#8221;0px&#8221; button_use_icon=&#8221;off&#8221; global_colors_info=&#8221;{}&#8221; button_text_size__hover_enabled=&#8221;on|hover&#8221; button_border_width__hover_enabled=&#8221;on|hover&#8221; button_border_width__hover=&#8221;0px&#8221; button_border_radius__hover_enabled=&#8221;on|desktop&#8221; button_border_radius__hover=&#8221;3px&#8221; theme_builder_area=&#8221;post_content&#8221;][\/et_pb_button][\/et_pb_column][\/et_pb_row][\/et_pb_section][et_pb_section fb_built=&#8221;1&#8243; _builder_version=&#8221;4.19.5&#8243; _module_preset=&#8221;default&#8221; custom_padding=&#8221;5px||7px|||&#8221; border_width_top=&#8221;1px&#8221; global_module=&#8221;2723&#8243; global_colors_info=&#8221;{}&#8221;][et_pb_row _builder_version=&#8221;4.20.0&#8243; _module_preset=&#8221;default&#8221; custom_padding=&#8221;||9px|||&#8221; global_colors_info=&#8221;{}&#8221;][et_pb_column type=&#8221;4_4&#8243; _builder_version=&#8221;4.20.0&#8243; _module_preset=&#8221;default&#8221; global_colors_info=&#8221;{}&#8221;][et_pb_text _builder_version=&#8221;4.20.0&#8243; _module_preset=&#8221;default&#8221; text_font=&#8221;|700|||||||&#8221; text_font_size=&#8221;17px&#8221; custom_margin=&#8221;||3px|||&#8221; global_colors_info=&#8221;{}&#8221;]<\/p>\n<p style=\"text-align: center;\">P\u00e0gina web creada i finan\u00e7ada amb fons del Kit Digital<\/p>\n<p>[\/et_pb_text][\/et_pb_column][\/et_pb_row][et_pb_row column_structure=&#8221;1_2,1_2&#8243; _builder_version=&#8221;4.19.5&#8243; _module_preset=&#8221;default&#8221; global_colors_info=&#8221;{}&#8221;][et_pb_column type=&#8221;1_2&#8243; _builder_version=&#8221;4.19.5&#8243; _module_preset=&#8221;default&#8221; global_colors_info=&#8221;{}&#8221;][et_pb_image src=&#8221;https:\/\/www.asesoriabaix.es\/wp-content\/uploads\/2023\/03\/financiado-ue.jpg&#8221; alt=&#8221;Finan\u00e7at per la Uni\u00f3 Europea &#8211; Next Generation EU&#8221; title_text=&#8221;financiado ue&#8221; align=&#8221;center&#8221; _builder_version=&#8221;4.19.5&#8243; _module_preset=&#8221;default&#8221; global_colors_info=&#8221;{}&#8221;][\/et_pb_image][\/et_pb_column][et_pb_column type=&#8221;1_2&#8243; _builder_version=&#8221;4.19.5&#8243; _module_preset=&#8221;default&#8221; global_colors_info=&#8221;{}&#8221;][et_pb_image src=&#8221;https:\/\/www.asesoriabaix.es\/wp-content\/uploads\/2023\/03\/planrecuperacion.jpg&#8221; alt=&#8221;Gobierno de Espa\u00f1a, plan  de recuperaci\u00f3n, transformaci\u00f3n y resiliencia&#8221; title_text=&#8221;Logotipo plan recuperacion&#8221; align=&#8221;center&#8221; _builder_version=&#8221;4.19.5&#8243; _module_preset=&#8221;default&#8221; global_colors_info=&#8221;{}&#8221;][\/et_pb_image][\/et_pb_column][\/et_pb_row][\/et_pb_section]<\/p>\n","protected":false},"excerpt":{"rendered":"<p>Assessoria Baix Llobregat \u00c0rea Fiscal L&#8217;\u00e0rea fiscal \u00e9s una de les \u00e0rees m\u00e9s importants en una assessoria, ja que s&#8217;encarrega de brindar assessorament i solucions en mat\u00e8ria d&#8217;impostos i tributs. L&#8217;assessor fiscal s&#8217;encarrega d&#8217;orientar als seus clients en el compliment de les seves obligacions fiscals i de buscar les millors estrat\u00e8gies. Disposar d&#8217;un adequat assessorament [&hellip;]<\/p>\n","protected":false},"author":3,"featured_media":0,"parent":0,"menu_order":0,"comment_status":"closed","ping_status":"closed","template":"","meta":{"_et_pb_use_builder":"on","_et_pb_old_content":"<h1>\u00c1rea Fiscal<\/h1>\n<!-- <a><img id=\"slidercal\" src=\"file:\/\/\/C:\/Users\/PaKaTa\/Desktop\/BAIX\/star\/Backup\/www\/imgs\/agosto.jpg\" alt=\"calendario\"><\/a> \/\/ -->\n\nDisponer de un adecuado asesoramiento fiscal y tributario es vital para el desarrollo de cualquier empresa.<strong> Baix Asesoramiento y Gesti\u00f3n<\/strong> le proporcionar\u00e1 las recomendaciones necesarias para una correcta planificaci\u00f3n fiscal, y estar\u00e1 siempre a su disposici\u00f3n para resolver de forma r\u00e1pida y eficaz cualquier duda o consulta.\n<h3>Nuestros servicios abarcan:<\/h3>\n<ul>\n \t<li>Asesor\u00eda Fiscal integral.<\/li>\n \t<li>Asistencia, representaci\u00f3n y defensa ante los \u00f3rganos de la Inspecci\u00f3n de los Tributos<\/li>\n \t<li>Asistencia en la preparaci\u00f3n y presentaci\u00f3n de declaraciones de impuestos:\n<ul>\n \t<li>- Confecci\u00f3n de declaraciones de IVA y resumenes anuales<\/li>\n \t<li>- Pago a cuenta de IRPF, estimaci\u00f3n objetiva y directa<\/li>\n \t<li>- Declaraciones anuales de IRPF y\/o Patrimonio<\/li>\n \t<li>- Declaraci\u00f3n anual del impuesto sobre Sociedades y pagos a cuenta<\/li>\n \t<li>- Declaraci\u00f3n recapitulativa de Operaciones Intracomunitarias<\/li>\n \t<li>- Intrastat<\/li>\n \t<li>- Declaraci\u00f3n de Operaciones con Terceros<\/li>\n \t<li>- Impuesto sobre Actividades Econ\u00f3micas<\/li>\n \t<li>- Aplazamiento y\/o fraccionamiento de deudas tributarias<\/li>\n \t<li>- Atenci\u00f3n de Requerimientos de la AEAT<\/li>\n \t<li>- Declaraciones censales de inicio de actividad, bajas, variaciones, etc.<\/li>\n<\/ul>\n<\/li>\n<\/ul>","_et_gb_content_width":"1080"},"yoast_head":"<!-- This site is optimized with the Yoast SEO plugin v20.2.1 - https:\/\/yoast.com\/wordpress\/plugins\/seo\/ -->\n<title>Fiscal - Asesoria Baix Llobregat<\/title>\n<meta name=\"description\" content=\"\u00c0rea fiscal. Confecci\u00f3 declaraci\u00f3 de la renda, Notificacions electr\u00f2niques, declaraci\u00f3 d&#039;impostos, declaraci\u00f3 d&#039;impostos i molt m\u00e9s.\" \/>\n<meta name=\"robots\" content=\"index, follow, max-snippet:-1, max-image-preview:large, max-video-preview:-1\" \/>\n<link rel=\"canonical\" href=\"https:\/\/www.asesoriabaix.es\/ca\/fiscal\/\" \/>\n<meta property=\"og:locale\" content=\"ca_ES\" \/>\n<meta property=\"og:type\" content=\"article\" \/>\n<meta property=\"og:title\" content=\"Fiscal - Asesoria Baix Llobregat\" \/>\n<meta property=\"og:description\" content=\"\u00c0rea fiscal. Confecci\u00f3 declaraci\u00f3 de la renda, Notificacions electr\u00f2niques, declaraci\u00f3 d&#039;impostos, declaraci\u00f3 d&#039;impostos i molt m\u00e9s.\" \/>\n<meta property=\"og:url\" content=\"https:\/\/www.asesoriabaix.es\/ca\/fiscal\/\" \/>\n<meta property=\"og:site_name\" content=\"Baix Asesoramiento y Gesti\u00f3n\" \/>\n<meta property=\"article:modified_time\" content=\"2023-09-19T09:10:23+00:00\" \/>\n<meta name=\"twitter:card\" content=\"summary_large_image\" \/>\n<meta name=\"twitter:label1\" content=\"Temps estimat de lectura\" \/>\n\t<meta name=\"twitter:data1\" content=\"2 minuts\" \/>\n<script type=\"application\/ld+json\" class=\"yoast-schema-graph\">{\"@context\":\"https:\/\/schema.org\",\"@graph\":[{\"@type\":\"WebPage\",\"@id\":\"https:\/\/www.asesoriabaix.es\/ca\/fiscal\/\",\"url\":\"https:\/\/www.asesoriabaix.es\/ca\/fiscal\/\",\"name\":\"Fiscal - Asesoria Baix Llobregat\",\"isPartOf\":{\"@id\":\"https:\/\/www.asesoriabaix.es\/ca\/#website\"},\"datePublished\":\"2015-06-02T15:12:13+00:00\",\"dateModified\":\"2023-09-19T09:10:23+00:00\",\"description\":\"\u00c0rea fiscal. Confecci\u00f3 declaraci\u00f3 de la renda, Notificacions electr\u00f2niques, declaraci\u00f3 d'impostos, declaraci\u00f3 d'impostos i molt m\u00e9s.\",\"breadcrumb\":{\"@id\":\"https:\/\/www.asesoriabaix.es\/ca\/fiscal\/#breadcrumb\"},\"inLanguage\":\"ca\",\"potentialAction\":[{\"@type\":\"ReadAction\",\"target\":[\"https:\/\/www.asesoriabaix.es\/ca\/fiscal\/\"]}]},{\"@type\":\"BreadcrumbList\",\"@id\":\"https:\/\/www.asesoriabaix.es\/ca\/fiscal\/#breadcrumb\",\"itemListElement\":[{\"@type\":\"ListItem\",\"position\":1,\"name\":\"Portada\",\"item\":\"https:\/\/www.asesoriabaix.es\/ca\/\"},{\"@type\":\"ListItem\",\"position\":2,\"name\":\"Fiscal\"}]},{\"@type\":\"WebSite\",\"@id\":\"https:\/\/www.asesoriabaix.es\/ca\/#website\",\"url\":\"https:\/\/www.asesoriabaix.es\/ca\/\",\"name\":\"Asesoria Baix Llobregat - BAIX\",\"description\":\"Asesoramiento y gesti\u00f3n\",\"publisher\":{\"@id\":\"https:\/\/www.asesoriabaix.es\/ca\/#organization\"},\"potentialAction\":[{\"@type\":\"SearchAction\",\"target\":{\"@type\":\"EntryPoint\",\"urlTemplate\":\"https:\/\/www.asesoriabaix.es\/ca\/?s={search_term_string}\"},\"query-input\":\"required name=search_term_string\"}],\"inLanguage\":\"ca\"},{\"@type\":\"Organization\",\"@id\":\"https:\/\/www.asesoriabaix.es\/ca\/#organization\",\"name\":\"Baix Asesoramiento Y Gestion SL\",\"url\":\"https:\/\/www.asesoriabaix.es\/ca\/\",\"logo\":{\"@type\":\"ImageObject\",\"inLanguage\":\"ca\",\"@id\":\"https:\/\/www.asesoriabaix.es\/ca\/#\/schema\/logo\/image\/\",\"url\":\"https:\/\/www.asesoriabaix.es\/wp-content\/uploads\/2023\/03\/baix-logo.png\",\"contentUrl\":\"https:\/\/www.asesoriabaix.es\/wp-content\/uploads\/2023\/03\/baix-logo.png\",\"width\":390,\"height\":129,\"caption\":\"Baix Asesoramiento Y Gestion SL\"},\"image\":{\"@id\":\"https:\/\/www.asesoriabaix.es\/ca\/#\/schema\/logo\/image\/\"}}]}<\/script>\n<!-- \/ Yoast SEO plugin. -->","yoast_head_json":{"title":"Fiscal - Asesoria Baix Llobregat","description":"\u00c0rea fiscal. Confecci\u00f3 declaraci\u00f3 de la renda, Notificacions electr\u00f2niques, declaraci\u00f3 d'impostos, declaraci\u00f3 d'impostos i molt m\u00e9s.","robots":{"index":"index","follow":"follow","max-snippet":"max-snippet:-1","max-image-preview":"max-image-preview:large","max-video-preview":"max-video-preview:-1"},"canonical":"https:\/\/www.asesoriabaix.es\/ca\/fiscal\/","og_locale":"ca_ES","og_type":"article","og_title":"Fiscal - Asesoria Baix Llobregat","og_description":"\u00c0rea fiscal. Confecci\u00f3 declaraci\u00f3 de la renda, Notificacions electr\u00f2niques, declaraci\u00f3 d'impostos, declaraci\u00f3 d'impostos i molt m\u00e9s.","og_url":"https:\/\/www.asesoriabaix.es\/ca\/fiscal\/","og_site_name":"Baix Asesoramiento y Gesti\u00f3n","article_modified_time":"2023-09-19T09:10:23+00:00","twitter_card":"summary_large_image","twitter_misc":{"Temps estimat de lectura":"2 minuts"},"schema":{"@context":"https:\/\/schema.org","@graph":[{"@type":"WebPage","@id":"https:\/\/www.asesoriabaix.es\/ca\/fiscal\/","url":"https:\/\/www.asesoriabaix.es\/ca\/fiscal\/","name":"Fiscal - Asesoria Baix Llobregat","isPartOf":{"@id":"https:\/\/www.asesoriabaix.es\/ca\/#website"},"datePublished":"2015-06-02T15:12:13+00:00","dateModified":"2023-09-19T09:10:23+00:00","description":"\u00c0rea fiscal. Confecci\u00f3 declaraci\u00f3 de la renda, Notificacions electr\u00f2niques, declaraci\u00f3 d'impostos, declaraci\u00f3 d'impostos i molt m\u00e9s.","breadcrumb":{"@id":"https:\/\/www.asesoriabaix.es\/ca\/fiscal\/#breadcrumb"},"inLanguage":"ca","potentialAction":[{"@type":"ReadAction","target":["https:\/\/www.asesoriabaix.es\/ca\/fiscal\/"]}]},{"@type":"BreadcrumbList","@id":"https:\/\/www.asesoriabaix.es\/ca\/fiscal\/#breadcrumb","itemListElement":[{"@type":"ListItem","position":1,"name":"Portada","item":"https:\/\/www.asesoriabaix.es\/ca\/"},{"@type":"ListItem","position":2,"name":"Fiscal"}]},{"@type":"WebSite","@id":"https:\/\/www.asesoriabaix.es\/ca\/#website","url":"https:\/\/www.asesoriabaix.es\/ca\/","name":"Asesoria Baix Llobregat - BAIX","description":"Asesoramiento y gesti\u00f3n","publisher":{"@id":"https:\/\/www.asesoriabaix.es\/ca\/#organization"},"potentialAction":[{"@type":"SearchAction","target":{"@type":"EntryPoint","urlTemplate":"https:\/\/www.asesoriabaix.es\/ca\/?s={search_term_string}"},"query-input":"required name=search_term_string"}],"inLanguage":"ca"},{"@type":"Organization","@id":"https:\/\/www.asesoriabaix.es\/ca\/#organization","name":"Baix Asesoramiento Y Gestion SL","url":"https:\/\/www.asesoriabaix.es\/ca\/","logo":{"@type":"ImageObject","inLanguage":"ca","@id":"https:\/\/www.asesoriabaix.es\/ca\/#\/schema\/logo\/image\/","url":"https:\/\/www.asesoriabaix.es\/wp-content\/uploads\/2023\/03\/baix-logo.png","contentUrl":"https:\/\/www.asesoriabaix.es\/wp-content\/uploads\/2023\/03\/baix-logo.png","width":390,"height":129,"caption":"Baix Asesoramiento Y Gestion SL"},"image":{"@id":"https:\/\/www.asesoriabaix.es\/ca\/#\/schema\/logo\/image\/"}}]}},"_links":{"self":[{"href":"https:\/\/www.asesoriabaix.es\/ca\/wp-json\/wp\/v2\/pages\/56"}],"collection":[{"href":"https:\/\/www.asesoriabaix.es\/ca\/wp-json\/wp\/v2\/pages"}],"about":[{"href":"https:\/\/www.asesoriabaix.es\/ca\/wp-json\/wp\/v2\/types\/page"}],"author":[{"embeddable":true,"href":"https:\/\/www.asesoriabaix.es\/ca\/wp-json\/wp\/v2\/users\/3"}],"replies":[{"embeddable":true,"href":"https:\/\/www.asesoriabaix.es\/ca\/wp-json\/wp\/v2\/comments?post=56"}],"version-history":[{"count":16,"href":"https:\/\/www.asesoriabaix.es\/ca\/wp-json\/wp\/v2\/pages\/56\/revisions"}],"predecessor-version":[{"id":2802,"href":"https:\/\/www.asesoriabaix.es\/ca\/wp-json\/wp\/v2\/pages\/56\/revisions\/2802"}],"wp:attachment":[{"href":"https:\/\/www.asesoriabaix.es\/ca\/wp-json\/wp\/v2\/media?parent=56"}],"curies":[{"name":"wp","href":"https:\/\/api.w.org\/{rel}","templated":true}]}}