{"id":31,"date":"2015-06-02T13:57:00","date_gmt":"2015-06-02T13:57:00","guid":{"rendered":"http:\/\/asesoriabaix.es\/?page_id=31"},"modified":"2023-09-20T08:57:55","modified_gmt":"2023-09-20T07:57:55","slug":"quienes-somos","status":"publish","type":"page","link":"https:\/\/www.asesoriabaix.es\/ca\/","title":{"rendered":"Inicio"},"content":{"rendered":"<p>[et_pb_section fb_built=&#8221;1&#8243; fullwidth=&#8221;on&#8221; _builder_version=&#8221;4.20.0&#8243; _module_preset=&#8221;default&#8221; min_height=&#8221;40%&#8221; global_colors_info=&#8221;{}&#8221;][et_pb_fullwidth_header title=&#8221;Assessoria Baix Llobregat&#8221; text_orientation=&#8221;center&#8221; _builder_version=&#8221;4.20.0&#8243; _module_preset=&#8221;default&#8221; title_font_size=&#8221;4em&#8221; background_color=&#8221;#FFFFFF&#8221; background_image=&#8221;https:\/\/www.asesoriabaix.es\/wp-content\/uploads\/2023\/03\/asesoriabaix-portada.jpg&#8221; background_position=&#8221;top_center&#8221; min_height=&#8221;500px&#8221; min_height_tablet=&#8221;500px&#8221; min_height_phone=&#8221;500px&#8221; min_height_last_edited=&#8221;on|phone&#8221; height=&#8221;500px&#8221; height_tablet=&#8221;500px&#8221; height_phone=&#8221;500px&#8221; height_last_edited=&#8221;on|phone&#8221; max_height=&#8221;500px&#8221; max_height_tablet=&#8221;500px&#8221; max_height_phone=&#8221;500px&#8221; max_height_last_edited=&#8221;on|phone&#8221; custom_margin=&#8221;0px||||false|false&#8221; custom_padding=&#8221;216px||||false|false&#8221; custom_padding_tablet=&#8221;160px||||false|false&#8221; custom_padding_phone=&#8221;146px||||false|false&#8221; custom_padding_last_edited=&#8221;on|desktop&#8221; title_font_size_tablet=&#8221;4em&#8221; title_font_size_phone=&#8221;3em&#8221; title_font_size_last_edited=&#8221;on|phone&#8221; custom_css_title=&#8221;display: inline-block!important;||background: rgba(21,20,20,0.80);||padding: 0.1em 0.2em;||border-radius: 8px;&#8221; global_colors_info=&#8221;{}&#8221;][\/et_pb_fullwidth_header][\/et_pb_section][et_pb_section fb_built=&#8221;1&#8243; _builder_version=&#8221;4.19.5&#8243; _module_preset=&#8221;default&#8221; global_colors_info=&#8221;{}&#8221;][et_pb_row _builder_version=&#8221;4.19.5&#8243; _module_preset=&#8221;default&#8221; global_colors_info=&#8221;{}&#8221;][et_pb_column type=&#8221;4_4&#8243; _builder_version=&#8221;4.19.5&#8243; _module_preset=&#8221;default&#8221; global_colors_info=&#8221;{}&#8221;][et_pb_text _builder_version=&#8221;4.20.0&#8243; _module_preset=&#8221;default&#8221; text_font_size=&#8221;1.2em&#8221; text_line_height=&#8221;1.8em&#8221; link_font=&#8221;|700|||on||||&#8221; link_text_color=&#8221;#670202&#8243; header_font_size=&#8221;2.4em&#8221; header_2_font_size=&#8221;1.8em&#8221; hover_enabled=&#8221;0&#8243; global_colors_info=&#8221;{}&#8221; sticky_enabled=&#8221;0&#8243;]<\/p>\n<h2 style=\"text-align: center;\">Presentaci\u00f3<\/h2>\n<p>&nbsp;<\/p>\n<p><span style=\"font-weight: 400;\">Som un <\/span><strong>despatx professional<\/strong><span style=\"font-weight: 400;\"> que ofereix als nostres clients una gran varietat de <\/span><strong>serveis legals<\/strong><span style=\"font-weight: 400;\">. Els serveis legals poden incloure assessorament en diferents \u00e0rees del dret, com el dret laboral, el dret mercantil, el dret civil, el dret penal, entre altres.<\/span><\/p>\n<p><span style=\"font-weight: 400;\"><\/span><\/p>\n<h2 style=\"text-align: center;\">La nostra assessoria<\/h2>\n<p>&nbsp;<\/p>\n<p><span style=\"font-weight: 400;\">El fundador del despatx \u00e9s un advocat exercint col\u00b7legiat de Barcelona l&#8217;<\/span><strong>any 1964<\/strong><span style=\"font-weight: 400;\">, \u00e9s a dir, amb una dilatada experi\u00e8ncia de m\u00e9s de 50 anys en l&#8217;exercici professional, despatx aquest que est\u00e0 integrat amb altres professionals per atendre les diferents especialitats dels serveis que presten, en concret, l&#8217;equip est\u00e0 compost per <\/span><strong>3 advocats i 3 graduats socials<\/strong><span style=\"font-weight: 400;\">, tots ells degudament col\u00b7legiats en els seus respectius col\u00b7legis professionals i exercint especialitzats en les diferents mat\u00e8ries objecte de la prestaci\u00f3 dels serveis que oferim.<\/span><\/p>\n<p><span style=\"font-weight: 400;\">Si est\u00e0s buscant un servei d&#8217;assessoria a la comarca del <strong>Baix Llobregat i a Barcelona ciutat<\/strong>, t&#8217;oferim diverses opcions disponibles depenent del tipus d&#8217;assessorament que necessitis. Oferim assessorament en les seg\u00fcents \u00e0rees:<\/span><span style=\"font-weight: 400;\"><\/span><\/p>\n<p>[\/et_pb_text][\/et_pb_column][\/et_pb_row][et_pb_row column_structure=&#8221;1_4,1_4,1_4,1_4&#8243; _builder_version=&#8221;4.20.0&#8243; _module_preset=&#8221;default&#8221; global_colors_info=&#8221;{}&#8221;][et_pb_column type=&#8221;1_4&#8243; _builder_version=&#8221;4.20.0&#8243; _module_preset=&#8221;default&#8221; global_colors_info=&#8221;{}&#8221;][et_pb_image src=&#8221;https:\/\/www.asesoriabaix.es\/wp-content\/uploads\/2023\/03\/areafiscalportada.jpg&#8221; alt=&#8221;Serveis d&#8217;\u00e0rea fiscal de Asesor\u00eda Baix&#8221; title_text=&#8221;area fiscal&#8221; _builder_version=&#8221;4.20.0&#8243; _module_preset=&#8221;default&#8221; global_colors_info=&#8221;{}&#8221;][\/et_pb_image][et_pb_text _builder_version=&#8221;4.20.0&#8243; _module_preset=&#8221;default&#8221; text_font_size=&#8221;1.2em&#8221; text_line_height=&#8221;1.8em&#8221; link_font=&#8221;|700|||on||||&#8221; link_text_color=&#8221;#670202&#8243; header_font_size=&#8221;2.4em&#8221; header_2_font_size=&#8221;1.8em&#8221; global_colors_info=&#8221;{}&#8221;]<\/p>\n<p style=\"text-align: center;\"><a href=\"https:\/\/www.asesoriabaix.es\/ca\/fiscal\/\" title=\"Veure l'\u00e0rea fiscal d'Assessoria Baix\">Veure \u00c0rea Fiscal<\/a><span style=\"font-weight: 400;\"><\/span><\/p>\n<p>[\/et_pb_text][\/et_pb_column][et_pb_column type=&#8221;1_4&#8243; _builder_version=&#8221;4.20.0&#8243; _module_preset=&#8221;default&#8221; global_colors_info=&#8221;{}&#8221;][et_pb_image src=&#8221;https:\/\/www.asesoriabaix.es\/wp-content\/uploads\/2023\/03\/areacontableportada.jpg&#8221; alt=&#8221;Serveis d&#8217;\u00e0rea comptable d&#8217;Asesoria Baix&#8221; title_text=&#8221;\u00e0rea comptable&#8221; _builder_version=&#8221;4.20.0&#8243; _module_preset=&#8221;default&#8221; global_colors_info=&#8221;{}&#8221;][\/et_pb_image][et_pb_text _builder_version=&#8221;4.20.0&#8243; _module_preset=&#8221;default&#8221; text_font_size=&#8221;1.2em&#8221; text_line_height=&#8221;1.8em&#8221; link_font=&#8221;|700|||on||||&#8221; link_text_color=&#8221;#670202&#8243; header_font_size=&#8221;2.4em&#8221; header_2_font_size=&#8221;1.8em&#8221; global_colors_info=&#8221;{}&#8221;]<\/p>\n<p style=\"text-align: center;\"><a href=\"https:\/\/www.asesoriabaix.es\/ca\/contable\/\" title=\"Veure \u00e0rea comptable d'Assessoria Baix\">Veure \u00c0rea Comptable<\/a><\/p>\n<p>[\/et_pb_text][\/et_pb_column][et_pb_column type=&#8221;1_4&#8243; _builder_version=&#8221;4.20.0&#8243; _module_preset=&#8221;default&#8221; global_colors_info=&#8221;{}&#8221;][et_pb_image src=&#8221;https:\/\/www.asesoriabaix.es\/wp-content\/uploads\/2023\/03\/arealaboralportada.jpg&#8221; alt=&#8221;Serveis d&#8217;\u00e0rea laboral d&#8217;Asesoria Baix&#8221; title_text=&#8221;\u00e0rea laboral&#8221; _builder_version=&#8221;4.20.0&#8243; _module_preset=&#8221;default&#8221; global_colors_info=&#8221;{}&#8221;][\/et_pb_image][et_pb_text _builder_version=&#8221;4.20.0&#8243; _module_preset=&#8221;default&#8221; text_font_size=&#8221;1.2em&#8221; text_line_height=&#8221;1.8em&#8221; link_font=&#8221;|700|||on||||&#8221; link_text_color=&#8221;#670202&#8243; header_font_size=&#8221;2.4em&#8221; header_2_font_size=&#8221;1.8em&#8221; global_colors_info=&#8221;{}&#8221;]<\/p>\n<p style=\"text-align: center;\"><a href=\"https:\/\/www.asesoriabaix.es\/ca\/laboral\/\" title=\"Veure l'\u00e0rea laboral d'Assessoria Baix\">Veure \u00c0rea Laboral<\/a><\/p>\n<p>[\/et_pb_text][\/et_pb_column][et_pb_column type=&#8221;1_4&#8243; _builder_version=&#8221;4.20.0&#8243; _module_preset=&#8221;default&#8221; global_colors_info=&#8221;{}&#8221;][et_pb_image src=&#8221;https:\/\/www.asesoriabaix.es\/wp-content\/uploads\/2023\/03\/areajuridicaportada.jpg&#8221; alt=&#8221;Serveis d&#8217;\u00e0rea jur\u00eddica d&#8217;Asesoria Baix&#8221; title_text=&#8221;\u00e0rea jur\u00eddica&#8221; _builder_version=&#8221;4.20.0&#8243; _module_preset=&#8221;default&#8221; global_colors_info=&#8221;{}&#8221;][\/et_pb_image][et_pb_text _builder_version=&#8221;4.20.0&#8243; _module_preset=&#8221;default&#8221; text_font_size=&#8221;1.2em&#8221; text_line_height=&#8221;1.8em&#8221; link_font=&#8221;|700|||on||||&#8221; link_text_color=&#8221;#670202&#8243; header_font_size=&#8221;2.4em&#8221; header_2_font_size=&#8221;1.8em&#8221; global_colors_info=&#8221;{}&#8221;]<\/p>\n<p style=\"text-align: center;\"><a href=\"https:\/\/www.asesoriabaix.es\/ca\/juridic\/\" title=\"Veure l'\u00e0rea jur\u00eddica d'Assessoria Baix\">Veure \u00c0rea Jur\u00eddica<\/a><\/p>\n<p>[\/et_pb_text][\/et_pb_column][\/et_pb_row][et_pb_row _builder_version=&#8221;4.20.0&#8243; _module_preset=&#8221;default&#8221; global_colors_info=&#8221;{}&#8221;][et_pb_column type=&#8221;4_4&#8243; _builder_version=&#8221;4.20.0&#8243; _module_preset=&#8221;default&#8221; global_colors_info=&#8221;{}&#8221;][et_pb_text _builder_version=&#8221;4.20.0&#8243; _module_preset=&#8221;default&#8221; text_font_size=&#8221;1.2em&#8221; text_line_height=&#8221;1.8em&#8221; link_font=&#8221;|700|||on||||&#8221; link_text_color=&#8221;#670202&#8243; header_font_size=&#8221;2.4em&#8221; header_2_font_size=&#8221;1.8em&#8221; global_colors_info=&#8221;{}&#8221;]<\/p>\n<p><span style=\"font-weight: 400;\"><span>Recorda que \u00e9s important investigar b\u00e9 abans de contractar qualsevol servei d&#8217;assessorament. Assegura&#8217;t de triar un servei de qualitat i de confian\u00e7a per obtenir els millors resultats.<\/span><\/span><\/p>\n<p>&nbsp;<\/p>\n<p>[\/et_pb_text][\/et_pb_column][\/et_pb_row][\/et_pb_section][et_pb_section fb_built=&#8221;1&#8243; _builder_version=&#8221;4.19.5&#8243; _module_preset=&#8221;default&#8221; custom_padding=&#8221;5px||7px|||&#8221; border_width_top=&#8221;1px&#8221; global_module=&#8221;2723&#8243; saved_tabs=&#8221;all&#8221; global_colors_info=&#8221;{}&#8221;][et_pb_row _builder_version=&#8221;4.20.0&#8243; _module_preset=&#8221;default&#8221; custom_padding=&#8221;||9px|||&#8221; global_colors_info=&#8221;{}&#8221;][et_pb_column type=&#8221;4_4&#8243; _builder_version=&#8221;4.20.0&#8243; _module_preset=&#8221;default&#8221; global_colors_info=&#8221;{}&#8221;][et_pb_text _builder_version=&#8221;4.20.0&#8243; _module_preset=&#8221;default&#8221; text_font=&#8221;|700|||||||&#8221; text_font_size=&#8221;17px&#8221; custom_margin=&#8221;||3px|||&#8221; global_colors_info=&#8221;{}&#8221;]<\/p>\n<p style=\"text-align: center;\">P\u00e0gina web creada i finan\u00e7ada amb fons del Kit Digital<\/p>\n<p>[\/et_pb_text][\/et_pb_column][\/et_pb_row][et_pb_row column_structure=&#8221;1_2,1_2&#8243; _builder_version=&#8221;4.19.5&#8243; _module_preset=&#8221;default&#8221; global_colors_info=&#8221;{}&#8221;][et_pb_column type=&#8221;1_2&#8243; _builder_version=&#8221;4.19.5&#8243; _module_preset=&#8221;default&#8221; global_colors_info=&#8221;{}&#8221;][et_pb_image src=&#8221;https:\/\/www.asesoriabaix.es\/wp-content\/uploads\/2023\/03\/financiado-ue.jpg&#8221; alt=&#8221;Finan\u00e7at per la Uni\u00f3 Europea &#8211; Next Generation EU&#8221; title_text=&#8221;financiado ue&#8221; align=&#8221;center&#8221; _builder_version=&#8221;4.19.5&#8243; _module_preset=&#8221;default&#8221; global_colors_info=&#8221;{}&#8221;][\/et_pb_image][\/et_pb_column][et_pb_column type=&#8221;1_2&#8243; _builder_version=&#8221;4.19.5&#8243; _module_preset=&#8221;default&#8221; global_colors_info=&#8221;{}&#8221;][et_pb_image src=&#8221;https:\/\/www.asesoriabaix.es\/wp-content\/uploads\/2023\/03\/planrecuperacion.jpg&#8221; alt=&#8221;Gobierno de Espa\u00f1a, plan  de recuperaci\u00f3n, transformaci\u00f3n y resiliencia&#8221; title_text=&#8221;Logotipo plan recuperacion&#8221; align=&#8221;center&#8221; _builder_version=&#8221;4.19.5&#8243; _module_preset=&#8221;default&#8221; global_colors_info=&#8221;{}&#8221;][\/et_pb_image][\/et_pb_column][\/et_pb_row][\/et_pb_section]<\/p>\n","protected":false},"excerpt":{"rendered":"<p>Presentaci\u00f3 &nbsp; Som un despatx professional que ofereix als nostres clients una gran varietat de serveis legals. Els serveis legals poden incloure assessorament en diferents \u00e0rees del dret, com el dret laboral, el dret mercantil, el dret civil, el dret penal, entre altres. La nostra assessoria &nbsp; El fundador del despatx \u00e9s un advocat exercint [&hellip;]<\/p>\n","protected":false},"author":3,"featured_media":0,"parent":0,"menu_order":0,"comment_status":"closed","ping_status":"closed","template":"","meta":{"_et_pb_use_builder":"on","_et_pb_old_content":"<h1>Presentaci\u00f3n<\/h1>\nSomos un <strong>despacho profesional <\/strong>que ofrece a nuestros clientes una gran variedad de <strong>servicios legales<\/strong>.\n\n<a href=\"http:\/\/asesoriabaix.es\/wp-content\/uploads\/2015\/06\/interior1.jpg\"><img class=\" size-medium wp-image-23 aligncenter\" src=\"http:\/\/asesoriabaix.es\/wp-content\/uploads\/2015\/06\/interior1-300x225.jpg\" alt=\"Baix\" width=\"300\" height=\"225\" \/><\/a>\n\nEl fundador del despacho es un abogado ejerciente colegiado de Barcelona en el <strong>a\u00f1o 1964<\/strong>, es decir, con dilatada experiencia despu\u00e9s de 49 a\u00f1os en el ejercicio profesional, despacho este que est\u00e1 integrado con otros profesionales para atender las distintas especialidades de los servicios que prestamos, en concreto, el equipo est\u00e1 compuesto por <strong>5 abogados y 3 graduados sociales<\/strong>, todos ellos debidamente colegiados en sus respectivos colegios profesionales y ejercientes especializados en las distintas materias objeto de la prestaci\u00f3n de los servicios que ofrecemos.\n\n<a title=\"Baix Asesoramiento Y Gestion SL - https:\/\/asesoriabaix.es\/\" href=\"http:\/\/internetlegal.es\/webs-legales\/baix-asesoramiento-y-gestion-sl-https-asesoriabaix-com\/gmx-niv26-con645.htm\"><img src=\"http:\/\/internetlegal.es\/personal\/ico_certificado.php?ref=S20190306180007\" alt=\"Baix Asesoramiento Y Gestion SL - https:\/\/asesoriabaix.es\/\" border=\"0\" \/><\/a>","_et_gb_content_width":""},"yoast_head":"<!-- This site is optimized with the Yoast SEO plugin v20.2.1 - https:\/\/yoast.com\/wordpress\/plugins\/seo\/ -->\n<title>Baix Asesoramiento y Gestion S.L.<\/title>\n<meta name=\"description\" content=\"Descobreix els nostres serveis legals al Baix Llobregat. Assessorament en \u00e0rees del dret amb m\u00e9s de 50 anys d&#039;experi\u00e8ncia. Equip d&#039;advocats i graduats socials especialitzats. \u00c0rees: fiscal, comptable, laboral i jur\u00eddica. Confia en nosaltres per obtenir els millors resultats.\" \/>\n<meta name=\"robots\" content=\"index, follow, max-snippet:-1, max-image-preview:large, max-video-preview:-1\" \/>\n<link rel=\"canonical\" href=\"https:\/\/www.asesoriabaix.es\/ca\/\" \/>\n<meta property=\"og:locale\" content=\"ca_ES\" \/>\n<meta property=\"og:type\" content=\"article\" \/>\n<meta property=\"og:title\" content=\"Baix Asesoramiento y Gestion S.L.\" \/>\n<meta property=\"og:description\" content=\"Descobreix els nostres serveis legals al Baix Llobregat. Assessorament en \u00e0rees del dret amb m\u00e9s de 50 anys d&#039;experi\u00e8ncia. Equip d&#039;advocats i graduats socials especialitzats. \u00c0rees: fiscal, comptable, laboral i jur\u00eddica. Confia en nosaltres per obtenir els millors resultats.\" \/>\n<meta property=\"og:url\" content=\"https:\/\/www.asesoriabaix.es\/ca\/\" \/>\n<meta property=\"og:site_name\" content=\"Baix Asesoramiento y Gesti\u00f3n\" \/>\n<meta property=\"article:modified_time\" content=\"2023-09-20T07:57:55+00:00\" \/>\n<meta name=\"twitter:card\" content=\"summary_large_image\" \/>\n<meta name=\"twitter:label1\" content=\"Temps estimat de lectura\" \/>\n\t<meta name=\"twitter:data1\" content=\"2 minuts\" \/>\n<script type=\"application\/ld+json\" class=\"yoast-schema-graph\">{\"@context\":\"https:\/\/schema.org\",\"@graph\":[{\"@type\":\"WebPage\",\"@id\":\"https:\/\/www.asesoriabaix.es\/ca\/\",\"url\":\"https:\/\/www.asesoriabaix.es\/ca\/\",\"name\":\"Baix Asesoramiento y Gestion S.L.\",\"isPartOf\":{\"@id\":\"https:\/\/www.asesoriabaix.es\/ca\/#website\"},\"datePublished\":\"2015-06-02T13:57:00+00:00\",\"dateModified\":\"2023-09-20T07:57:55+00:00\",\"description\":\"Descobreix els nostres serveis legals al Baix Llobregat. Assessorament en \u00e0rees del dret amb m\u00e9s de 50 anys d'experi\u00e8ncia. Equip d'advocats i graduats socials especialitzats. \u00c0rees: fiscal, comptable, laboral i jur\u00eddica. Confia en nosaltres per obtenir els millors resultats.\",\"breadcrumb\":{\"@id\":\"https:\/\/www.asesoriabaix.es\/ca\/#breadcrumb\"},\"inLanguage\":\"ca\",\"potentialAction\":[{\"@type\":\"ReadAction\",\"target\":[\"https:\/\/www.asesoriabaix.es\/ca\/\"]}]},{\"@type\":\"BreadcrumbList\",\"@id\":\"https:\/\/www.asesoriabaix.es\/ca\/#breadcrumb\",\"itemListElement\":[{\"@type\":\"ListItem\",\"position\":1,\"name\":\"Portada\",\"item\":\"https:\/\/www.asesoriabaix.es\/ca\/\"},{\"@type\":\"ListItem\",\"position\":2,\"name\":\"Inicio\"}]},{\"@type\":\"WebSite\",\"@id\":\"https:\/\/www.asesoriabaix.es\/ca\/#website\",\"url\":\"https:\/\/www.asesoriabaix.es\/ca\/\",\"name\":\"Asesoria Baix Llobregat - BAIX\",\"description\":\"Asesoramiento y gesti\u00f3n\",\"publisher\":{\"@id\":\"https:\/\/www.asesoriabaix.es\/ca\/#organization\"},\"potentialAction\":[{\"@type\":\"SearchAction\",\"target\":{\"@type\":\"EntryPoint\",\"urlTemplate\":\"https:\/\/www.asesoriabaix.es\/ca\/?s={search_term_string}\"},\"query-input\":\"required name=search_term_string\"}],\"inLanguage\":\"ca\"},{\"@type\":\"Organization\",\"@id\":\"https:\/\/www.asesoriabaix.es\/ca\/#organization\",\"name\":\"Baix Asesoramiento Y Gestion SL\",\"url\":\"https:\/\/www.asesoriabaix.es\/ca\/\",\"logo\":{\"@type\":\"ImageObject\",\"inLanguage\":\"ca\",\"@id\":\"https:\/\/www.asesoriabaix.es\/ca\/#\/schema\/logo\/image\/\",\"url\":\"https:\/\/www.asesoriabaix.es\/wp-content\/uploads\/2023\/03\/baix-logo.png\",\"contentUrl\":\"https:\/\/www.asesoriabaix.es\/wp-content\/uploads\/2023\/03\/baix-logo.png\",\"width\":390,\"height\":129,\"caption\":\"Baix Asesoramiento Y Gestion SL\"},\"image\":{\"@id\":\"https:\/\/www.asesoriabaix.es\/ca\/#\/schema\/logo\/image\/\"}}]}<\/script>\n<!-- \/ Yoast SEO plugin. -->","yoast_head_json":{"title":"Baix Asesoramiento y Gestion S.L.","description":"Descobreix els nostres serveis legals al Baix Llobregat. Assessorament en \u00e0rees del dret amb m\u00e9s de 50 anys d'experi\u00e8ncia. Equip d'advocats i graduats socials especialitzats. \u00c0rees: fiscal, comptable, laboral i jur\u00eddica. Confia en nosaltres per obtenir els millors resultats.","robots":{"index":"index","follow":"follow","max-snippet":"max-snippet:-1","max-image-preview":"max-image-preview:large","max-video-preview":"max-video-preview:-1"},"canonical":"https:\/\/www.asesoriabaix.es\/ca\/","og_locale":"ca_ES","og_type":"article","og_title":"Baix Asesoramiento y Gestion S.L.","og_description":"Descobreix els nostres serveis legals al Baix Llobregat. Assessorament en \u00e0rees del dret amb m\u00e9s de 50 anys d'experi\u00e8ncia. Equip d'advocats i graduats socials especialitzats. \u00c0rees: fiscal, comptable, laboral i jur\u00eddica. Confia en nosaltres per obtenir els millors resultats.","og_url":"https:\/\/www.asesoriabaix.es\/ca\/","og_site_name":"Baix Asesoramiento y Gesti\u00f3n","article_modified_time":"2023-09-20T07:57:55+00:00","twitter_card":"summary_large_image","twitter_misc":{"Temps estimat de lectura":"2 minuts"},"schema":{"@context":"https:\/\/schema.org","@graph":[{"@type":"WebPage","@id":"https:\/\/www.asesoriabaix.es\/ca\/","url":"https:\/\/www.asesoriabaix.es\/ca\/","name":"Baix Asesoramiento y Gestion S.L.","isPartOf":{"@id":"https:\/\/www.asesoriabaix.es\/ca\/#website"},"datePublished":"2015-06-02T13:57:00+00:00","dateModified":"2023-09-20T07:57:55+00:00","description":"Descobreix els nostres serveis legals al Baix Llobregat. Assessorament en \u00e0rees del dret amb m\u00e9s de 50 anys d'experi\u00e8ncia. Equip d'advocats i graduats socials especialitzats. \u00c0rees: fiscal, comptable, laboral i jur\u00eddica. Confia en nosaltres per obtenir els millors resultats.","breadcrumb":{"@id":"https:\/\/www.asesoriabaix.es\/ca\/#breadcrumb"},"inLanguage":"ca","potentialAction":[{"@type":"ReadAction","target":["https:\/\/www.asesoriabaix.es\/ca\/"]}]},{"@type":"BreadcrumbList","@id":"https:\/\/www.asesoriabaix.es\/ca\/#breadcrumb","itemListElement":[{"@type":"ListItem","position":1,"name":"Portada","item":"https:\/\/www.asesoriabaix.es\/ca\/"},{"@type":"ListItem","position":2,"name":"Inicio"}]},{"@type":"WebSite","@id":"https:\/\/www.asesoriabaix.es\/ca\/#website","url":"https:\/\/www.asesoriabaix.es\/ca\/","name":"Asesoria Baix Llobregat - BAIX","description":"Asesoramiento y gesti\u00f3n","publisher":{"@id":"https:\/\/www.asesoriabaix.es\/ca\/#organization"},"potentialAction":[{"@type":"SearchAction","target":{"@type":"EntryPoint","urlTemplate":"https:\/\/www.asesoriabaix.es\/ca\/?s={search_term_string}"},"query-input":"required name=search_term_string"}],"inLanguage":"ca"},{"@type":"Organization","@id":"https:\/\/www.asesoriabaix.es\/ca\/#organization","name":"Baix Asesoramiento Y Gestion SL","url":"https:\/\/www.asesoriabaix.es\/ca\/","logo":{"@type":"ImageObject","inLanguage":"ca","@id":"https:\/\/www.asesoriabaix.es\/ca\/#\/schema\/logo\/image\/","url":"https:\/\/www.asesoriabaix.es\/wp-content\/uploads\/2023\/03\/baix-logo.png","contentUrl":"https:\/\/www.asesoriabaix.es\/wp-content\/uploads\/2023\/03\/baix-logo.png","width":390,"height":129,"caption":"Baix Asesoramiento Y Gestion SL"},"image":{"@id":"https:\/\/www.asesoriabaix.es\/ca\/#\/schema\/logo\/image\/"}}]}},"_links":{"self":[{"href":"https:\/\/www.asesoriabaix.es\/ca\/wp-json\/wp\/v2\/pages\/31"}],"collection":[{"href":"https:\/\/www.asesoriabaix.es\/ca\/wp-json\/wp\/v2\/pages"}],"about":[{"href":"https:\/\/www.asesoriabaix.es\/ca\/wp-json\/wp\/v2\/types\/page"}],"author":[{"embeddable":true,"href":"https:\/\/www.asesoriabaix.es\/ca\/wp-json\/wp\/v2\/users\/3"}],"replies":[{"embeddable":true,"href":"https:\/\/www.asesoriabaix.es\/ca\/wp-json\/wp\/v2\/comments?post=31"}],"version-history":[{"count":14,"href":"https:\/\/www.asesoriabaix.es\/ca\/wp-json\/wp\/v2\/pages\/31\/revisions"}],"predecessor-version":[{"id":2832,"href":"https:\/\/www.asesoriabaix.es\/ca\/wp-json\/wp\/v2\/pages\/31\/revisions\/2832"}],"wp:attachment":[{"href":"https:\/\/www.asesoriabaix.es\/ca\/wp-json\/wp\/v2\/media?parent=31"}],"curies":[{"name":"wp","href":"https:\/\/api.w.org\/{rel}","templated":true}]}}