{"id":2759,"date":"2023-07-12T09:52:44","date_gmt":"2023-07-12T08:52:44","guid":{"rendered":"https:\/\/www.asesoriabaix.es\/asesoria-para-autonomos\/"},"modified":"2023-09-19T09:25:38","modified_gmt":"2023-09-19T08:25:38","slug":"asesoria-para-autonomos","status":"publish","type":"page","link":"https:\/\/www.asesoriabaix.es\/ca\/assessoria-per-a-autonoms\/baix-llobregat","title":{"rendered":"Assessoria per a aut\u00f2noms"},"content":{"rendered":"<p>[et_pb_section fb_built=&#8221;1&#8243; fullwidth=&#8221;on&#8221; _builder_version=&#8221;4.20.0&#8243; _module_preset=&#8221;default&#8221; min_height=&#8221;40%&#8221; global_colors_info=&#8221;{}&#8221;][et_pb_fullwidth_header text_orientation=&#8221;center&#8221; _builder_version=&#8221;4.20.0&#8243; _module_preset=&#8221;default&#8221; title_font_size=&#8221;4em&#8221; background_color=&#8221;#FFFFFF&#8221; background_image=&#8221;https:\/\/www.asesoriabaix.es\/wp-content\/uploads\/2023\/03\/asesoriabaix.jpg&#8221; min_height=&#8221;500px&#8221; height=&#8221;500px&#8221; max_height=&#8221;500px&#8221; custom_margin=&#8221;0px||||false|false&#8221; custom_padding=&#8221;160px||||false|false&#8221; custom_css_title=&#8221;display: inline-block!important;||background: rgba(21,20,20,0.80);||padding: 0.1em 0.2em;||border-radius: 8px;&#8221; global_colors_info=&#8221;{}&#8221;][\/et_pb_fullwidth_header][\/et_pb_section][et_pb_section fb_built=&#8221;1&#8243; _builder_version=&#8221;4.19.5&#8243; _module_preset=&#8221;default&#8221; global_colors_info=&#8221;{}&#8221;][et_pb_row _builder_version=&#8221;4.19.5&#8243; _module_preset=&#8221;default&#8221; global_colors_info=&#8221;{}&#8221;][et_pb_column type=&#8221;4_4&#8243; _builder_version=&#8221;4.19.5&#8243; _module_preset=&#8221;default&#8221; global_colors_info=&#8221;{}&#8221;][et_pb_text _builder_version=&#8221;4.20.0&#8243; _module_preset=&#8221;default&#8221; text_font_size=&#8221;1.2em&#8221; text_line_height=&#8221;1.8em&#8221; link_font=&#8221;|700|||on||||&#8221; link_text_color=&#8221;#195908&#8243; header_font_size=&#8221;2.4em&#8221; header_2_font_size=&#8221;1.8em&#8221; hover_enabled=&#8221;0&#8243; global_colors_info=&#8221;{}&#8221; sticky_enabled=&#8221;0&#8243;]<\/p>\n<h1 style=\"text-align: center;\">Assessoria Baix Llobregat<\/h1>\n<h2 style=\"text-align: center;\">Assessoria per a aut\u00f2noms<\/h2>\n<h2 style=\"text-align: center;\"><\/h2>\n<p>&nbsp;<\/p>\n<p>Ets aut\u00f2nom i necessites ajuda amb les teves obligacions fiscals i laborals?<\/p>\n<p>A <strong>Assessoria Baix<\/strong> som aqu\u00ed per a donar-te suport. La nostra assessoria et brinda el suport i l&#8217;orientaci\u00f3 que necessites per a optimitzar els teus impostos i assegurar-te de complir amb totes les teves obligacions legals.<\/p>\n<p>Entenem els desafiaments \u00fanics que enfronten els aut\u00f2noms, des de l&#8217;elaboraci\u00f3 de la declaraci\u00f3 d&#8217;impostos fins a la gesti\u00f3 de la Seguretat Social. La nostra experi\u00e8ncia i coneixement en el camp ens permeten oferir-te un assessorament personalitzat i adaptat a les teves necessitats espec\u00edfiques.<br \/>Ja sigui que estiguis comen\u00e7ant com a aut\u00f2nom o ja tinguis experi\u00e8ncia pr\u00e8via, podem ajudar-te a identificar les deduccions fiscals a les quals tens dret i a mantenir el teu negoci de conformitat amb la llei.<\/p>\n<p>Els nostres serveis d&#8217;<strong>assessoria per a aut\u00f2noms<\/strong> inclouen l&#8217;elaboraci\u00f3 d&#8217;informes comptables, la planificaci\u00f3 fiscal i l&#8217;assessorament en mat\u00e8ria de Seguretat Social.<br \/>Ens assegurem que tinguis tota la informaci\u00f3 i el suport necessari per a prendre decisions financeres informades i estrat\u00e8giques.<\/p>\n<p>El nostre objectiu \u00e9s ajudar-te a simplificar les teves obligacions fiscals, reduir la teva c\u00e0rrega financera i maximitzar els teus beneficis. Sabem que <strong>cada aut\u00f2nom \u00e9s \u00fanic<\/strong>, per la qual cosa adaptem els nostres serveis a les teves necessitats individuals.<\/p>\n<p>[\/et_pb_text][et_pb_button button_url=&#8221;https:\/\/www.asesoriabaix.es\/ca\/contacte\/&#8221; button_text=&#8221;Contacte&#8221; button_alignment=&#8221;center&#8221; _builder_version=&#8221;4.20.0&#8243; _module_preset=&#8221;default&#8221; custom_button=&#8221;on&#8221; button_text_color=&#8221;#FFFFFF&#8221; button_bg_color=&#8221;#670202&#8243; button_border_width=&#8221;0px&#8221; button_use_icon=&#8221;off&#8221; hover_enabled=&#8221;0&#8243; global_colors_info=&#8221;{}&#8221; button_text_size__hover_enabled=&#8221;on|hover&#8221; button_border_width__hover_enabled=&#8221;on|hover&#8221; button_border_width__hover=&#8221;0px&#8221; button_border_radius__hover_enabled=&#8221;on|desktop&#8221; button_border_radius__hover=&#8221;3px&#8221; sticky_enabled=&#8221;0&#8243;][\/et_pb_button][\/et_pb_column][\/et_pb_row][\/et_pb_section][et_pb_section fb_built=&#8221;1&#8243; _builder_version=&#8221;4.19.5&#8243; _module_preset=&#8221;default&#8221; custom_padding=&#8221;5px||7px|||&#8221; border_width_top=&#8221;1px&#8221; global_colors_info=&#8221;{}&#8221;][et_pb_row _builder_version=&#8221;4.20.0&#8243; _module_preset=&#8221;default&#8221; global_colors_info=&#8221;{}&#8221;][et_pb_column type=&#8221;4_4&#8243; _builder_version=&#8221;4.20.0&#8243; _module_preset=&#8221;default&#8221; global_colors_info=&#8221;{}&#8221;][et_pb_text _builder_version=&#8221;4.20.0&#8243; _module_preset=&#8221;default&#8221; text_font=&#8221;|700|||||||&#8221; text_font_size=&#8221;16px&#8221; custom_margin=&#8221;||-5px|||&#8221; hover_enabled=&#8221;0&#8243; global_colors_info=&#8221;{}&#8221; sticky_enabled=&#8221;0&#8243;]<\/p>\n<p style=\"text-align: center;\">P\u00e0gina web creada i finan\u00e7ada amb fons del Kit Digital<\/p>\n<p>[\/et_pb_text][\/et_pb_column][\/et_pb_row][et_pb_row column_structure=&#8221;1_2,1_2&#8243; _builder_version=&#8221;4.19.5&#8243; _module_preset=&#8221;default&#8221; global_colors_info=&#8221;{}&#8221;][et_pb_column type=&#8221;1_2&#8243; _builder_version=&#8221;4.19.5&#8243; _module_preset=&#8221;default&#8221; global_colors_info=&#8221;{}&#8221;][et_pb_image src=&#8221;https:\/\/www.asesoriabaix.es\/wp-content\/uploads\/2023\/03\/financiado-ue.jpg&#8221; alt=&#8221;Financiado por la Uni\u00f3n Europea &#8211; Next Generation EU&#8221; title_text=&#8221;Logotipo de la financiaci\u00f3n de la Uni\u00f3n Europea&#8221; align=&#8221;center&#8221; _builder_version=&#8221;4.20.0&#8243; _module_preset=&#8221;default&#8221; global_colors_info=&#8221;{}&#8221;][\/et_pb_image][\/et_pb_column][et_pb_column type=&#8221;1_2&#8243; _builder_version=&#8221;4.19.5&#8243; _module_preset=&#8221;default&#8221; global_colors_info=&#8221;{}&#8221;][et_pb_image src=&#8221;https:\/\/www.asesoriabaix.es\/wp-content\/uploads\/2023\/03\/planrecuperacion.jpg&#8221; alt=&#8221;Gobierno de Espa\u00f1a, plan de recuperaci\u00f3n, transformaci\u00f3n y resiliencia&#8221; title_text=&#8221;Logotipo plan recuperacion Gobierno de Espa\u00f1a&#8221; align=&#8221;center&#8221; _builder_version=&#8221;4.20.0&#8243; _module_preset=&#8221;default&#8221; global_colors_info=&#8221;{}&#8221;][\/et_pb_image][\/et_pb_column][\/et_pb_row][\/et_pb_section]<\/p>\n","protected":false},"excerpt":{"rendered":"<p>Assessoria Baix Llobregat Assessoria per a aut\u00f2noms &nbsp; Ets aut\u00f2nom i necessites ajuda amb les teves obligacions fiscals i laborals? A Assessoria Baix som aqu\u00ed per a donar-te suport. La nostra assessoria et brinda el suport i l&#8217;orientaci\u00f3 que necessites per a optimitzar els teus impostos i assegurar-te de complir amb totes les teves obligacions [&hellip;]<\/p>\n","protected":false},"author":3,"featured_media":0,"parent":0,"menu_order":0,"comment_status":"closed","ping_status":"closed","template":"","meta":{"_et_pb_use_builder":"on","_et_pb_old_content":"","_et_gb_content_width":""},"yoast_head":"<!-- This site is optimized with the Yoast SEO plugin v20.2.1 - https:\/\/yoast.com\/wordpress\/plugins\/seo\/ -->\n<title>Assessoria per a aut\u00f2noms - Assessoria Baix<\/title>\n<meta name=\"description\" content=\"Els nostres serveis d&#039;assessoria per a aut\u00f2noms inclouen l&#039;elaboraci\u00f3 d&#039;informes comptables, la planificaci\u00f3 fiscal i l&#039;assessorament en mat\u00e8ria de Seguretat Social.\" \/>\n<meta name=\"robots\" content=\"index, follow, max-snippet:-1, max-image-preview:large, max-video-preview:-1\" \/>\n<link rel=\"canonical\" href=\"https:\/\/www.asesoriabaix.es\/ca\/assessoria-per-a-autonoms\/baix-llobregat\/\" \/>\n<meta property=\"og:locale\" content=\"ca_ES\" \/>\n<meta property=\"og:type\" content=\"article\" \/>\n<meta property=\"og:title\" content=\"Assessoria per a aut\u00f2noms - Assessoria Baix\" \/>\n<meta property=\"og:description\" content=\"Els nostres serveis d&#039;assessoria per a aut\u00f2noms inclouen l&#039;elaboraci\u00f3 d&#039;informes comptables, la planificaci\u00f3 fiscal i l&#039;assessorament en mat\u00e8ria de Seguretat Social.\" \/>\n<meta property=\"og:url\" content=\"https:\/\/www.asesoriabaix.es\/ca\/assessoria-per-a-autonoms\/baix-llobregat\" \/>\n<meta property=\"og:site_name\" content=\"Baix Asesoramiento y Gesti\u00f3n\" \/>\n<meta property=\"article:modified_time\" content=\"2023-09-19T08:25:38+00:00\" \/>\n<meta name=\"twitter:card\" content=\"summary_large_image\" \/>\n<meta name=\"twitter:label1\" content=\"Temps estimat de lectura\" \/>\n\t<meta name=\"twitter:data1\" content=\"2 minuts\" \/>\n<script type=\"application\/ld+json\" class=\"yoast-schema-graph\">{\"@context\":\"https:\/\/schema.org\",\"@graph\":[{\"@type\":\"WebPage\",\"@id\":\"https:\/\/www.asesoriabaix.es\/ca\/assessoria-per-a-autonoms\/baix-llobregat\",\"url\":\"https:\/\/www.asesoriabaix.es\/ca\/assessoria-per-a-autonoms\/baix-llobregat\",\"name\":\"Assessoria per a aut\u00f2noms - Assessoria Baix\",\"isPartOf\":{\"@id\":\"https:\/\/www.asesoriabaix.es\/ca\/#website\"},\"datePublished\":\"2023-07-12T08:52:44+00:00\",\"dateModified\":\"2023-09-19T08:25:38+00:00\",\"description\":\"Els nostres serveis d'assessoria per a aut\u00f2noms inclouen l'elaboraci\u00f3 d'informes comptables, la planificaci\u00f3 fiscal i l'assessorament en mat\u00e8ria de Seguretat Social.\",\"breadcrumb\":{\"@id\":\"https:\/\/www.asesoriabaix.es\/ca\/assessoria-per-a-autonoms\/baix-llobregat#breadcrumb\"},\"inLanguage\":\"ca\",\"potentialAction\":[{\"@type\":\"ReadAction\",\"target\":[\"https:\/\/www.asesoriabaix.es\/ca\/assessoria-per-a-autonoms\/baix-llobregat\"]}]},{\"@type\":\"BreadcrumbList\",\"@id\":\"https:\/\/www.asesoriabaix.es\/ca\/assessoria-per-a-autonoms\/baix-llobregat#breadcrumb\",\"itemListElement\":[{\"@type\":\"ListItem\",\"position\":1,\"name\":\"Portada\",\"item\":\"https:\/\/www.asesoriabaix.es\/ca\/\"},{\"@type\":\"ListItem\",\"position\":2,\"name\":\"Assessoria per a aut\u00f2noms\"}]},{\"@type\":\"WebSite\",\"@id\":\"https:\/\/www.asesoriabaix.es\/ca\/#website\",\"url\":\"https:\/\/www.asesoriabaix.es\/ca\/\",\"name\":\"Asesoria Baix Llobregat - BAIX\",\"description\":\"Asesoramiento y gesti\u00f3n\",\"publisher\":{\"@id\":\"https:\/\/www.asesoriabaix.es\/ca\/#organization\"},\"potentialAction\":[{\"@type\":\"SearchAction\",\"target\":{\"@type\":\"EntryPoint\",\"urlTemplate\":\"https:\/\/www.asesoriabaix.es\/ca\/?s={search_term_string}\"},\"query-input\":\"required name=search_term_string\"}],\"inLanguage\":\"ca\"},{\"@type\":\"Organization\",\"@id\":\"https:\/\/www.asesoriabaix.es\/ca\/#organization\",\"name\":\"Baix Asesoramiento Y Gestion SL\",\"url\":\"https:\/\/www.asesoriabaix.es\/ca\/\",\"logo\":{\"@type\":\"ImageObject\",\"inLanguage\":\"ca\",\"@id\":\"https:\/\/www.asesoriabaix.es\/ca\/#\/schema\/logo\/image\/\",\"url\":\"https:\/\/www.asesoriabaix.es\/wp-content\/uploads\/2023\/03\/baix-logo.png\",\"contentUrl\":\"https:\/\/www.asesoriabaix.es\/wp-content\/uploads\/2023\/03\/baix-logo.png\",\"width\":390,\"height\":129,\"caption\":\"Baix Asesoramiento Y Gestion SL\"},\"image\":{\"@id\":\"https:\/\/www.asesoriabaix.es\/ca\/#\/schema\/logo\/image\/\"}}]}<\/script>\n<!-- \/ Yoast SEO plugin. -->","yoast_head_json":{"title":"Assessoria per a aut\u00f2noms - Assessoria Baix","description":"Els nostres serveis d'assessoria per a aut\u00f2noms inclouen l'elaboraci\u00f3 d'informes comptables, la planificaci\u00f3 fiscal i l'assessorament en mat\u00e8ria de Seguretat Social.","robots":{"index":"index","follow":"follow","max-snippet":"max-snippet:-1","max-image-preview":"max-image-preview:large","max-video-preview":"max-video-preview:-1"},"canonical":"https:\/\/www.asesoriabaix.es\/ca\/assessoria-per-a-autonoms\/baix-llobregat\/","og_locale":"ca_ES","og_type":"article","og_title":"Assessoria per a aut\u00f2noms - Assessoria Baix","og_description":"Els nostres serveis d'assessoria per a aut\u00f2noms inclouen l'elaboraci\u00f3 d'informes comptables, la planificaci\u00f3 fiscal i l'assessorament en mat\u00e8ria de Seguretat Social.","og_url":"https:\/\/www.asesoriabaix.es\/ca\/assessoria-per-a-autonoms\/baix-llobregat","og_site_name":"Baix Asesoramiento y Gesti\u00f3n","article_modified_time":"2023-09-19T08:25:38+00:00","twitter_card":"summary_large_image","twitter_misc":{"Temps estimat de lectura":"2 minuts"},"schema":{"@context":"https:\/\/schema.org","@graph":[{"@type":"WebPage","@id":"https:\/\/www.asesoriabaix.es\/ca\/assessoria-per-a-autonoms\/baix-llobregat","url":"https:\/\/www.asesoriabaix.es\/ca\/assessoria-per-a-autonoms\/baix-llobregat","name":"Assessoria per a aut\u00f2noms - Assessoria Baix","isPartOf":{"@id":"https:\/\/www.asesoriabaix.es\/ca\/#website"},"datePublished":"2023-07-12T08:52:44+00:00","dateModified":"2023-09-19T08:25:38+00:00","description":"Els nostres serveis d'assessoria per a aut\u00f2noms inclouen l'elaboraci\u00f3 d'informes comptables, la planificaci\u00f3 fiscal i l'assessorament en mat\u00e8ria de Seguretat Social.","breadcrumb":{"@id":"https:\/\/www.asesoriabaix.es\/ca\/assessoria-per-a-autonoms\/baix-llobregat#breadcrumb"},"inLanguage":"ca","potentialAction":[{"@type":"ReadAction","target":["https:\/\/www.asesoriabaix.es\/ca\/assessoria-per-a-autonoms\/baix-llobregat"]}]},{"@type":"BreadcrumbList","@id":"https:\/\/www.asesoriabaix.es\/ca\/assessoria-per-a-autonoms\/baix-llobregat#breadcrumb","itemListElement":[{"@type":"ListItem","position":1,"name":"Portada","item":"https:\/\/www.asesoriabaix.es\/ca\/"},{"@type":"ListItem","position":2,"name":"Assessoria per a aut\u00f2noms"}]},{"@type":"WebSite","@id":"https:\/\/www.asesoriabaix.es\/ca\/#website","url":"https:\/\/www.asesoriabaix.es\/ca\/","name":"Asesoria Baix Llobregat - BAIX","description":"Asesoramiento y gesti\u00f3n","publisher":{"@id":"https:\/\/www.asesoriabaix.es\/ca\/#organization"},"potentialAction":[{"@type":"SearchAction","target":{"@type":"EntryPoint","urlTemplate":"https:\/\/www.asesoriabaix.es\/ca\/?s={search_term_string}"},"query-input":"required name=search_term_string"}],"inLanguage":"ca"},{"@type":"Organization","@id":"https:\/\/www.asesoriabaix.es\/ca\/#organization","name":"Baix Asesoramiento Y Gestion SL","url":"https:\/\/www.asesoriabaix.es\/ca\/","logo":{"@type":"ImageObject","inLanguage":"ca","@id":"https:\/\/www.asesoriabaix.es\/ca\/#\/schema\/logo\/image\/","url":"https:\/\/www.asesoriabaix.es\/wp-content\/uploads\/2023\/03\/baix-logo.png","contentUrl":"https:\/\/www.asesoriabaix.es\/wp-content\/uploads\/2023\/03\/baix-logo.png","width":390,"height":129,"caption":"Baix Asesoramiento Y Gestion SL"},"image":{"@id":"https:\/\/www.asesoriabaix.es\/ca\/#\/schema\/logo\/image\/"}}]}},"_links":{"self":[{"href":"https:\/\/www.asesoriabaix.es\/ca\/wp-json\/wp\/v2\/pages\/2759"}],"collection":[{"href":"https:\/\/www.asesoriabaix.es\/ca\/wp-json\/wp\/v2\/pages"}],"about":[{"href":"https:\/\/www.asesoriabaix.es\/ca\/wp-json\/wp\/v2\/types\/page"}],"author":[{"embeddable":true,"href":"https:\/\/www.asesoriabaix.es\/ca\/wp-json\/wp\/v2\/users\/3"}],"replies":[{"embeddable":true,"href":"https:\/\/www.asesoriabaix.es\/ca\/wp-json\/wp\/v2\/comments?post=2759"}],"version-history":[{"count":13,"href":"https:\/\/www.asesoriabaix.es\/ca\/wp-json\/wp\/v2\/pages\/2759\/revisions"}],"predecessor-version":[{"id":2775,"href":"https:\/\/www.asesoriabaix.es\/ca\/wp-json\/wp\/v2\/pages\/2759\/revisions\/2775"}],"wp:attachment":[{"href":"https:\/\/www.asesoriabaix.es\/ca\/wp-json\/wp\/v2\/media?parent=2759"}],"curies":[{"name":"wp","href":"https:\/\/api.w.org\/{rel}","templated":true}]}}