{"id":2744,"date":"2023-07-12T09:05:40","date_gmt":"2023-07-12T08:05:40","guid":{"rendered":"https:\/\/www.asesoriabaix.es\/asesoria-en-cornella\/"},"modified":"2023-09-19T09:04:42","modified_gmt":"2023-09-19T08:04:42","slug":"asesoria-en-cornella","status":"publish","type":"page","link":"https:\/\/www.asesoriabaix.es\/ca\/assessoria-a-cornella\/baix-llobregat","title":{"rendered":"Assessoria a Cornell\u00e0"},"content":{"rendered":"<p>[et_pb_section fb_built=&#8221;1&#8243; fullwidth=&#8221;on&#8221; _builder_version=&#8221;4.20.0&#8243; _module_preset=&#8221;default&#8221; min_height=&#8221;40%&#8221; global_colors_info=&#8221;{}&#8221;][et_pb_fullwidth_header text_orientation=&#8221;center&#8221; _builder_version=&#8221;4.20.0&#8243; _module_preset=&#8221;default&#8221; title_font_size=&#8221;4em&#8221; background_color=&#8221;#FFFFFF&#8221; background_image=&#8221;https:\/\/www.asesoriabaix.es\/wp-content\/uploads\/2023\/03\/areafiscal.jpg&#8221; min_height=&#8221;500px&#8221; height=&#8221;500px&#8221; max_height=&#8221;500px&#8221; custom_margin=&#8221;0px||||false|false&#8221; custom_padding=&#8221;160px||||false|false&#8221; custom_css_title=&#8221;display: inline-block!important;||background: rgba(21,20,20,0.80);||padding: 0.1em 0.2em;||border-radius: 8px;&#8221; global_colors_info=&#8221;{}&#8221;][\/et_pb_fullwidth_header][\/et_pb_section][et_pb_section fb_built=&#8221;1&#8243; _builder_version=&#8221;4.19.5&#8243; _module_preset=&#8221;default&#8221; global_colors_info=&#8221;{}&#8221;][et_pb_row _builder_version=&#8221;4.19.5&#8243; _module_preset=&#8221;default&#8221; global_colors_info=&#8221;{}&#8221;][et_pb_column type=&#8221;4_4&#8243; _builder_version=&#8221;4.19.5&#8243; _module_preset=&#8221;default&#8221; global_colors_info=&#8221;{}&#8221;][et_pb_text _builder_version=&#8221;4.20.0&#8243; _module_preset=&#8221;default&#8221; text_font_size=&#8221;1.2em&#8221; text_line_height=&#8221;1.8em&#8221; link_font=&#8221;|700|||on||||&#8221; link_text_color=&#8221;#195908&#8243; header_font_size=&#8221;2.4em&#8221; header_2_font_size=&#8221;1.8em&#8221; hover_enabled=&#8221;0&#8243; global_colors_info=&#8221;{}&#8221; sticky_enabled=&#8221;0&#8243;]<\/p>\n<h1 style=\"text-align: center;\">Assessoria Baix Llobregat<\/h1>\n<h2 style=\"text-align: center;\">Assessoria a Cornell\u00e0<\/h2>\n<h2 style=\"text-align: center;\"><\/h2>\n<p>&nbsp;<\/p>\n<p>Est\u00e0s buscant una assessoria a Cornell\u00e0? A Assessoria Baix som la teva millor opci\u00f3. Comptem amb un equip d&#8217;experts en temes fiscals, comptables i laborals llestos per a brindar-te el suport que necessites. Ja sigui que estiguis buscant assessoria per a la teva empresa o com a aut\u00f2nom, podem ajudar-te a superar els desafiaments i optimitzar els teus recursos.<\/p>\n<p>Els nostres serveis d&#8217;assessoria a Cornell\u00e0 estan dissenyats per a proporcionar-te solucions personalitzades i adaptades a les teves necessitats espec\u00edfiques. Coneixem les regulacions i requisits locals, i ens mantenim actualitzats amb els canvis constants en la legislaci\u00f3.<\/p>\n<p>A Assessoria Baix, entenem la import\u00e0ncia de comptar amb una estrat\u00e8gia financera s\u00f2lida i eficient. Per aix\u00f2, ens enfoquem a brindar-te un servei integral que et permeti maximitzar els teus beneficis i minimitzar els teus riscos. Ens encarreguem dels teus tr\u00e0mits fiscals, comptabilitat, assessorament laboral i molt m\u00e9s.<\/p>\n<p>[\/et_pb_text][et_pb_button button_url=&#8221;https:\/\/www.asesoriabaix.es\/ca\/contacte\/&#8221; button_text=&#8221;Contacte&#8221; button_alignment=&#8221;center&#8221; _builder_version=&#8221;4.20.0&#8243; _module_preset=&#8221;default&#8221; custom_button=&#8221;on&#8221; button_text_color=&#8221;#FFFFFF&#8221; button_bg_color=&#8221;#670202&#8243; button_border_width=&#8221;0px&#8221; button_use_icon=&#8221;off&#8221; hover_enabled=&#8221;0&#8243; saved_tabs=&#8221;all&#8221; global_colors_info=&#8221;{}&#8221; button_text_size__hover_enabled=&#8221;on|hover&#8221; button_border_width__hover_enabled=&#8221;on|hover&#8221; button_border_width__hover=&#8221;0px&#8221; button_border_radius__hover_enabled=&#8221;on|desktop&#8221; button_border_radius__hover=&#8221;3px&#8221; sticky_enabled=&#8221;0&#8243;][\/et_pb_button][\/et_pb_column][\/et_pb_row][\/et_pb_section][et_pb_section fb_built=&#8221;1&#8243; _builder_version=&#8221;4.19.5&#8243; _module_preset=&#8221;default&#8221; custom_padding=&#8221;5px||7px|||&#8221; border_width_top=&#8221;1px&#8221; global_colors_info=&#8221;{}&#8221;][et_pb_row _builder_version=&#8221;4.20.0&#8243; _module_preset=&#8221;default&#8221; global_colors_info=&#8221;{}&#8221;][et_pb_column type=&#8221;4_4&#8243; _builder_version=&#8221;4.20.0&#8243; _module_preset=&#8221;default&#8221; global_colors_info=&#8221;{}&#8221;][et_pb_text _builder_version=&#8221;4.20.0&#8243; _module_preset=&#8221;default&#8221; text_font=&#8221;|700|||||||&#8221; text_font_size=&#8221;16px&#8221; custom_margin=&#8221;||-5px|||&#8221; hover_enabled=&#8221;0&#8243; global_colors_info=&#8221;{}&#8221; sticky_enabled=&#8221;0&#8243;]<\/p>\n<p style=\"text-align: center;\">P\u00e0gina web creada i finan\u00e7ada amb fons del Kit Digital<\/p>\n<p>[\/et_pb_text][\/et_pb_column][\/et_pb_row][et_pb_row column_structure=&#8221;1_2,1_2&#8243; _builder_version=&#8221;4.19.5&#8243; _module_preset=&#8221;default&#8221; global_colors_info=&#8221;{}&#8221;][et_pb_column type=&#8221;1_2&#8243; _builder_version=&#8221;4.19.5&#8243; _module_preset=&#8221;default&#8221; global_colors_info=&#8221;{}&#8221;][et_pb_image src=&#8221;https:\/\/www.asesoriabaix.es\/wp-content\/uploads\/2023\/03\/financiado-ue.jpg&#8221; alt=&#8221;Financiado por la Uni\u00f3n Europea &#8211; Next Generation EU&#8221; title_text=&#8221;Logotipo de la financiaci\u00f3n de la Uni\u00f3n Europea&#8221; align=&#8221;center&#8221; _builder_version=&#8221;4.20.0&#8243; _module_preset=&#8221;default&#8221; global_colors_info=&#8221;{}&#8221;][\/et_pb_image][\/et_pb_column][et_pb_column type=&#8221;1_2&#8243; _builder_version=&#8221;4.19.5&#8243; _module_preset=&#8221;default&#8221; global_colors_info=&#8221;{}&#8221;][et_pb_image src=&#8221;https:\/\/www.asesoriabaix.es\/wp-content\/uploads\/2023\/03\/planrecuperacion.jpg&#8221; alt=&#8221;Gobierno de Espa\u00f1a, plan de recuperaci\u00f3n, transformaci\u00f3n y resiliencia&#8221; title_text=&#8221;Logotipo plan recuperacion Gobierno de Espa\u00f1a&#8221; align=&#8221;center&#8221; _builder_version=&#8221;4.20.0&#8243; _module_preset=&#8221;default&#8221; global_colors_info=&#8221;{}&#8221;][\/et_pb_image][\/et_pb_column][\/et_pb_row][\/et_pb_section]<\/p>\n","protected":false},"excerpt":{"rendered":"<p>Assessoria Baix Llobregat Assessoria a Cornell\u00e0 &nbsp; Est\u00e0s buscant una assessoria a Cornell\u00e0? A Assessoria Baix som la teva millor opci\u00f3. Comptem amb un equip d&#8217;experts en temes fiscals, comptables i laborals llestos per a brindar-te el suport que necessites. Ja sigui que estiguis buscant assessoria per a la teva empresa o com a aut\u00f2nom, [&hellip;]<\/p>\n","protected":false},"author":3,"featured_media":0,"parent":0,"menu_order":0,"comment_status":"closed","ping_status":"closed","template":"","meta":{"_et_pb_use_builder":"on","_et_pb_old_content":"","_et_gb_content_width":""},"yoast_head":"<!-- This site is optimized with the Yoast SEO plugin v20.2.1 - https:\/\/yoast.com\/wordpress\/plugins\/seo\/ -->\n<title>ASSESSORIA A CORNELL\u00c0 - ASESORIA BAIX<\/title>\n<meta name=\"description\" content=\"Est\u00e0s buscant una assessoria en Cornella? A l&#039;Asesoria Baix som la teva millor opci\u00f3. Comptem amb un equip d&#039;experts en temes fiscals, comptables i laborals llestos per a brindar-te el suport que necessites.\" \/>\n<meta name=\"robots\" content=\"index, follow, max-snippet:-1, max-image-preview:large, max-video-preview:-1\" \/>\n<link rel=\"canonical\" href=\"https:\/\/www.asesoriabaix.es\/ca\/assessoria-a-cornella\/baix-llobregat\/\" \/>\n<meta property=\"og:locale\" content=\"ca_ES\" \/>\n<meta property=\"og:type\" content=\"article\" \/>\n<meta property=\"og:title\" content=\"ASSESSORIA A CORNELL\u00c0 - ASESORIA BAIX\" \/>\n<meta property=\"og:description\" content=\"Est\u00e0s buscant una assessoria en Cornella? A l&#039;Asesoria Baix som la teva millor opci\u00f3. Comptem amb un equip d&#039;experts en temes fiscals, comptables i laborals llestos per a brindar-te el suport que necessites.\" \/>\n<meta property=\"og:url\" content=\"https:\/\/www.asesoriabaix.es\/ca\/assessoria-a-cornella\/baix-llobregat\" \/>\n<meta property=\"og:site_name\" content=\"Baix Asesoramiento y Gesti\u00f3n\" \/>\n<meta property=\"article:modified_time\" content=\"2023-09-19T08:04:42+00:00\" \/>\n<meta name=\"twitter:card\" content=\"summary_large_image\" \/>\n<meta name=\"twitter:label1\" content=\"Temps estimat de lectura\" \/>\n\t<meta name=\"twitter:data1\" content=\"2 minuts\" \/>\n<script type=\"application\/ld+json\" class=\"yoast-schema-graph\">{\"@context\":\"https:\/\/schema.org\",\"@graph\":[{\"@type\":\"WebPage\",\"@id\":\"https:\/\/www.asesoriabaix.es\/ca\/assessoria-a-cornella\/baix-llobregat\",\"url\":\"https:\/\/www.asesoriabaix.es\/ca\/assessoria-a-cornella\/baix-llobregat\",\"name\":\"ASSESSORIA A CORNELL\u00c0 - ASESORIA BAIX\",\"isPartOf\":{\"@id\":\"https:\/\/www.asesoriabaix.es\/ca\/#website\"},\"datePublished\":\"2023-07-12T08:05:40+00:00\",\"dateModified\":\"2023-09-19T08:04:42+00:00\",\"description\":\"Est\u00e0s buscant una assessoria en Cornella? A l'Asesoria Baix som la teva millor opci\u00f3. Comptem amb un equip d'experts en temes fiscals, comptables i laborals llestos per a brindar-te el suport que necessites.\",\"breadcrumb\":{\"@id\":\"https:\/\/www.asesoriabaix.es\/ca\/assessoria-a-cornella\/baix-llobregat#breadcrumb\"},\"inLanguage\":\"ca\",\"potentialAction\":[{\"@type\":\"ReadAction\",\"target\":[\"https:\/\/www.asesoriabaix.es\/ca\/assessoria-a-cornella\/baix-llobregat\"]}]},{\"@type\":\"BreadcrumbList\",\"@id\":\"https:\/\/www.asesoriabaix.es\/ca\/assessoria-a-cornella\/baix-llobregat#breadcrumb\",\"itemListElement\":[{\"@type\":\"ListItem\",\"position\":1,\"name\":\"Portada\",\"item\":\"https:\/\/www.asesoriabaix.es\/ca\/\"},{\"@type\":\"ListItem\",\"position\":2,\"name\":\"Assessoria a Cornell\u00e0\"}]},{\"@type\":\"WebSite\",\"@id\":\"https:\/\/www.asesoriabaix.es\/ca\/#website\",\"url\":\"https:\/\/www.asesoriabaix.es\/ca\/\",\"name\":\"Asesoria Baix Llobregat - BAIX\",\"description\":\"Asesoramiento y gesti\u00f3n\",\"publisher\":{\"@id\":\"https:\/\/www.asesoriabaix.es\/ca\/#organization\"},\"potentialAction\":[{\"@type\":\"SearchAction\",\"target\":{\"@type\":\"EntryPoint\",\"urlTemplate\":\"https:\/\/www.asesoriabaix.es\/ca\/?s={search_term_string}\"},\"query-input\":\"required name=search_term_string\"}],\"inLanguage\":\"ca\"},{\"@type\":\"Organization\",\"@id\":\"https:\/\/www.asesoriabaix.es\/ca\/#organization\",\"name\":\"Baix Asesoramiento Y Gestion SL\",\"url\":\"https:\/\/www.asesoriabaix.es\/ca\/\",\"logo\":{\"@type\":\"ImageObject\",\"inLanguage\":\"ca\",\"@id\":\"https:\/\/www.asesoriabaix.es\/ca\/#\/schema\/logo\/image\/\",\"url\":\"https:\/\/www.asesoriabaix.es\/wp-content\/uploads\/2023\/03\/baix-logo.png\",\"contentUrl\":\"https:\/\/www.asesoriabaix.es\/wp-content\/uploads\/2023\/03\/baix-logo.png\",\"width\":390,\"height\":129,\"caption\":\"Baix Asesoramiento Y Gestion SL\"},\"image\":{\"@id\":\"https:\/\/www.asesoriabaix.es\/ca\/#\/schema\/logo\/image\/\"}}]}<\/script>\n<!-- \/ Yoast SEO plugin. -->","yoast_head_json":{"title":"ASSESSORIA A CORNELL\u00c0 - ASESORIA BAIX","description":"Est\u00e0s buscant una assessoria en Cornella? A l'Asesoria Baix som la teva millor opci\u00f3. Comptem amb un equip d'experts en temes fiscals, comptables i laborals llestos per a brindar-te el suport que necessites.","robots":{"index":"index","follow":"follow","max-snippet":"max-snippet:-1","max-image-preview":"max-image-preview:large","max-video-preview":"max-video-preview:-1"},"canonical":"https:\/\/www.asesoriabaix.es\/ca\/assessoria-a-cornella\/baix-llobregat\/","og_locale":"ca_ES","og_type":"article","og_title":"ASSESSORIA A CORNELL\u00c0 - ASESORIA BAIX","og_description":"Est\u00e0s buscant una assessoria en Cornella? A l'Asesoria Baix som la teva millor opci\u00f3. Comptem amb un equip d'experts en temes fiscals, comptables i laborals llestos per a brindar-te el suport que necessites.","og_url":"https:\/\/www.asesoriabaix.es\/ca\/assessoria-a-cornella\/baix-llobregat","og_site_name":"Baix Asesoramiento y Gesti\u00f3n","article_modified_time":"2023-09-19T08:04:42+00:00","twitter_card":"summary_large_image","twitter_misc":{"Temps estimat de lectura":"2 minuts"},"schema":{"@context":"https:\/\/schema.org","@graph":[{"@type":"WebPage","@id":"https:\/\/www.asesoriabaix.es\/ca\/assessoria-a-cornella\/baix-llobregat","url":"https:\/\/www.asesoriabaix.es\/ca\/assessoria-a-cornella\/baix-llobregat","name":"ASSESSORIA A CORNELL\u00c0 - ASESORIA BAIX","isPartOf":{"@id":"https:\/\/www.asesoriabaix.es\/ca\/#website"},"datePublished":"2023-07-12T08:05:40+00:00","dateModified":"2023-09-19T08:04:42+00:00","description":"Est\u00e0s buscant una assessoria en Cornella? A l'Asesoria Baix som la teva millor opci\u00f3. Comptem amb un equip d'experts en temes fiscals, comptables i laborals llestos per a brindar-te el suport que necessites.","breadcrumb":{"@id":"https:\/\/www.asesoriabaix.es\/ca\/assessoria-a-cornella\/baix-llobregat#breadcrumb"},"inLanguage":"ca","potentialAction":[{"@type":"ReadAction","target":["https:\/\/www.asesoriabaix.es\/ca\/assessoria-a-cornella\/baix-llobregat"]}]},{"@type":"BreadcrumbList","@id":"https:\/\/www.asesoriabaix.es\/ca\/assessoria-a-cornella\/baix-llobregat#breadcrumb","itemListElement":[{"@type":"ListItem","position":1,"name":"Portada","item":"https:\/\/www.asesoriabaix.es\/ca\/"},{"@type":"ListItem","position":2,"name":"Assessoria a Cornell\u00e0"}]},{"@type":"WebSite","@id":"https:\/\/www.asesoriabaix.es\/ca\/#website","url":"https:\/\/www.asesoriabaix.es\/ca\/","name":"Asesoria Baix Llobregat - BAIX","description":"Asesoramiento y gesti\u00f3n","publisher":{"@id":"https:\/\/www.asesoriabaix.es\/ca\/#organization"},"potentialAction":[{"@type":"SearchAction","target":{"@type":"EntryPoint","urlTemplate":"https:\/\/www.asesoriabaix.es\/ca\/?s={search_term_string}"},"query-input":"required name=search_term_string"}],"inLanguage":"ca"},{"@type":"Organization","@id":"https:\/\/www.asesoriabaix.es\/ca\/#organization","name":"Baix Asesoramiento Y Gestion SL","url":"https:\/\/www.asesoriabaix.es\/ca\/","logo":{"@type":"ImageObject","inLanguage":"ca","@id":"https:\/\/www.asesoriabaix.es\/ca\/#\/schema\/logo\/image\/","url":"https:\/\/www.asesoriabaix.es\/wp-content\/uploads\/2023\/03\/baix-logo.png","contentUrl":"https:\/\/www.asesoriabaix.es\/wp-content\/uploads\/2023\/03\/baix-logo.png","width":390,"height":129,"caption":"Baix Asesoramiento Y Gestion SL"},"image":{"@id":"https:\/\/www.asesoriabaix.es\/ca\/#\/schema\/logo\/image\/"}}]}},"_links":{"self":[{"href":"https:\/\/www.asesoriabaix.es\/ca\/wp-json\/wp\/v2\/pages\/2744"}],"collection":[{"href":"https:\/\/www.asesoriabaix.es\/ca\/wp-json\/wp\/v2\/pages"}],"about":[{"href":"https:\/\/www.asesoriabaix.es\/ca\/wp-json\/wp\/v2\/types\/page"}],"author":[{"embeddable":true,"href":"https:\/\/www.asesoriabaix.es\/ca\/wp-json\/wp\/v2\/users\/3"}],"replies":[{"embeddable":true,"href":"https:\/\/www.asesoriabaix.es\/ca\/wp-json\/wp\/v2\/comments?post=2744"}],"version-history":[{"count":11,"href":"https:\/\/www.asesoriabaix.es\/ca\/wp-json\/wp\/v2\/pages\/2744\/revisions"}],"predecessor-version":[{"id":2758,"href":"https:\/\/www.asesoriabaix.es\/ca\/wp-json\/wp\/v2\/pages\/2744\/revisions\/2758"}],"wp:attachment":[{"href":"https:\/\/www.asesoriabaix.es\/ca\/wp-json\/wp\/v2\/media?parent=2744"}],"curies":[{"name":"wp","href":"https:\/\/api.w.org\/{rel}","templated":true}]}}