{"id":2732,"date":"2023-07-12T09:40:35","date_gmt":"2023-07-12T08:40:35","guid":{"rendered":"https:\/\/www.asesoriabaix.es\/asesoria-en-el-baix-llobregat\/"},"modified":"2023-09-19T10:09:35","modified_gmt":"2023-09-19T09:09:35","slug":"assessoria-al-baix-llobregat","status":"publish","type":"page","link":"https:\/\/www.asesoriabaix.es\/ca\/assessoria-al-baix-llobregat\/","title":{"rendered":"Assessoria al Baix Llobregat"},"content":{"rendered":"<p>[et_pb_section fb_built=&#8221;1&#8243; fullwidth=&#8221;on&#8221; _builder_version=&#8221;4.20.0&#8243; _module_preset=&#8221;default&#8221; min_height=&#8221;40%&#8221; global_colors_info=&#8221;{}&#8221;][et_pb_fullwidth_header text_orientation=&#8221;center&#8221; _builder_version=&#8221;4.20.0&#8243; _module_preset=&#8221;default&#8221; title_font_size=&#8221;4em&#8221; background_color=&#8221;#FFFFFF&#8221; background_image=&#8221;https:\/\/www.asesoriabaix.es\/wp-content\/uploads\/2023\/03\/areafiscal.jpg&#8221; min_height=&#8221;500px&#8221; height=&#8221;500px&#8221; max_height=&#8221;500px&#8221; custom_margin=&#8221;0px||||false|false&#8221; custom_padding=&#8221;160px||||false|false&#8221; custom_css_title=&#8221;display: inline-block!important;||background: rgba(21,20,20,0.80);||padding: 0.1em 0.2em;||border-radius: 8px;&#8221; global_colors_info=&#8221;{}&#8221;][\/et_pb_fullwidth_header][\/et_pb_section][et_pb_section fb_built=&#8221;1&#8243; _builder_version=&#8221;4.19.5&#8243; _module_preset=&#8221;default&#8221; global_colors_info=&#8221;{}&#8221;][et_pb_row _builder_version=&#8221;4.19.5&#8243; _module_preset=&#8221;default&#8221; global_colors_info=&#8221;{}&#8221;][et_pb_column type=&#8221;4_4&#8243; _builder_version=&#8221;4.19.5&#8243; _module_preset=&#8221;default&#8221; global_colors_info=&#8221;{}&#8221;][et_pb_text _builder_version=&#8221;4.20.0&#8243; _module_preset=&#8221;default&#8221; text_font_size=&#8221;1.2em&#8221; text_line_height=&#8221;1.8em&#8221; link_font=&#8221;|700|||on||||&#8221; link_text_color=&#8221;#195908&#8243; header_font_size=&#8221;2.4em&#8221; header_2_font_size=&#8221;1.8em&#8221; global_colors_info=&#8221;{}&#8221;]<\/p>\n<h1 style=\"text-align: center;\">Assessoria Baix Llobregat<\/h1>\n<h2 style=\"text-align: center;\">Assessoria al Baix Llobregat<\/h2>\n<h2 style=\"text-align: center;\"><\/h2>\n<p>&nbsp;<\/p>\n<p>Necessites el suport i assessorament de professionals al Baix Llobregat? En Assessoria Baix estem disposats a ajudar-te en tot el que necessitis.<\/p>\n<p>Comptem amb un equip d&#8217;experts altament qualificats que s&#8217;especialitzen en diferents \u00e0rees d&#8217;assessoria. Ja sigui que necessitis assessorament fiscal, laboral, comptable o legal, som aqu\u00ed per a brindar-te tota la informaci\u00f3 i orientaci\u00f3 que necessites per a prendre decisions s\u00f2lides i segures per al teu negoci.<\/p>\n<p>Entenem l&#8217;important que \u00e9s per a tu centrar-te en el teu negoci i no gastar temps i esfor\u00e7 a bregar amb q\u00fcestions burocr\u00e0tiques i legals. Per aix\u00f2, en Assessoria Baix ens encarreguem de totes aquestes tasques per tu, perqu\u00e8 puguis dedicar-te plenament a fer cr\u00e9ixer la teva empresa.<\/p>\n<p>Des de l&#8217;elaboraci\u00f3 i presentaci\u00f3 de declaracions d&#8217;impostos fins a la gesti\u00f3 de n\u00f2mines i l&#8217;assessoria laboral, t&#8217;oferim un servei integral que s&#8217;adapta a les teves necessitats espec\u00edfiques. Ens assegurem que estiguis al dia amb les teves obligacions legals i t&#8217;ajudem a optimitzar els teus recursos per a maximitzar els teus beneficis.<\/p>\n<p>Treballem en estreta col\u00b7laboraci\u00f3 amb tu, escoltant les teves inquietuds i responent a les teves preguntes de manera clara i concisa. El nostre objectiu \u00e9s proporcionar-te tota la informaci\u00f3 necess\u00e0ria perqu\u00e8 puguis prendre decisions informades i estrat\u00e8giques per al teu negoci.<\/p>\n<p>No importa la grand\u00e0ria o l&#8217;etapa de creixement de la teva empresa, en Assessoria Baix som aqu\u00ed per a brindar-te el suport necessari. Ens adaptem a les teves necessitats i t&#8217;oferim solucions personalitzades que t&#8217;ajudaran a aconseguir les teves metes.<\/p>\n<p>No et preocupis pels aspectes burocr\u00e0tics i legals del teu negoci; deixa&#8217;ls a les nostres mans i podr\u00e0s tenir la tranquil\u00b7litat que tot est\u00e0 en ordre. Contacta&#8217;ns avui mateix i descobreix com podem ajudar-te. Estem a la teva disposici\u00f3 per a brindar-te el suport i assessorament que necessites.<\/p>\n<p>[\/et_pb_text][et_pb_button button_url=&#8221;https:\/\/www.asesoriabaix.es\/ca\/contacte\/&#8221; button_text=&#8221;Contacte&#8221; button_alignment=&#8221;center&#8221; _builder_version=&#8221;4.20.0&#8243; _module_preset=&#8221;default&#8221; custom_button=&#8221;on&#8221; button_text_color=&#8221;#FFFFFF&#8221; button_bg_color=&#8221;#670202&#8243; button_border_width=&#8221;0px&#8221; button_use_icon=&#8221;off&#8221; global_colors_info=&#8221;{}&#8221; button_text_size__hover_enabled=&#8221;on|hover&#8221; button_border_width__hover_enabled=&#8221;on|hover&#8221; button_border_width__hover=&#8221;0px&#8221; button_border_radius__hover_enabled=&#8221;on|desktop&#8221; button_border_radius__hover=&#8221;3px&#8221;][\/et_pb_button][\/et_pb_column][\/et_pb_row][\/et_pb_section][et_pb_section fb_built=&#8221;1&#8243; _builder_version=&#8221;4.19.5&#8243; _module_preset=&#8221;default&#8221; custom_padding=&#8221;5px||7px|||&#8221; border_width_top=&#8221;1px&#8221; global_colors_info=&#8221;{}&#8221;][et_pb_row _builder_version=&#8221;4.20.0&#8243; _module_preset=&#8221;default&#8221; global_colors_info=&#8221;{}&#8221;][et_pb_column type=&#8221;4_4&#8243; _builder_version=&#8221;4.20.0&#8243; _module_preset=&#8221;default&#8221; global_colors_info=&#8221;{}&#8221;][et_pb_text _builder_version=&#8221;4.20.0&#8243; _module_preset=&#8221;default&#8221; text_font=&#8221;|700|||||||&#8221; text_font_size=&#8221;16px&#8221; custom_margin=&#8221;||-5px|||&#8221; global_colors_info=&#8221;{}&#8221;]<\/p>\n<p style=\"text-align: center;\">P\u00e0gina web creada i finan\u00e7ada amb fons del Kit Digital<\/p>\n<p>[\/et_pb_text][\/et_pb_column][\/et_pb_row][et_pb_row column_structure=&#8221;1_2,1_2&#8243; _builder_version=&#8221;4.19.5&#8243; _module_preset=&#8221;default&#8221; global_colors_info=&#8221;{}&#8221;][et_pb_column type=&#8221;1_2&#8243; _builder_version=&#8221;4.19.5&#8243; _module_preset=&#8221;default&#8221; global_colors_info=&#8221;{}&#8221;][et_pb_image src=&#8221;https:\/\/www.asesoriabaix.es\/wp-content\/uploads\/2023\/03\/financiado-ue.jpg&#8221; alt=&#8221;Financiado por la Uni\u00f3n Europea &#8211; Next Generation EU&#8221; title_text=&#8221;Logotipo de la financiaci\u00f3n de la Uni\u00f3n Europea&#8221; align=&#8221;center&#8221; _builder_version=&#8221;4.20.0&#8243; _module_preset=&#8221;default&#8221; global_colors_info=&#8221;{}&#8221;][\/et_pb_image][\/et_pb_column][et_pb_column type=&#8221;1_2&#8243; _builder_version=&#8221;4.19.5&#8243; _module_preset=&#8221;default&#8221; global_colors_info=&#8221;{}&#8221;][et_pb_image src=&#8221;https:\/\/www.asesoriabaix.es\/wp-content\/uploads\/2023\/03\/planrecuperacion.jpg&#8221; alt=&#8221;Gobierno de Espa\u00f1a, plan de recuperaci\u00f3n, transformaci\u00f3n y resiliencia&#8221; title_text=&#8221;Logotipo plan recuperacion Gobierno de Espa\u00f1a&#8221; align=&#8221;center&#8221; _builder_version=&#8221;4.20.0&#8243; _module_preset=&#8221;default&#8221; global_colors_info=&#8221;{}&#8221;][\/et_pb_image][\/et_pb_column][\/et_pb_row][\/et_pb_section]<\/p>\n","protected":false},"excerpt":{"rendered":"<p>Assessoria Baix Llobregat Assessoria al Baix Llobregat &nbsp; Necessites el suport i assessorament de professionals al Baix Llobregat? En Assessoria Baix estem disposats a ajudar-te en tot el que necessitis. Comptem amb un equip d&#8217;experts altament qualificats que s&#8217;especialitzen en diferents \u00e0rees d&#8217;assessoria. Ja sigui que necessitis assessorament fiscal, laboral, comptable o legal, som aqu\u00ed [&hellip;]<\/p>\n","protected":false},"author":3,"featured_media":0,"parent":0,"menu_order":0,"comment_status":"closed","ping_status":"closed","template":"","meta":{"_et_pb_use_builder":"on","_et_pb_old_content":"","_et_gb_content_width":""},"yoast_head":"<!-- This site is optimized with the Yoast SEO plugin v20.2.1 - https:\/\/yoast.com\/wordpress\/plugins\/seo\/ -->\n<title>ASSESSORIA BAIX LLOBREGAT- ASESOR\u00cdA BAIX<\/title>\n<meta name=\"description\" content=\"Necessites el suport i assessorament de professionals al Baix Llobregat? A l&#039;Asesor\u00eda Baix estem disposats a ajudar-te en tot el que necessitis.\" \/>\n<meta name=\"robots\" content=\"index, follow, max-snippet:-1, max-image-preview:large, max-video-preview:-1\" \/>\n<link rel=\"canonical\" href=\"https:\/\/www.asesoriabaix.es\/ca\/assessoria-al-baix-llobregat\/\" \/>\n<meta property=\"og:locale\" content=\"ca_ES\" \/>\n<meta property=\"og:type\" content=\"article\" \/>\n<meta property=\"og:title\" content=\"ASSESSORIA BAIX LLOBREGAT- ASESOR\u00cdA BAIX\" \/>\n<meta property=\"og:description\" content=\"Necessites el suport i assessorament de professionals al Baix Llobregat? A l&#039;Asesor\u00eda Baix estem disposats a ajudar-te en tot el que necessitis.\" \/>\n<meta property=\"og:url\" content=\"https:\/\/www.asesoriabaix.es\/ca\/assessoria-al-baix-llobregat\/\" \/>\n<meta property=\"og:site_name\" content=\"Baix Asesoramiento y Gesti\u00f3n\" \/>\n<meta property=\"article:modified_time\" content=\"2023-09-19T09:09:35+00:00\" \/>\n<meta name=\"twitter:card\" content=\"summary_large_image\" \/>\n<meta name=\"twitter:label1\" content=\"Temps estimat de lectura\" \/>\n\t<meta name=\"twitter:data1\" content=\"3 minuts\" \/>\n<script type=\"application\/ld+json\" class=\"yoast-schema-graph\">{\"@context\":\"https:\/\/schema.org\",\"@graph\":[{\"@type\":\"WebPage\",\"@id\":\"https:\/\/www.asesoriabaix.es\/ca\/assessoria-al-baix-llobregat\/\",\"url\":\"https:\/\/www.asesoriabaix.es\/ca\/assessoria-al-baix-llobregat\/\",\"name\":\"ASSESSORIA BAIX LLOBREGAT- ASESOR\u00cdA BAIX\",\"isPartOf\":{\"@id\":\"https:\/\/www.asesoriabaix.es\/ca\/#website\"},\"datePublished\":\"2023-07-12T08:40:35+00:00\",\"dateModified\":\"2023-09-19T09:09:35+00:00\",\"description\":\"Necessites el suport i assessorament de professionals al Baix Llobregat? A l'Asesor\u00eda Baix estem disposats a ajudar-te en tot el que necessitis.\",\"breadcrumb\":{\"@id\":\"https:\/\/www.asesoriabaix.es\/ca\/assessoria-al-baix-llobregat\/#breadcrumb\"},\"inLanguage\":\"ca\",\"potentialAction\":[{\"@type\":\"ReadAction\",\"target\":[\"https:\/\/www.asesoriabaix.es\/ca\/assessoria-al-baix-llobregat\/\"]}]},{\"@type\":\"BreadcrumbList\",\"@id\":\"https:\/\/www.asesoriabaix.es\/ca\/assessoria-al-baix-llobregat\/#breadcrumb\",\"itemListElement\":[{\"@type\":\"ListItem\",\"position\":1,\"name\":\"Portada\",\"item\":\"https:\/\/www.asesoriabaix.es\/ca\/\"},{\"@type\":\"ListItem\",\"position\":2,\"name\":\"Assessoria al Baix Llobregat\"}]},{\"@type\":\"WebSite\",\"@id\":\"https:\/\/www.asesoriabaix.es\/ca\/#website\",\"url\":\"https:\/\/www.asesoriabaix.es\/ca\/\",\"name\":\"Asesoria Baix Llobregat - BAIX\",\"description\":\"Asesoramiento y gesti\u00f3n\",\"publisher\":{\"@id\":\"https:\/\/www.asesoriabaix.es\/ca\/#organization\"},\"potentialAction\":[{\"@type\":\"SearchAction\",\"target\":{\"@type\":\"EntryPoint\",\"urlTemplate\":\"https:\/\/www.asesoriabaix.es\/ca\/?s={search_term_string}\"},\"query-input\":\"required name=search_term_string\"}],\"inLanguage\":\"ca\"},{\"@type\":\"Organization\",\"@id\":\"https:\/\/www.asesoriabaix.es\/ca\/#organization\",\"name\":\"Baix Asesoramiento Y Gestion SL\",\"url\":\"https:\/\/www.asesoriabaix.es\/ca\/\",\"logo\":{\"@type\":\"ImageObject\",\"inLanguage\":\"ca\",\"@id\":\"https:\/\/www.asesoriabaix.es\/ca\/#\/schema\/logo\/image\/\",\"url\":\"https:\/\/www.asesoriabaix.es\/wp-content\/uploads\/2023\/03\/baix-logo.png\",\"contentUrl\":\"https:\/\/www.asesoriabaix.es\/wp-content\/uploads\/2023\/03\/baix-logo.png\",\"width\":390,\"height\":129,\"caption\":\"Baix Asesoramiento Y Gestion SL\"},\"image\":{\"@id\":\"https:\/\/www.asesoriabaix.es\/ca\/#\/schema\/logo\/image\/\"}}]}<\/script>\n<!-- \/ Yoast SEO plugin. -->","yoast_head_json":{"title":"ASSESSORIA BAIX LLOBREGAT- ASESOR\u00cdA BAIX","description":"Necessites el suport i assessorament de professionals al Baix Llobregat? A l'Asesor\u00eda Baix estem disposats a ajudar-te en tot el que necessitis.","robots":{"index":"index","follow":"follow","max-snippet":"max-snippet:-1","max-image-preview":"max-image-preview:large","max-video-preview":"max-video-preview:-1"},"canonical":"https:\/\/www.asesoriabaix.es\/ca\/assessoria-al-baix-llobregat\/","og_locale":"ca_ES","og_type":"article","og_title":"ASSESSORIA BAIX LLOBREGAT- ASESOR\u00cdA BAIX","og_description":"Necessites el suport i assessorament de professionals al Baix Llobregat? A l'Asesor\u00eda Baix estem disposats a ajudar-te en tot el que necessitis.","og_url":"https:\/\/www.asesoriabaix.es\/ca\/assessoria-al-baix-llobregat\/","og_site_name":"Baix Asesoramiento y Gesti\u00f3n","article_modified_time":"2023-09-19T09:09:35+00:00","twitter_card":"summary_large_image","twitter_misc":{"Temps estimat de lectura":"3 minuts"},"schema":{"@context":"https:\/\/schema.org","@graph":[{"@type":"WebPage","@id":"https:\/\/www.asesoriabaix.es\/ca\/assessoria-al-baix-llobregat\/","url":"https:\/\/www.asesoriabaix.es\/ca\/assessoria-al-baix-llobregat\/","name":"ASSESSORIA BAIX LLOBREGAT- ASESOR\u00cdA BAIX","isPartOf":{"@id":"https:\/\/www.asesoriabaix.es\/ca\/#website"},"datePublished":"2023-07-12T08:40:35+00:00","dateModified":"2023-09-19T09:09:35+00:00","description":"Necessites el suport i assessorament de professionals al Baix Llobregat? A l'Asesor\u00eda Baix estem disposats a ajudar-te en tot el que necessitis.","breadcrumb":{"@id":"https:\/\/www.asesoriabaix.es\/ca\/assessoria-al-baix-llobregat\/#breadcrumb"},"inLanguage":"ca","potentialAction":[{"@type":"ReadAction","target":["https:\/\/www.asesoriabaix.es\/ca\/assessoria-al-baix-llobregat\/"]}]},{"@type":"BreadcrumbList","@id":"https:\/\/www.asesoriabaix.es\/ca\/assessoria-al-baix-llobregat\/#breadcrumb","itemListElement":[{"@type":"ListItem","position":1,"name":"Portada","item":"https:\/\/www.asesoriabaix.es\/ca\/"},{"@type":"ListItem","position":2,"name":"Assessoria al Baix Llobregat"}]},{"@type":"WebSite","@id":"https:\/\/www.asesoriabaix.es\/ca\/#website","url":"https:\/\/www.asesoriabaix.es\/ca\/","name":"Asesoria Baix Llobregat - BAIX","description":"Asesoramiento y gesti\u00f3n","publisher":{"@id":"https:\/\/www.asesoriabaix.es\/ca\/#organization"},"potentialAction":[{"@type":"SearchAction","target":{"@type":"EntryPoint","urlTemplate":"https:\/\/www.asesoriabaix.es\/ca\/?s={search_term_string}"},"query-input":"required name=search_term_string"}],"inLanguage":"ca"},{"@type":"Organization","@id":"https:\/\/www.asesoriabaix.es\/ca\/#organization","name":"Baix Asesoramiento Y Gestion SL","url":"https:\/\/www.asesoriabaix.es\/ca\/","logo":{"@type":"ImageObject","inLanguage":"ca","@id":"https:\/\/www.asesoriabaix.es\/ca\/#\/schema\/logo\/image\/","url":"https:\/\/www.asesoriabaix.es\/wp-content\/uploads\/2023\/03\/baix-logo.png","contentUrl":"https:\/\/www.asesoriabaix.es\/wp-content\/uploads\/2023\/03\/baix-logo.png","width":390,"height":129,"caption":"Baix Asesoramiento Y Gestion SL"},"image":{"@id":"https:\/\/www.asesoriabaix.es\/ca\/#\/schema\/logo\/image\/"}}]}},"_links":{"self":[{"href":"https:\/\/www.asesoriabaix.es\/ca\/wp-json\/wp\/v2\/pages\/2732"}],"collection":[{"href":"https:\/\/www.asesoriabaix.es\/ca\/wp-json\/wp\/v2\/pages"}],"about":[{"href":"https:\/\/www.asesoriabaix.es\/ca\/wp-json\/wp\/v2\/types\/page"}],"author":[{"embeddable":true,"href":"https:\/\/www.asesoriabaix.es\/ca\/wp-json\/wp\/v2\/users\/3"}],"replies":[{"embeddable":true,"href":"https:\/\/www.asesoriabaix.es\/ca\/wp-json\/wp\/v2\/comments?post=2732"}],"version-history":[{"count":10,"href":"https:\/\/www.asesoriabaix.es\/ca\/wp-json\/wp\/v2\/pages\/2732\/revisions"}],"predecessor-version":[{"id":2801,"href":"https:\/\/www.asesoriabaix.es\/ca\/wp-json\/wp\/v2\/pages\/2732\/revisions\/2801"}],"wp:attachment":[{"href":"https:\/\/www.asesoriabaix.es\/ca\/wp-json\/wp\/v2\/media?parent=2732"}],"curies":[{"name":"wp","href":"https:\/\/api.w.org\/{rel}","templated":true}]}}