{"id":2559,"date":"2023-03-02T10:17:48","date_gmt":"2023-03-02T09:17:48","guid":{"rendered":"https:\/\/www.asesoriabaix.es\/accesibilidad\/"},"modified":"2023-05-14T17:04:48","modified_gmt":"2023-05-14T16:04:48","slug":"accesibilidad","status":"publish","type":"page","link":"https:\/\/www.asesoriabaix.es\/ca\/accesibilidad\/","title":{"rendered":"Accessibilitat"},"content":{"rendered":"\n<p><strong>Declaraci\u00f3 d&#8217;accessibilitat<\/strong><\/p>\n<p><span style=\"font-weight: 400;\">BAIX Asesoramiento y Gesti\u00f3n S.L. s\u2019ha comprom\u00e8s a fer accessible el seu lloc web de conformitat amb la normativa WCAG 2.1 en mat\u00e8ria d\u2019accessibilitat estructurada segons els annexos de la norma UNE-EN 301 549:2022.<\/span><\/p>\n<p><span style=\"font-weight: 400;\">La present declaraci\u00f3 d\u2019accessibilitat s\u2019aplica a <a href=\"https:\/\/www.asesoriabaix.es\/ca\/\">https:\/\/www.asesoriabaix.es\/<\/a>.<\/span><\/p>\n<p><span style=\"font-weight: 400;\">\u00a0<\/span><\/p>\n<p><b>Situaci\u00f3 de compliment<\/b><\/p>\n<p><span style=\"font-weight: 400;\">Aquest lloc web \u00e9s parcialment conforme amb la normativa WCAG 2.1 en mat\u00e8ria d\u2019accessibilitat estructurada segons els annexos de la norma UNE-EN 301 549:2022 a causa de la manca de conformitat dels aspectes que s\u2019indiquen a continuaci\u00f3.<\/span><\/p>\n<p><span style=\"font-weight: 400;\">\u00a0<\/span><\/p>\n<p><b>Contingut no accessible<\/b><\/p>\n<p><span style=\"font-weight: 400;\">El contingut que es recull a continuaci\u00f3 no \u00e9s accessible pels seg\u00fcents motius:<\/span><\/p>\n<ol>\n<li style=\"font-weight: 400;\" aria-level=\"1\"><span style=\"font-weight: 400;\">Manca de conformitat amb la normativa WCAG 2.1 en mat\u00e8ria d\u2019accessibilitat estructurada segons els annexos de la norma UNE-EN 301 549:2022:\u00a0<\/span><\/li>\n<\/ol>\n<ul>\n<li style=\"font-weight: 400;\" aria-level=\"1\"><span style=\"font-weight: 400;\">Hi ha errades en tant que la informaci\u00f3, estructura i relacions comunicades a trav\u00e9s de la presentaci\u00f3 puguin ser determinades per software o estiguin disponibles com a text [requisit 9.1.3.1 Informaci\u00f3 i relacions (Condicional)]<\/span><\/li>\n<li style=\"font-weight: 400;\" aria-level=\"1\"><span style=\"font-weight: 400;\">No hi ha un mecanisme per a evitar blocs repetitius al web [requisit 9.2.4.1 Evitar blocs (Condicional)]<\/span><\/li>\n<li style=\"font-weight: 400;\" aria-level=\"1\"><span style=\"font-weight: 400;\">Hi ha errades d\u2019accessibilitat sobre la doble AA de la WCAG [requisit 9.6 Requisits de conformitat de les Pautes WCAG 2.1 (Condicional)]<\/span><\/li>\n<\/ul>\n<p><span style=\"font-weight: 400;\">2. C\u00e0rrega desproporcionada: no aplica<\/span><\/p>\n<p><span style=\"font-weight: 400;\">\u00a0<\/span><\/p>\n<p><b>Preparaci\u00f3 de la present declaraci\u00f3 d\u2019accessibilitat<\/b><\/p>\n<p><span style=\"font-weight: 400;\">La present declaraci\u00f3 va ser preparada el 15 de maig de 2023.<\/span><\/p>\n<p><span style=\"font-weight: 400;\">El m\u00e8tode utilitzat per preparar la declaraci\u00f3 ha estat una auditoria interna d&#8217;accessibilitat.<\/span><\/p>\n<p><span style=\"font-weight: 400;\">Darrera revisi\u00f3 de la declaraci\u00f3: 15 de maig de 2023.<\/span><\/p>\n<p><span style=\"font-weight: 400;\">\u00a0<\/span><\/p>\n<p><b>Observacions i dades de contacte<\/b><\/p>\n<p><span style=\"font-weight: 400;\">Es poden realitzar comunicacions sobre requisits d\u2019accessibilitat a trav\u00e9s de la seg\u00fcent b\u00fastia de contacte: <\/span><a href=\"mailto:consultas@asesoriabaix.es\"><span style=\"font-weight: 400;\">consultas@asesoriabaix.es<\/span><\/a><\/p>\n<p><span style=\"font-weight: 400;\">Per exemple:<\/span><\/p>\n<ul>\n<li style=\"font-weight: 400;\" aria-level=\"1\"><span style=\"font-weight: 400;\">Informar sobre qualsevol possible incompliment per part d&#8217;aquest lloc web.<\/span><\/li>\n<li style=\"font-weight: 400;\" aria-level=\"1\"><span style=\"font-weight: 400;\">Fer una reclamaci\u00f3 referent a dificultats d&#8217;acc\u00e9s al contingut d&#8217;aquest lloc web.<\/span><\/li>\n<li style=\"font-weight: 400;\" aria-level=\"1\"><span style=\"font-weight: 400;\">Formular qualsevol altra consulta o suggeriment de millora relativa a l&#8217;accessibilitat del lloc web.<\/span><\/li>\n<\/ul>\n<p>\u00a0<\/p>\n<p>\u00a0<\/p>\n","protected":false},"excerpt":{"rendered":"<p>Declaraci\u00f3 d&#8217;accessibilitat BAIX Asesoramiento y Gesti\u00f3n S.L. s\u2019ha comprom\u00e8s a fer accessible el seu lloc web de conformitat amb la normativa WCAG 2.1 en mat\u00e8ria d\u2019accessibilitat estructurada segons els annexos de la norma UNE-EN 301 549:2022. La present declaraci\u00f3 d\u2019accessibilitat s\u2019aplica a https:\/\/www.asesoriabaix.es\/. \u00a0 Situaci\u00f3 de compliment Aquest lloc web \u00e9s parcialment conforme amb la [&hellip;]<\/p>\n","protected":false},"author":3,"featured_media":0,"parent":0,"menu_order":0,"comment_status":"closed","ping_status":"closed","template":"","meta":{"_et_pb_use_builder":"off","_et_pb_old_content":"","_et_gb_content_width":"1080"},"yoast_head":"<!-- This site is optimized with the Yoast SEO plugin v20.2.1 - https:\/\/yoast.com\/wordpress\/plugins\/seo\/ -->\n<title>Accessibilitat - Assessoria Baix<\/title>\n<meta name=\"robots\" content=\"index, follow, max-snippet:-1, max-image-preview:large, max-video-preview:-1\" \/>\n<link rel=\"canonical\" href=\"https:\/\/www.asesoriabaix.es\/ca\/accesibilidad\/\" \/>\n<meta property=\"og:locale\" content=\"ca_ES\" \/>\n<meta property=\"og:type\" content=\"article\" \/>\n<meta property=\"og:title\" content=\"Accessibilitat - Assessoria Baix\" \/>\n<meta property=\"og:description\" content=\"Declaraci\u00f3 d&#8217;accessibilitat BAIX Asesoramiento y Gesti\u00f3n S.L. s\u2019ha comprom\u00e8s a fer accessible el seu lloc web de conformitat amb la normativa WCAG 2.1 en mat\u00e8ria d\u2019accessibilitat estructurada segons els annexos de la norma UNE-EN 301 549:2022. La present declaraci\u00f3 d\u2019accessibilitat s\u2019aplica a https:\/\/www.asesoriabaix.es\/. \u00a0 Situaci\u00f3 de compliment Aquest lloc web \u00e9s parcialment conforme amb la [&hellip;]\" \/>\n<meta property=\"og:url\" content=\"https:\/\/www.asesoriabaix.es\/ca\/accesibilidad\/\" \/>\n<meta property=\"og:site_name\" content=\"Baix Asesoramiento y Gesti\u00f3n\" \/>\n<meta property=\"article:modified_time\" content=\"2023-05-14T16:04:48+00:00\" \/>\n<meta name=\"twitter:card\" content=\"summary_large_image\" \/>\n<meta name=\"twitter:label1\" content=\"Temps estimat de lectura\" \/>\n\t<meta name=\"twitter:data1\" content=\"2 minuts\" \/>\n<script type=\"application\/ld+json\" class=\"yoast-schema-graph\">{\"@context\":\"https:\/\/schema.org\",\"@graph\":[{\"@type\":\"WebPage\",\"@id\":\"https:\/\/www.asesoriabaix.es\/ca\/accesibilidad\/\",\"url\":\"https:\/\/www.asesoriabaix.es\/ca\/accesibilidad\/\",\"name\":\"Accessibilitat - Assessoria Baix\",\"isPartOf\":{\"@id\":\"https:\/\/www.asesoriabaix.es\/ca\/#website\"},\"datePublished\":\"2023-03-02T09:17:48+00:00\",\"dateModified\":\"2023-05-14T16:04:48+00:00\",\"breadcrumb\":{\"@id\":\"https:\/\/www.asesoriabaix.es\/ca\/accesibilidad\/#breadcrumb\"},\"inLanguage\":\"ca\",\"potentialAction\":[{\"@type\":\"ReadAction\",\"target\":[\"https:\/\/www.asesoriabaix.es\/ca\/accesibilidad\/\"]}]},{\"@type\":\"BreadcrumbList\",\"@id\":\"https:\/\/www.asesoriabaix.es\/ca\/accesibilidad\/#breadcrumb\",\"itemListElement\":[{\"@type\":\"ListItem\",\"position\":1,\"name\":\"Portada\",\"item\":\"https:\/\/www.asesoriabaix.es\/ca\/\"},{\"@type\":\"ListItem\",\"position\":2,\"name\":\"Accessibilitat\"}]},{\"@type\":\"WebSite\",\"@id\":\"https:\/\/www.asesoriabaix.es\/ca\/#website\",\"url\":\"https:\/\/www.asesoriabaix.es\/ca\/\",\"name\":\"Asesoria Baix Llobregat - BAIX\",\"description\":\"Asesoramiento y gesti\u00f3n\",\"publisher\":{\"@id\":\"https:\/\/www.asesoriabaix.es\/ca\/#organization\"},\"potentialAction\":[{\"@type\":\"SearchAction\",\"target\":{\"@type\":\"EntryPoint\",\"urlTemplate\":\"https:\/\/www.asesoriabaix.es\/ca\/?s={search_term_string}\"},\"query-input\":\"required name=search_term_string\"}],\"inLanguage\":\"ca\"},{\"@type\":\"Organization\",\"@id\":\"https:\/\/www.asesoriabaix.es\/ca\/#organization\",\"name\":\"Baix Asesoramiento Y Gestion SL\",\"url\":\"https:\/\/www.asesoriabaix.es\/ca\/\",\"logo\":{\"@type\":\"ImageObject\",\"inLanguage\":\"ca\",\"@id\":\"https:\/\/www.asesoriabaix.es\/ca\/#\/schema\/logo\/image\/\",\"url\":\"https:\/\/www.asesoriabaix.es\/wp-content\/uploads\/2023\/03\/baix-logo.png\",\"contentUrl\":\"https:\/\/www.asesoriabaix.es\/wp-content\/uploads\/2023\/03\/baix-logo.png\",\"width\":390,\"height\":129,\"caption\":\"Baix Asesoramiento Y Gestion SL\"},\"image\":{\"@id\":\"https:\/\/www.asesoriabaix.es\/ca\/#\/schema\/logo\/image\/\"}}]}<\/script>\n<!-- \/ Yoast SEO plugin. -->","yoast_head_json":{"title":"Accessibilitat - Assessoria Baix","robots":{"index":"index","follow":"follow","max-snippet":"max-snippet:-1","max-image-preview":"max-image-preview:large","max-video-preview":"max-video-preview:-1"},"canonical":"https:\/\/www.asesoriabaix.es\/ca\/accesibilidad\/","og_locale":"ca_ES","og_type":"article","og_title":"Accessibilitat - Assessoria Baix","og_description":"Declaraci\u00f3 d&#8217;accessibilitat BAIX Asesoramiento y Gesti\u00f3n S.L. s\u2019ha comprom\u00e8s a fer accessible el seu lloc web de conformitat amb la normativa WCAG 2.1 en mat\u00e8ria d\u2019accessibilitat estructurada segons els annexos de la norma UNE-EN 301 549:2022. La present declaraci\u00f3 d\u2019accessibilitat s\u2019aplica a https:\/\/www.asesoriabaix.es\/. \u00a0 Situaci\u00f3 de compliment Aquest lloc web \u00e9s parcialment conforme amb la [&hellip;]","og_url":"https:\/\/www.asesoriabaix.es\/ca\/accesibilidad\/","og_site_name":"Baix Asesoramiento y Gesti\u00f3n","article_modified_time":"2023-05-14T16:04:48+00:00","twitter_card":"summary_large_image","twitter_misc":{"Temps estimat de lectura":"2 minuts"},"schema":{"@context":"https:\/\/schema.org","@graph":[{"@type":"WebPage","@id":"https:\/\/www.asesoriabaix.es\/ca\/accesibilidad\/","url":"https:\/\/www.asesoriabaix.es\/ca\/accesibilidad\/","name":"Accessibilitat - Assessoria Baix","isPartOf":{"@id":"https:\/\/www.asesoriabaix.es\/ca\/#website"},"datePublished":"2023-03-02T09:17:48+00:00","dateModified":"2023-05-14T16:04:48+00:00","breadcrumb":{"@id":"https:\/\/www.asesoriabaix.es\/ca\/accesibilidad\/#breadcrumb"},"inLanguage":"ca","potentialAction":[{"@type":"ReadAction","target":["https:\/\/www.asesoriabaix.es\/ca\/accesibilidad\/"]}]},{"@type":"BreadcrumbList","@id":"https:\/\/www.asesoriabaix.es\/ca\/accesibilidad\/#breadcrumb","itemListElement":[{"@type":"ListItem","position":1,"name":"Portada","item":"https:\/\/www.asesoriabaix.es\/ca\/"},{"@type":"ListItem","position":2,"name":"Accessibilitat"}]},{"@type":"WebSite","@id":"https:\/\/www.asesoriabaix.es\/ca\/#website","url":"https:\/\/www.asesoriabaix.es\/ca\/","name":"Asesoria Baix Llobregat - BAIX","description":"Asesoramiento y gesti\u00f3n","publisher":{"@id":"https:\/\/www.asesoriabaix.es\/ca\/#organization"},"potentialAction":[{"@type":"SearchAction","target":{"@type":"EntryPoint","urlTemplate":"https:\/\/www.asesoriabaix.es\/ca\/?s={search_term_string}"},"query-input":"required name=search_term_string"}],"inLanguage":"ca"},{"@type":"Organization","@id":"https:\/\/www.asesoriabaix.es\/ca\/#organization","name":"Baix Asesoramiento Y Gestion SL","url":"https:\/\/www.asesoriabaix.es\/ca\/","logo":{"@type":"ImageObject","inLanguage":"ca","@id":"https:\/\/www.asesoriabaix.es\/ca\/#\/schema\/logo\/image\/","url":"https:\/\/www.asesoriabaix.es\/wp-content\/uploads\/2023\/03\/baix-logo.png","contentUrl":"https:\/\/www.asesoriabaix.es\/wp-content\/uploads\/2023\/03\/baix-logo.png","width":390,"height":129,"caption":"Baix Asesoramiento Y Gestion SL"},"image":{"@id":"https:\/\/www.asesoriabaix.es\/ca\/#\/schema\/logo\/image\/"}}]}},"_links":{"self":[{"href":"https:\/\/www.asesoriabaix.es\/ca\/wp-json\/wp\/v2\/pages\/2559"}],"collection":[{"href":"https:\/\/www.asesoriabaix.es\/ca\/wp-json\/wp\/v2\/pages"}],"about":[{"href":"https:\/\/www.asesoriabaix.es\/ca\/wp-json\/wp\/v2\/types\/page"}],"author":[{"embeddable":true,"href":"https:\/\/www.asesoriabaix.es\/ca\/wp-json\/wp\/v2\/users\/3"}],"replies":[{"embeddable":true,"href":"https:\/\/www.asesoriabaix.es\/ca\/wp-json\/wp\/v2\/comments?post=2559"}],"version-history":[{"count":6,"href":"https:\/\/www.asesoriabaix.es\/ca\/wp-json\/wp\/v2\/pages\/2559\/revisions"}],"predecessor-version":[{"id":2636,"href":"https:\/\/www.asesoriabaix.es\/ca\/wp-json\/wp\/v2\/pages\/2559\/revisions\/2636"}],"wp:attachment":[{"href":"https:\/\/www.asesoriabaix.es\/ca\/wp-json\/wp\/v2\/media?parent=2559"}],"curies":[{"name":"wp","href":"https:\/\/api.w.org\/{rel}","templated":true}]}}