{"id":2544,"date":"2019-03-06T13:05:31","date_gmt":"2019-03-06T13:05:31","guid":{"rendered":"https:\/\/www.asesoriabaix.es\/politica-de-privacidad\/"},"modified":"2023-05-15T17:48:26","modified_gmt":"2023-05-15T16:48:26","slug":"politica-de-privacidad","status":"publish","type":"page","link":"https:\/\/www.asesoriabaix.es\/ca\/politica-de-privacidad\/","title":{"rendered":"Pol\u00edtica de Privacitat"},"content":{"rendered":"\n<ol>\n<li><span style=\"font-weight: 400;\"> BAIX ASESORAMIENTO Y GESTION S.L. (en adelante, \u201cAsesoria Baix\u201d), informa a los usuarios que respeta la legislaci\u00f3n vigente en materia de protecci\u00f3n de datos personales, la privacidad de los usuarios y el secreto y seguridad de los datos, adoptando para ello las medidas t\u00e9cnicas y organizativas necesarias para evitar la p\u00e9rdida, mal uso, alteraci\u00f3n, acceso no autorizado y robo de los datos personales facilitados, habida cuenta del estado de la tecnolog\u00eda, la naturaleza de los datos y los riesgos a los que est\u00e1n expuestos.<\/span><\/li>\n<\/ol>\n<p>\u00a0<\/p>\n<ol start=\"2\">\n<li><span style=\"font-weight: 400;\"> Los servicios, acceso a los contenidos y oferta de productos de esta web est\u00e1n exclusivamente dirigidos a mayores de 14 a\u00f1os, por lo que, cualquier persona que entregue sus datos personales, manifiesta tener dicha edad, quedando prohibido el uso de www.asesoriabaix.es y la entrega de datos personales a personas menores de esta edad.<\/span><\/li>\n<\/ol>\n<p>\u00a0<\/p>\n<ol start=\"3\">\n<li><span style=\"font-weight: 400;\"> Asesoria Baix tratar\u00e1 los datos de conformidad con lo establecido en la normativa vigente en Protecci\u00f3n de Datos de Car\u00e1cter Personal, le informamos que sus datos ser\u00e1n incorporados al sistema de tratamiento titularidad de BAIX ASESORAMIENTO Y GESTION S.L.. con CIF B58495474 y domicilio social sito en PASAJE FRANCESC LAYRET, 9-11 LOCAL 4 08940 CORNELLA DE LLOBREGAT (Barcelona), con la finalidad de poder facilitar, agilizar y cumplir con los compromisos establecidos entre ambas partes. En cumplimiento con la normativa vigente, Asesor\u00eda Baix informa que los datos ser\u00e1n conservados durante el plazo estrictamente necesario para cumplir con los preceptos mencionados con anterioridad. Asimismo, le informamos de que trataremos sus datos conforme a la existencia de su consentimiento.<\/span><\/li>\n<\/ol>\n<p><span style=\"font-weight: 400;\">Mientras no nos comunique lo contrario, entenderemos que sus datos no han sido modificados, que usted se compromete a notificarnos cualquier variaci\u00f3n y que tenemos su consentimiento para utilizarlos para las finalidades mencionadas.<\/span><\/p>\n<p><span style=\"font-weight: 400;\">Asesoria Baix informa que proceder\u00e1 a tratar los datos de manera l\u00edcita, leal, transparente, adecuada, pertinente, limitada, exacta y actualizada. Es por ello que Asesoria Baix se compromete a adoptar todas las medidas razonables para que estos se supriman o rectifiquen sin dilaci\u00f3n cuando sean inexactos. De acuerdo con los derechos que le confiere la normativa vigente en protecci\u00f3n de datos podr\u00e1 ejercer los derechos de acceso, rectificaci\u00f3n, limitaci\u00f3n de tratamiento, supresi\u00f3n, portabilidad y oposici\u00f3n al tratamiento de uss datos de car\u00e1cter personal as\u00ed como del consentimiento prestado para el tratamiento de los mismos, dirigiendo su petici\u00f3n a la direcci\u00f3n postal indicada m\u00e1s arriba o al correo electr\u00f3nico consultas@asesoriabaix.es.<\/span><\/p>\n<p><span style=\"font-weight: 400;\">Podr\u00e1 dirigirse a la Autoridad de Control competente para presentar la reclamaci\u00f3n que considere oportuna.\u00a0\u00a0\u00a0<\/span><\/p>\n<p>\u00a0<\/p>\n<ol start=\"4\">\n<li><span style=\"font-weight: 400;\"> Los datos de car\u00e1cter personal que se faciliten en la Web, quedar\u00e1n registrados en un fichero titularidad de Asesoria Baix debidamente declarado e inscrito en el Registro General de Protecci\u00f3n de Datos, con la finalidad de llevar a cabo la prestaci\u00f3n de los servicios ofrecidos, as\u00ed como, para enviar por cualquier medio, incluido el correo electr\u00f3nico, ofertas de productos y servicios de nuestra empresa, mejorar la relaci\u00f3n comercial y gestionar las peticiones realizadas por nuestros clientes.<\/span><\/li>\n<\/ol>\n<p>\u00a0<\/p>\n<ol start=\"5\">\n<li><span style=\"font-weight: 400;\"> El Usuario garantiza que los datos personales facilitados a Asesoria Baix son veraces y se hace responsable de comunicar cualquier modificaci\u00f3n de los mismos para que, en todo momento respondan a su situaci\u00f3n actual.<\/span><\/li>\n<\/ol>\n<p>\u00a0<\/p>\n<ol start=\"6\">\n<li><span style=\"font-weight: 400;\"> Si tiene cualquier duda o comentario sobre la forma en que Asesoria Baix utiliza los datos de sus usuarios, escr\u00edbenos a consultas@asesoriabaix.es<\/span><\/li>\n<\/ol>\n<p>\u00a0<\/p>\n<p><b>Pol\u00edtica de Privacidad Redes Sociales<\/b><\/p>\n<p>\u00a0<\/p>\n<p><span style=\"font-weight: 400;\">De conformidad con lo establecido en la normativa vigente en Protecci\u00f3n de Datos de Car\u00e1cter Personal (RGPD), y la Ley 34\/2002, de 11 de julio, de Servicios de la Sociedad de la Informaci\u00f3n y de Comercio Electr\u00f3nico (LSSI-CE), BAIX ASESORAMIENTO Y GESTION S.L.. (en adelante \u201cAsesoria Baix\u201d) informa a los usuarios, que ha procedido a crear un perfil en las Redes Sociales: Facebook, con la finalidad principal de publicitar sus productos y servicios.<\/span><\/p>\n<p>\u00a0<\/p>\n<p><span style=\"font-weight: 400;\">Datos de BAIX ASESORAMIENTO Y GESTION S.L.:<\/span><\/p>\n<p><span style=\"font-weight: 400;\">CIF: B58495474<\/span><\/p>\n<p><span style=\"font-weight: 400;\">Direcci\u00f3n:\u00a0 PASAJE FRANCESC LAYRET, 9-11 LOCAL 4 08940 CORNELLA DE LLOBREGAT.<\/span><\/p>\n<p><span style=\"font-weight: 400;\">Correo electr\u00f3nico: consultas@asesoriabaix.es<\/span><\/p>\n<p><span style=\"font-weight: 400;\">Dominio web: https:\/\/www.asesoriabaix.es<\/span><\/p>\n<p>\u00a0<\/p>\n<p><span style=\"font-weight: 400;\">El usuario dispone de un perfil en la misma Red Social y ha decidido unirse a la p\u00e1gina creada por Asesoria Baix, mostrando as\u00ed inter\u00e9s en la informaci\u00f3n que se publicite en la Red. Al unirse a nuestra p\u00e1gina, nos facilita su consentimiento para el tratamiento de aquellos datos personales publicados en su perfil.<\/span><\/p>\n<p>\u00a0<\/p>\n<p><span style=\"font-weight: 400;\">El usuario puede acceder en todo momento a las pol\u00edticas de privacidad de la propia Red Social, as\u00ed como configurar su perfil para garantizar su privacidad.<\/span><\/p>\n<p>\u00a0<\/p>\n<p><span style=\"font-weight: 400;\">Asesoria Baix tiene acceso y trata aquella informaci\u00f3n p\u00fablica del usuario, en especial, su nombre de contacto. Estos datos, solo son utilizados dentro de la propia Red Social. No son incorporados a ning\u00fan fichero.<\/span><\/p>\n<p>\u00a0<\/p>\n<p><span style=\"font-weight: 400;\">De acuerdo con los derechos que le confiere la normativa vigente en protecci\u00f3n de Datos de Car\u00e1cter Personal podr\u00e1 ejercer los derechos de acceso, rectificaci\u00f3n, limitaci\u00f3n de tratamiento, supresi\u00f3n, portabilidad y oposici\u00f3n, dirigiendo su petici\u00f3n a la direcci\u00f3n postal indicada m\u00e1s arriba o bien a trav\u00e9s de correo electr\u00f3nico consultas@asesoriabaix.es.<\/span><\/p>\n<p>\u00a0<\/p>\n<p><span style=\"font-weight: 400;\">Asesoria Baix realizar\u00e1 las siguientes actuaciones:<\/span><\/p>\n<p>\u00a0<\/p>\n<p><span style=\"font-weight: 400;\">Acceso a la informaci\u00f3n p\u00fablica del perfil<\/span><\/p>\n<p><span style=\"font-weight: 400;\">Publicaci\u00f3n en el perfil del usuario de toda aquella informaci\u00f3n ya publicada en la p\u00e1gina de Asesoria Baix<\/span><\/p>\n<p><span style=\"font-weight: 400;\">Enviar mensajes personales e individuales a trav\u00e9s de los canales de la Red Social.<\/span><\/p>\n<p><span style=\"font-weight: 400;\">Actualizaciones del estado de la p\u00e1gina que se publicar\u00e1n en el perfil del usuario.<\/span><\/p>\n<p>\u00a0<\/p>\n<p><span style=\"font-weight: 400;\">El usuario siempre puede controlar sus conexiones, eliminar los contenidos que dejen de interesarle y restringir con qui\u00e9n comparte sus conexiones, para ello deber\u00e1 acceder a su configuraci\u00f3n de privacidad.<\/span><\/p>\n<p>\u00a0<\/p>\n<p><span style=\"font-weight: 400;\">Publicaciones<\/span><\/p>\n<p>\u00a0<\/p>\n<p><span style=\"font-weight: 400;\">El usuario una vez unido a la p\u00e1gina de Asesoria Baix, podr\u00e1 publicar en \u00e9sta \u00faltima comentarios, enlaces, im\u00e1genes o fotograf\u00edas o cualquier otro tipo de contenido multimedia soportado por la Red Social. El usuario, en todos los casos debe ser el titular de los mismos, gozar de los derechos de autor y de propiedad intelectual o contar con el consentimiento de los terceros afectados. Se proh\u00edbe expresamente cualquier publicaci\u00f3n en la p\u00e1gina, ya sean textos, gr\u00e1ficos, fotograf\u00edas, videos, etc. que atenten o sean susceptibles de atentar contra la moral, la \u00e9tica, el buen gusto o el decoro, y\/o que infrinjan, violen o quebranten los derechos de propiedad intelectual o industrial, el derecho a la imagen o la Ley. En estos casos Asesoria Baix se reserva el derecho a retirar de inmediato, pudiendo solicitar el bloqueo permanente del usuario.<\/span><\/p>\n<p>\u00a0<\/p>\n<p><span style=\"font-weight: 400;\">Asesoria Baix no se har\u00e1 responsable de los contenidos que libremente ha publicado un usuario. El usuario debe tener presente que sus publicaciones ser\u00e1n conocidas por los otros usuarios, por lo que \u00e9l mismo es el principal responsable de su privacidad. Las im\u00e1genes que puedan publicarse en la p\u00e1gina no ser\u00e1n almacenadas en ning\u00fan fichero por parte de Asesoria Baix, pero s\u00ed que permanecer\u00e1n en la Red Social.<\/span><\/p>\n<p>\u00a0<\/p>\n<p><span style=\"font-weight: 400;\">Concursos y promociones<\/span><\/p>\n<p>\u00a0<\/p>\n<p><span style=\"font-weight: 400;\">Asesoria Baix se reserva el derecho a realizar concursos y promociones, en los que podr\u00e1 participar el usuario unido a su p\u00e1gina. Las bases de cada uno de ellos, cuando se utilice para ello la plataforma de la Red Social, ser\u00e1n publicadas en la misma. Cumpliendo siempre con la LSSI-CE y con cualquier otra norma que le sea de aplicaci\u00f3n. La Red Social no patrocina, avala ni administra, de modo alguno, ninguna de nuestras promociones, ni est\u00e1 asociada a ninguna de ellas.<\/span><\/p>\n<p>\u00a0<\/p>\n<p><span style=\"font-weight: 400;\">Publicidad<\/span><\/p>\n<p>\u00a0<\/p>\n<p><span style=\"font-weight: 400;\">Asesoria Baix utilizar\u00e1 la Red Social para publicitar sus productos y servicios, en todo caso, si decide tratar sus datos de contacto para realizar acciones directas de prospecci\u00f3n comercial, ser\u00e1 siempre, cumpliendo con las exigencias legales de la RGPD y de la LSSI-CE. No se considerar\u00e1 publicidad el hecho de recomendar a otros usuarios la p\u00e1gina de Asesoria Baix para que tambi\u00e9n ellos puedan disfrutar de las promociones o estar informados de su actividad.<\/span><\/p>\n<p>\u00a0<\/p>\n<p><span style=\"font-weight: 400;\">A continuaci\u00f3n detallamos el enlace a la pol\u00edtica de privacidad de la Red Social:<\/span><\/p>\n<p><span style=\"font-weight: 400;\">Facebook: <a href=\"https:\/\/www.facebook.com\/help\/323540651073243\/\">https:\/\/www.facebook.com\/help\/323540651073243\/<\/a><\/span><\/p>\n<p>\u00a0<\/p>\n","protected":false},"excerpt":{"rendered":"<p>BAIX ASESORAMIENTO Y GESTION S.L. (en adelante, \u201cAsesoria Baix\u201d), informa a los usuarios que respeta la legislaci\u00f3n vigente en materia de protecci\u00f3n de datos personales, la privacidad de los usuarios y el secreto y seguridad de los datos, adoptando para ello las medidas t\u00e9cnicas y organizativas necesarias para evitar la p\u00e9rdida, mal uso, alteraci\u00f3n, acceso [&hellip;]<\/p>\n","protected":false},"author":3,"featured_media":0,"parent":0,"menu_order":0,"comment_status":"closed","ping_status":"closed","template":"","meta":{"_et_pb_use_builder":"","_et_pb_old_content":"","_et_gb_content_width":"1080"},"yoast_head":"<!-- This site is optimized with the Yoast SEO plugin v20.2.1 - https:\/\/yoast.com\/wordpress\/plugins\/seo\/ -->\n<title>Pol\u00edtica de Privacitat - Baix Asesoramiento y Gesti\u00f3n<\/title>\n<meta name=\"robots\" content=\"index, follow, max-snippet:-1, max-image-preview:large, max-video-preview:-1\" \/>\n<link rel=\"canonical\" href=\"https:\/\/www.asesoriabaix.es\/ca\/politica-de-privacidad\/\" \/>\n<meta property=\"og:locale\" content=\"ca_ES\" \/>\n<meta property=\"og:type\" content=\"article\" \/>\n<meta property=\"og:title\" content=\"Pol\u00edtica de Privacitat - Baix Asesoramiento y Gesti\u00f3n\" \/>\n<meta property=\"og:description\" content=\"BAIX ASESORAMIENTO Y GESTION S.L. (en adelante, \u201cAsesoria Baix\u201d), informa a los usuarios que respeta la legislaci\u00f3n vigente en materia de protecci\u00f3n de datos personales, la privacidad de los usuarios y el secreto y seguridad de los datos, adoptando para ello las medidas t\u00e9cnicas y organizativas necesarias para evitar la p\u00e9rdida, mal uso, alteraci\u00f3n, acceso [&hellip;]\" \/>\n<meta property=\"og:url\" content=\"https:\/\/www.asesoriabaix.es\/ca\/politica-de-privacidad\/\" \/>\n<meta property=\"og:site_name\" content=\"Baix Asesoramiento y Gesti\u00f3n\" \/>\n<meta property=\"article:modified_time\" content=\"2023-05-15T16:48:26+00:00\" \/>\n<meta name=\"twitter:card\" content=\"summary_large_image\" \/>\n<meta name=\"twitter:label1\" content=\"Temps estimat de lectura\" \/>\n\t<meta name=\"twitter:data1\" content=\"6 minuts\" \/>\n<script type=\"application\/ld+json\" class=\"yoast-schema-graph\">{\"@context\":\"https:\/\/schema.org\",\"@graph\":[{\"@type\":\"WebPage\",\"@id\":\"https:\/\/www.asesoriabaix.es\/ca\/politica-de-privacidad\/\",\"url\":\"https:\/\/www.asesoriabaix.es\/ca\/politica-de-privacidad\/\",\"name\":\"Pol\u00edtica de Privacitat - Baix Asesoramiento y Gesti\u00f3n\",\"isPartOf\":{\"@id\":\"https:\/\/www.asesoriabaix.es\/ca\/#website\"},\"datePublished\":\"2019-03-06T13:05:31+00:00\",\"dateModified\":\"2023-05-15T16:48:26+00:00\",\"breadcrumb\":{\"@id\":\"https:\/\/www.asesoriabaix.es\/ca\/politica-de-privacidad\/#breadcrumb\"},\"inLanguage\":\"ca\",\"potentialAction\":[{\"@type\":\"ReadAction\",\"target\":[\"https:\/\/www.asesoriabaix.es\/ca\/politica-de-privacidad\/\"]}]},{\"@type\":\"BreadcrumbList\",\"@id\":\"https:\/\/www.asesoriabaix.es\/ca\/politica-de-privacidad\/#breadcrumb\",\"itemListElement\":[{\"@type\":\"ListItem\",\"position\":1,\"name\":\"Portada\",\"item\":\"https:\/\/www.asesoriabaix.es\/ca\/\"},{\"@type\":\"ListItem\",\"position\":2,\"name\":\"Pol\u00edtica de Privacitat\"}]},{\"@type\":\"WebSite\",\"@id\":\"https:\/\/www.asesoriabaix.es\/ca\/#website\",\"url\":\"https:\/\/www.asesoriabaix.es\/ca\/\",\"name\":\"Asesoria Baix Llobregat - BAIX\",\"description\":\"Asesoramiento y gesti\u00f3n\",\"publisher\":{\"@id\":\"https:\/\/www.asesoriabaix.es\/ca\/#organization\"},\"potentialAction\":[{\"@type\":\"SearchAction\",\"target\":{\"@type\":\"EntryPoint\",\"urlTemplate\":\"https:\/\/www.asesoriabaix.es\/ca\/?s={search_term_string}\"},\"query-input\":\"required name=search_term_string\"}],\"inLanguage\":\"ca\"},{\"@type\":\"Organization\",\"@id\":\"https:\/\/www.asesoriabaix.es\/ca\/#organization\",\"name\":\"Baix Asesoramiento Y Gestion SL\",\"url\":\"https:\/\/www.asesoriabaix.es\/ca\/\",\"logo\":{\"@type\":\"ImageObject\",\"inLanguage\":\"ca\",\"@id\":\"https:\/\/www.asesoriabaix.es\/ca\/#\/schema\/logo\/image\/\",\"url\":\"https:\/\/www.asesoriabaix.es\/wp-content\/uploads\/2023\/03\/baix-logo.png\",\"contentUrl\":\"https:\/\/www.asesoriabaix.es\/wp-content\/uploads\/2023\/03\/baix-logo.png\",\"width\":390,\"height\":129,\"caption\":\"Baix Asesoramiento Y Gestion SL\"},\"image\":{\"@id\":\"https:\/\/www.asesoriabaix.es\/ca\/#\/schema\/logo\/image\/\"}}]}<\/script>\n<!-- \/ Yoast SEO plugin. -->","yoast_head_json":{"title":"Pol\u00edtica de Privacitat - Baix Asesoramiento y Gesti\u00f3n","robots":{"index":"index","follow":"follow","max-snippet":"max-snippet:-1","max-image-preview":"max-image-preview:large","max-video-preview":"max-video-preview:-1"},"canonical":"https:\/\/www.asesoriabaix.es\/ca\/politica-de-privacidad\/","og_locale":"ca_ES","og_type":"article","og_title":"Pol\u00edtica de Privacitat - Baix Asesoramiento y Gesti\u00f3n","og_description":"BAIX ASESORAMIENTO Y GESTION S.L. (en adelante, \u201cAsesoria Baix\u201d), informa a los usuarios que respeta la legislaci\u00f3n vigente en materia de protecci\u00f3n de datos personales, la privacidad de los usuarios y el secreto y seguridad de los datos, adoptando para ello las medidas t\u00e9cnicas y organizativas necesarias para evitar la p\u00e9rdida, mal uso, alteraci\u00f3n, acceso [&hellip;]","og_url":"https:\/\/www.asesoriabaix.es\/ca\/politica-de-privacidad\/","og_site_name":"Baix Asesoramiento y Gesti\u00f3n","article_modified_time":"2023-05-15T16:48:26+00:00","twitter_card":"summary_large_image","twitter_misc":{"Temps estimat de lectura":"6 minuts"},"schema":{"@context":"https:\/\/schema.org","@graph":[{"@type":"WebPage","@id":"https:\/\/www.asesoriabaix.es\/ca\/politica-de-privacidad\/","url":"https:\/\/www.asesoriabaix.es\/ca\/politica-de-privacidad\/","name":"Pol\u00edtica de Privacitat - Baix Asesoramiento y Gesti\u00f3n","isPartOf":{"@id":"https:\/\/www.asesoriabaix.es\/ca\/#website"},"datePublished":"2019-03-06T13:05:31+00:00","dateModified":"2023-05-15T16:48:26+00:00","breadcrumb":{"@id":"https:\/\/www.asesoriabaix.es\/ca\/politica-de-privacidad\/#breadcrumb"},"inLanguage":"ca","potentialAction":[{"@type":"ReadAction","target":["https:\/\/www.asesoriabaix.es\/ca\/politica-de-privacidad\/"]}]},{"@type":"BreadcrumbList","@id":"https:\/\/www.asesoriabaix.es\/ca\/politica-de-privacidad\/#breadcrumb","itemListElement":[{"@type":"ListItem","position":1,"name":"Portada","item":"https:\/\/www.asesoriabaix.es\/ca\/"},{"@type":"ListItem","position":2,"name":"Pol\u00edtica de Privacitat"}]},{"@type":"WebSite","@id":"https:\/\/www.asesoriabaix.es\/ca\/#website","url":"https:\/\/www.asesoriabaix.es\/ca\/","name":"Asesoria Baix Llobregat - BAIX","description":"Asesoramiento y gesti\u00f3n","publisher":{"@id":"https:\/\/www.asesoriabaix.es\/ca\/#organization"},"potentialAction":[{"@type":"SearchAction","target":{"@type":"EntryPoint","urlTemplate":"https:\/\/www.asesoriabaix.es\/ca\/?s={search_term_string}"},"query-input":"required name=search_term_string"}],"inLanguage":"ca"},{"@type":"Organization","@id":"https:\/\/www.asesoriabaix.es\/ca\/#organization","name":"Baix Asesoramiento Y Gestion SL","url":"https:\/\/www.asesoriabaix.es\/ca\/","logo":{"@type":"ImageObject","inLanguage":"ca","@id":"https:\/\/www.asesoriabaix.es\/ca\/#\/schema\/logo\/image\/","url":"https:\/\/www.asesoriabaix.es\/wp-content\/uploads\/2023\/03\/baix-logo.png","contentUrl":"https:\/\/www.asesoriabaix.es\/wp-content\/uploads\/2023\/03\/baix-logo.png","width":390,"height":129,"caption":"Baix Asesoramiento Y Gestion SL"},"image":{"@id":"https:\/\/www.asesoriabaix.es\/ca\/#\/schema\/logo\/image\/"}}]}},"_links":{"self":[{"href":"https:\/\/www.asesoriabaix.es\/ca\/wp-json\/wp\/v2\/pages\/2544"}],"collection":[{"href":"https:\/\/www.asesoriabaix.es\/ca\/wp-json\/wp\/v2\/pages"}],"about":[{"href":"https:\/\/www.asesoriabaix.es\/ca\/wp-json\/wp\/v2\/types\/page"}],"author":[{"embeddable":true,"href":"https:\/\/www.asesoriabaix.es\/ca\/wp-json\/wp\/v2\/users\/3"}],"replies":[{"embeddable":true,"href":"https:\/\/www.asesoriabaix.es\/ca\/wp-json\/wp\/v2\/comments?post=2544"}],"version-history":[{"count":3,"href":"https:\/\/www.asesoriabaix.es\/ca\/wp-json\/wp\/v2\/pages\/2544\/revisions"}],"predecessor-version":[{"id":2612,"href":"https:\/\/www.asesoriabaix.es\/ca\/wp-json\/wp\/v2\/pages\/2544\/revisions\/2612"}],"wp:attachment":[{"href":"https:\/\/www.asesoriabaix.es\/ca\/wp-json\/wp\/v2\/media?parent=2544"}],"curies":[{"name":"wp","href":"https:\/\/api.w.org\/{rel}","templated":true}]}}