{"id":2517,"date":"2019-03-06T13:05:31","date_gmt":"2019-03-06T13:05:31","guid":{"rendered":"https:\/\/www.asesoriabaix.es\/aviso-legal\/"},"modified":"2023-05-15T17:49:26","modified_gmt":"2023-05-15T16:49:26","slug":"aviso-legal","status":"publish","type":"page","link":"https:\/\/www.asesoriabaix.es\/ca\/aviso-legal\/","title":{"rendered":"Av\u00eds Legal"},"content":{"rendered":"\n<ol>\n<li><b> En cumplimiento del art\u00edculo 10 de la Ley 34\/2002, de 11 de julio, de Servicios de la Sociedad de la Informaci\u00f3n y Comercio Electr\u00f3nico (en adelante LSSI), pasamos a indicar:<\/b><\/li>\n<\/ol>\n<p><span style=\"font-weight: 400;\">Titular de la p\u00e1gina web: <\/span><span style=\"font-weight: 400;\">BAIX ASESORAMIENTO Y GESTION S.L.<\/span><span style=\"font-weight: 400;\"> (en adelante \u201cAsesoria Baix\u201d).<\/span><\/p>\n<p><span style=\"font-weight: 400;\">Direcci\u00f3n: <\/span><span style=\"font-weight: 400;\">PASAJE FRANCESC LAYRET, 9-11 LOCAL 4, CORNELLA DE LLOBREGAT\u00a0<\/span><\/p>\n<p><span style=\"font-weight: 400;\">CP: 08940<\/span><\/p>\n<p><span style=\"font-weight: 400;\">CIF: <\/span><span style=\"font-weight: 400;\">B58495474<\/span><\/p>\n<p><span style=\"font-weight: 400;\">consultas@asesoriabaix.es<\/span><\/p>\n<ol start=\"2\">\n<li><b> Propiedad intelectual y responsabilidad sobre los contenidos.<\/b><\/li>\n<li><span style=\"font-weight: 400;\"> Queda prohibido cualquier uso de todos los contenidos de la p\u00e1gina web de <\/span><b>Asesoria Baix<\/b><span style=\"font-weight: 400;\">, concretamente sobre los textos, dise\u00f1o, obras, marcas, logotipos, c\u00f3digo fuente y cualquier otro susceptible de protecci\u00f3n, sin la autorizaci\u00f3n expresa de sus titulares, salvo la posibilidad de compartir contenidos cuando <\/span><b>Asesoria Baix<\/b><span style=\"font-weight: 400;\"> as\u00ed lo autorice.<\/span><\/li>\n<\/ol>\n<p><span style=\"font-weight: 400;\">Cualquier uso no permitido ser\u00e1 debidamente perseguido por los leg\u00edtimos propietarios. Igualmente, todos los nombres comerciales, marcas o signos distintivos de cualquier clase contenidos en la p\u00e1gina web de <\/span><b>Asesoria Baix<\/b><span style=\"font-weight: 400;\"> est\u00e1n protegidos por la ley.<\/span><\/p>\n<ol start=\"2\">\n<li><b>Asesoria Baix<\/b><span style=\"font-weight: 400;\"> no se hace responsable de los contenidos a los que se dirigen los enlaces ubicados en la p\u00e1gina web, en su caso, seg\u00fan lo establecido en el art\u00edculo 17 de la LSSI.<\/span><\/li>\n<li><b>Asesoria Baix<\/b><span style=\"font-weight: 400;\"> no concede ning\u00fan tipo de licencia o autorizaci\u00f3n de uso personal al Usuario sobre sus derechos de propiedad intelectual e industrial o sobre cualquier otro derecho relacionado con la p\u00e1gina web titularidad de <\/span><b>Asesoria Baix<\/b><span style=\"font-weight: 400;\"> y los servicios ofrecidos en la misma.<\/span><\/li>\n<\/ol>\n<p><span style=\"font-weight: 400;\">Por ello, el Usuario reconoce que la reproducci\u00f3n, distribuci\u00f3n, comercializaci\u00f3n, transformaci\u00f3n, y en general, cualquier otra forma de explotaci\u00f3n, por cualquier procedimiento, de todo o parte de los contenidos de esta p\u00e1gina web constituye una infracci\u00f3n de los derechos de propiedad intelectual y \/o industrial de <\/span><b>Asesoria Baix<\/b><span style=\"font-weight: 400;\"> o del titular de los mismos, pudiendo dar lugar al ejercicio por parte de <\/span><b>Asesoria Baix<\/b><span style=\"font-weight: 400;\"> de todas las acciones judiciales o extrajudiciales que pudieran corresponder en ejercicio de sus derechos.<\/span><\/p>\n<p><span style=\"font-weight: 400;\">Asimismo, la informaci\u00f3n a la que el cliente puede acceder a trav\u00e9s de la p\u00e1gina web de <\/span><b>Asesoria Baix<\/b><span style=\"font-weight: 400;\">, puede estar protegida por derechos de propiedad industrial, intelectual o de otra \u00edndole. En consecuencia <\/span><b>Asesoria Baix<\/b><span style=\"font-weight: 400;\"> no ser\u00e1 responsable en ning\u00fan caso y bajo ning\u00fan concepto de las infracciones que pueda cometer el Usuario en relaci\u00f3n con estos derechos.<\/span><\/p>\n<ol start=\"3\">\n<li><b> Legislaci\u00f3n aplicable y jurisdicci\u00f3n competente.<\/b><\/li>\n<\/ol>\n<p><span style=\"font-weight: 400;\">La presente pol\u00edtica legal queda sujeta a lo establecido en las leyes espa\u00f1olas. Para cualquier conflicto derivado de la interpretaci\u00f3n de las mismas, las partes se someten a la jurisdicci\u00f3n de los Tribunales de la ciudad de Barcelona, \u200b\u200bsiempre que ello no sea contrario a lo dispuesto en el art\u00edculo 29 de la LSSI.<\/span><\/p>\n<ol start=\"4\">\n<li><b> Condiciones de uso.<\/b><\/li>\n<\/ol>\n<p><span style=\"font-weight: 400;\">El Usuario se compromete a utilizar la p\u00e1gina web, los contenidos y servicios de conformidad con la Ley, el presente Aviso Legal, las buenas costumbres y el orden p\u00fablico. Del mismo modo, el Usuario se obliga a no utilizar la p\u00e1gina web, sus contenidos o servicios que se presten a trav\u00e9s de \u00e9sta con fines o efectos il\u00edcitos, siendo contrarios a esta pol\u00edtica legal, o lesivos de intereses o derechos de terceros, o que de cualquier otra forma, pueda da\u00f1ar, inutilizar, hacer inaccesibles o deteriorar la p\u00e1gina web, sus contenidos o sus servicios o impedir un normal uso de la misma por parte de otros usuarios.<\/span><\/p>\n<p><span style=\"font-weight: 400;\">Asimismo, el Usuario se compromete expresamente a no destruir, alterar, inutilizar o, de cualquier otra forma, da\u00f1ar los datos, programas o documentos electr\u00f3nicos que se encuentren en la p\u00e1gina web.<\/span><\/p>\n<ol start=\"5\">\n<li><b> Condiciones particulares.<\/b><\/li>\n<\/ol>\n<p><span style=\"font-weight: 400;\">Este Aviso Legal es de aplicaci\u00f3n para cualquier Usuario que acceda a la p\u00e1gina web titularidad de <\/span><b>Asesoria Baix<\/b><span style=\"font-weight: 400;\">.<\/span><\/p>\n<p><span style=\"font-weight: 400;\">Los usuarios que entreguen sus datos personales para cualquiera de las funcionalidades de la p\u00e1gina web de <\/span><b>Asesoria Baix<\/b><span style=\"font-weight: 400;\">, deber\u00e1n aceptar la<\/span><b> Pol\u00edtica de Privacidad: <\/b><a href=\"https:\/\/www.asesoriabaix.es\/ca\/politica-de-privacidad\/\"><b>https:\/\/www.asesoriabaix.es\/politica-de-privacidad\/<\/b><\/a><\/p>\n<p>\u00a0<\/p>\n<p>\u00a0<\/p>\n","protected":false},"excerpt":{"rendered":"<p>En cumplimiento del art\u00edculo 10 de la Ley 34\/2002, de 11 de julio, de Servicios de la Sociedad de la Informaci\u00f3n y Comercio Electr\u00f3nico (en adelante LSSI), pasamos a indicar: Titular de la p\u00e1gina web: BAIX ASESORAMIENTO Y GESTION S.L. (en adelante \u201cAsesoria Baix\u201d). Direcci\u00f3n: PASAJE FRANCESC LAYRET, 9-11 LOCAL 4, CORNELLA DE LLOBREGAT\u00a0 CP: [&hellip;]<\/p>\n","protected":false},"author":3,"featured_media":0,"parent":0,"menu_order":0,"comment_status":"closed","ping_status":"closed","template":"","meta":{"_et_pb_use_builder":"off","_et_pb_old_content":"","_et_gb_content_width":"1080"},"yoast_head":"<!-- This site is optimized with the Yoast SEO plugin v20.2.1 - https:\/\/yoast.com\/wordpress\/plugins\/seo\/ -->\n<title>Av\u00eds Legal - Baix Asesoramiento y Gesti\u00f3n<\/title>\n<meta name=\"robots\" content=\"index, follow, max-snippet:-1, max-image-preview:large, max-video-preview:-1\" \/>\n<link rel=\"canonical\" href=\"https:\/\/www.asesoriabaix.es\/ca\/aviso-legal\/\" \/>\n<meta property=\"og:locale\" content=\"ca_ES\" \/>\n<meta property=\"og:type\" content=\"article\" \/>\n<meta property=\"og:title\" content=\"Av\u00eds Legal - Baix Asesoramiento y Gesti\u00f3n\" \/>\n<meta property=\"og:description\" content=\"En cumplimiento del art\u00edculo 10 de la Ley 34\/2002, de 11 de julio, de Servicios de la Sociedad de la Informaci\u00f3n y Comercio Electr\u00f3nico (en adelante LSSI), pasamos a indicar: Titular de la p\u00e1gina web: BAIX ASESORAMIENTO Y GESTION S.L. (en adelante \u201cAsesoria Baix\u201d). Direcci\u00f3n: PASAJE FRANCESC LAYRET, 9-11 LOCAL 4, CORNELLA DE LLOBREGAT\u00a0 CP: [&hellip;]\" \/>\n<meta property=\"og:url\" content=\"https:\/\/www.asesoriabaix.es\/ca\/aviso-legal\/\" \/>\n<meta property=\"og:site_name\" content=\"Baix Asesoramiento y Gesti\u00f3n\" \/>\n<meta property=\"article:modified_time\" content=\"2023-05-15T16:49:26+00:00\" \/>\n<meta name=\"twitter:card\" content=\"summary_large_image\" \/>\n<meta name=\"twitter:label1\" content=\"Temps estimat de lectura\" \/>\n\t<meta name=\"twitter:data1\" content=\"3 minuts\" \/>\n<script type=\"application\/ld+json\" class=\"yoast-schema-graph\">{\"@context\":\"https:\/\/schema.org\",\"@graph\":[{\"@type\":\"WebPage\",\"@id\":\"https:\/\/www.asesoriabaix.es\/ca\/aviso-legal\/\",\"url\":\"https:\/\/www.asesoriabaix.es\/ca\/aviso-legal\/\",\"name\":\"Av\u00eds Legal - Baix Asesoramiento y Gesti\u00f3n\",\"isPartOf\":{\"@id\":\"https:\/\/www.asesoriabaix.es\/ca\/#website\"},\"datePublished\":\"2019-03-06T13:05:31+00:00\",\"dateModified\":\"2023-05-15T16:49:26+00:00\",\"breadcrumb\":{\"@id\":\"https:\/\/www.asesoriabaix.es\/ca\/aviso-legal\/#breadcrumb\"},\"inLanguage\":\"ca\",\"potentialAction\":[{\"@type\":\"ReadAction\",\"target\":[\"https:\/\/www.asesoriabaix.es\/ca\/aviso-legal\/\"]}]},{\"@type\":\"BreadcrumbList\",\"@id\":\"https:\/\/www.asesoriabaix.es\/ca\/aviso-legal\/#breadcrumb\",\"itemListElement\":[{\"@type\":\"ListItem\",\"position\":1,\"name\":\"Portada\",\"item\":\"https:\/\/www.asesoriabaix.es\/ca\/\"},{\"@type\":\"ListItem\",\"position\":2,\"name\":\"Av\u00eds Legal\"}]},{\"@type\":\"WebSite\",\"@id\":\"https:\/\/www.asesoriabaix.es\/ca\/#website\",\"url\":\"https:\/\/www.asesoriabaix.es\/ca\/\",\"name\":\"Asesoria Baix Llobregat - BAIX\",\"description\":\"Asesoramiento y gesti\u00f3n\",\"publisher\":{\"@id\":\"https:\/\/www.asesoriabaix.es\/ca\/#organization\"},\"potentialAction\":[{\"@type\":\"SearchAction\",\"target\":{\"@type\":\"EntryPoint\",\"urlTemplate\":\"https:\/\/www.asesoriabaix.es\/ca\/?s={search_term_string}\"},\"query-input\":\"required name=search_term_string\"}],\"inLanguage\":\"ca\"},{\"@type\":\"Organization\",\"@id\":\"https:\/\/www.asesoriabaix.es\/ca\/#organization\",\"name\":\"Baix Asesoramiento Y Gestion SL\",\"url\":\"https:\/\/www.asesoriabaix.es\/ca\/\",\"logo\":{\"@type\":\"ImageObject\",\"inLanguage\":\"ca\",\"@id\":\"https:\/\/www.asesoriabaix.es\/ca\/#\/schema\/logo\/image\/\",\"url\":\"https:\/\/www.asesoriabaix.es\/wp-content\/uploads\/2023\/03\/baix-logo.png\",\"contentUrl\":\"https:\/\/www.asesoriabaix.es\/wp-content\/uploads\/2023\/03\/baix-logo.png\",\"width\":390,\"height\":129,\"caption\":\"Baix Asesoramiento Y Gestion SL\"},\"image\":{\"@id\":\"https:\/\/www.asesoriabaix.es\/ca\/#\/schema\/logo\/image\/\"}}]}<\/script>\n<!-- \/ Yoast SEO plugin. -->","yoast_head_json":{"title":"Av\u00eds Legal - Baix Asesoramiento y Gesti\u00f3n","robots":{"index":"index","follow":"follow","max-snippet":"max-snippet:-1","max-image-preview":"max-image-preview:large","max-video-preview":"max-video-preview:-1"},"canonical":"https:\/\/www.asesoriabaix.es\/ca\/aviso-legal\/","og_locale":"ca_ES","og_type":"article","og_title":"Av\u00eds Legal - Baix Asesoramiento y Gesti\u00f3n","og_description":"En cumplimiento del art\u00edculo 10 de la Ley 34\/2002, de 11 de julio, de Servicios de la Sociedad de la Informaci\u00f3n y Comercio Electr\u00f3nico (en adelante LSSI), pasamos a indicar: Titular de la p\u00e1gina web: BAIX ASESORAMIENTO Y GESTION S.L. (en adelante \u201cAsesoria Baix\u201d). Direcci\u00f3n: PASAJE FRANCESC LAYRET, 9-11 LOCAL 4, CORNELLA DE LLOBREGAT\u00a0 CP: [&hellip;]","og_url":"https:\/\/www.asesoriabaix.es\/ca\/aviso-legal\/","og_site_name":"Baix Asesoramiento y Gesti\u00f3n","article_modified_time":"2023-05-15T16:49:26+00:00","twitter_card":"summary_large_image","twitter_misc":{"Temps estimat de lectura":"3 minuts"},"schema":{"@context":"https:\/\/schema.org","@graph":[{"@type":"WebPage","@id":"https:\/\/www.asesoriabaix.es\/ca\/aviso-legal\/","url":"https:\/\/www.asesoriabaix.es\/ca\/aviso-legal\/","name":"Av\u00eds Legal - Baix Asesoramiento y Gesti\u00f3n","isPartOf":{"@id":"https:\/\/www.asesoriabaix.es\/ca\/#website"},"datePublished":"2019-03-06T13:05:31+00:00","dateModified":"2023-05-15T16:49:26+00:00","breadcrumb":{"@id":"https:\/\/www.asesoriabaix.es\/ca\/aviso-legal\/#breadcrumb"},"inLanguage":"ca","potentialAction":[{"@type":"ReadAction","target":["https:\/\/www.asesoriabaix.es\/ca\/aviso-legal\/"]}]},{"@type":"BreadcrumbList","@id":"https:\/\/www.asesoriabaix.es\/ca\/aviso-legal\/#breadcrumb","itemListElement":[{"@type":"ListItem","position":1,"name":"Portada","item":"https:\/\/www.asesoriabaix.es\/ca\/"},{"@type":"ListItem","position":2,"name":"Av\u00eds Legal"}]},{"@type":"WebSite","@id":"https:\/\/www.asesoriabaix.es\/ca\/#website","url":"https:\/\/www.asesoriabaix.es\/ca\/","name":"Asesoria Baix Llobregat - BAIX","description":"Asesoramiento y gesti\u00f3n","publisher":{"@id":"https:\/\/www.asesoriabaix.es\/ca\/#organization"},"potentialAction":[{"@type":"SearchAction","target":{"@type":"EntryPoint","urlTemplate":"https:\/\/www.asesoriabaix.es\/ca\/?s={search_term_string}"},"query-input":"required name=search_term_string"}],"inLanguage":"ca"},{"@type":"Organization","@id":"https:\/\/www.asesoriabaix.es\/ca\/#organization","name":"Baix Asesoramiento Y Gestion SL","url":"https:\/\/www.asesoriabaix.es\/ca\/","logo":{"@type":"ImageObject","inLanguage":"ca","@id":"https:\/\/www.asesoriabaix.es\/ca\/#\/schema\/logo\/image\/","url":"https:\/\/www.asesoriabaix.es\/wp-content\/uploads\/2023\/03\/baix-logo.png","contentUrl":"https:\/\/www.asesoriabaix.es\/wp-content\/uploads\/2023\/03\/baix-logo.png","width":390,"height":129,"caption":"Baix Asesoramiento Y Gestion SL"},"image":{"@id":"https:\/\/www.asesoriabaix.es\/ca\/#\/schema\/logo\/image\/"}}]}},"_links":{"self":[{"href":"https:\/\/www.asesoriabaix.es\/ca\/wp-json\/wp\/v2\/pages\/2517"}],"collection":[{"href":"https:\/\/www.asesoriabaix.es\/ca\/wp-json\/wp\/v2\/pages"}],"about":[{"href":"https:\/\/www.asesoriabaix.es\/ca\/wp-json\/wp\/v2\/types\/page"}],"author":[{"embeddable":true,"href":"https:\/\/www.asesoriabaix.es\/ca\/wp-json\/wp\/v2\/users\/3"}],"replies":[{"embeddable":true,"href":"https:\/\/www.asesoriabaix.es\/ca\/wp-json\/wp\/v2\/comments?post=2517"}],"version-history":[{"count":4,"href":"https:\/\/www.asesoriabaix.es\/ca\/wp-json\/wp\/v2\/pages\/2517\/revisions"}],"predecessor-version":[{"id":2634,"href":"https:\/\/www.asesoriabaix.es\/ca\/wp-json\/wp\/v2\/pages\/2517\/revisions\/2634"}],"wp:attachment":[{"href":"https:\/\/www.asesoriabaix.es\/ca\/wp-json\/wp\/v2\/media?parent=2517"}],"curies":[{"name":"wp","href":"https:\/\/api.w.org\/{rel}","templated":true}]}}